{"id":5863,"date":"2018-02-26T09:31:20","date_gmt":"2018-02-26T09:31:20","guid":{"rendered":"https:\/\/toprisesafety.com\/product\/pvc-traffic-cones\/"},"modified":"2024-11-11T07:54:29","modified_gmt":"2024-11-11T07:54:29","slug":"pvc-traffic-cones","status":"publish","type":"product","link":"https:\/\/toprisesafety.com\/it\/prodotto\/pvc-traffic-cones\/","title":{"rendered":"Cono stradale in PVC rosso"},"content":{"rendered":"<p><strong>Cono stradale in PVC rosso<\/strong><\/p>\n<p>Il cono stradale in PVC rosso pu\u00f2 essere ruotato e premuto a 180 gradi. Pu\u00f2 anche ripristinarsi quando la sua parte superiore tocca il pavimento, con un'elevata flessibilit\u00e0 contro il passaggio e l'impatto delle auto. Grazie alla buona resistenza agli agenti atmosferici, non si deforma a temperature elevate di 65\u00b0C e non si screpola a basse temperature di -30\u00b0C. Altamente riflettente, con buoni effetti di segnalazione sia di giorno che di notte, anti-UV, resistente all'invecchiamento e durevole. Questo cono stradale ha un profilo largo per garantire la stabilit\u00e0. Il cono \u00e8 stampato a iniezione con base nera.<\/p>\n<p><strong>Caratteristiche:\u00a0<\/strong><\/p>\n<ul>\n<li style=\"list-style-type: none;\">\n<ul>\n<li>Realizzato in materiale PVC di alta qualit\u00e0<\/li>\n<\/ul>\n<\/li>\n<\/ul>\n<ul>\n<li style=\"list-style-type: none;\">\n<ul>\n<li>\u00c8 resistente al sole, all'acqua, al calore, al freddo, all'abrasione, al colore e cos\u00ec via.<\/li>\n<\/ul>\n<\/li>\n<\/ul>\n<ul>\n<li style=\"list-style-type: none;\">\n<ul>\n<li>Il colore rosso del cono e la manica bianca riflettente sono di grande impatto.<\/li>\n<\/ul>\n<\/li>\n<\/ul>\n<ul>\n<li style=\"list-style-type: none;\">\n<ul>\n<li>Di notte, pu\u00f2 riflettere la luce abbagliante e far s\u00ec che il conducente veda chiaramente.<\/li>\n<\/ul>\n<\/li>\n<\/ul>\n<ul>\n<li style=\"list-style-type: none;\">\n<ul>\n<li>Viene utilizzato per l'attraversamento di strade, la manutenzione di autostrade, hotel, quartieri residenziali, zone pericolose, cantieri e cos\u00ec via.<\/li>\n<\/ul>\n<\/li>\n<\/ul>\n<h2><strong>Specifiche del PVC rosso per il traffico:\u00a0<\/strong><\/h2>\n<table>\n<tbody>\n<tr>\n<td width=\"94\">Art No.<\/td>\n<td width=\"94\">TC02-30<\/td>\n<td width=\"94\">TC02-45<\/td>\n<td width=\"94\">TC02-70<\/td>\n<td width=\"94\">TC02-90<\/td>\n<td width=\"94\">TC02-90<\/td>\n<\/tr>\n<tr>\n<td width=\"94\">Altezza<\/td>\n<td width=\"94\">30CM<\/td>\n<td width=\"94\">45 CM<\/td>\n<td width=\"94\">70CM<\/td>\n<td width=\"94\">90CM<\/td>\n<td width=\"94\">90CM<\/td>\n<\/tr>\n<tr>\n<td width=\"94\">Dimensione della base<\/td>\n<td width=\"94\">21*21CM<\/td>\n<td width=\"94\">28*28CM<\/td>\n<td width=\"94\">35*35CM<\/td>\n<td width=\"94\">36*36CM<\/td>\n<td width=\"94\">36*36CM<\/td>\n<\/tr>\n<tr>\n<td width=\"94\">Peso<\/td>\n<td width=\"94\">0,6 KG<\/td>\n<td width=\"94\">1,1 KG<\/td>\n<td width=\"94\">2,3 KG<\/td>\n<td width=\"94\">3,4KGS<\/td>\n<td width=\"94\">4,3 KG<\/td>\n<\/tr>\n<tr>\n<td width=\"94\">Dimensioni del nastro riflettente<\/td>\n<td width=\"94\">10CM una barra<\/td>\n<td width=\"94\">15CM una barra<\/td>\n<td width=\"94\">Barra 10+15CM<\/td>\n<td width=\"94\">Barra 10+15CM<\/td>\n<td width=\"94\">Barra 10+15CM<\/td>\n<\/tr>\n<tr>\n<td width=\"94\">Imballaggio<\/td>\n<td width=\"94\">20PCS\/BORSA NIT<\/td>\n<td width=\"94\">20PCS\/BORSA NIT<\/td>\n<td width=\"94\">10PCS\/BORSA NIT<\/td>\n<td width=\"94\">5PCS\/BORSA DA VIAGGIO<\/td>\n<td width=\"94\">5PCS\/BORSA DA VIAGGIO<\/td>\n<\/tr>\n<\/tbody>\n<\/table>","protected":false},"excerpt":{"rendered":"<p>Codice articolo: TC02-30\/45\/70\/90<\/p>\n<p>Dimensioni: 30CM\/45CM\/70CM\/90CM<\/p>\n<p>Colore: rosso<\/p>\n<p>MOQ: 500PCS<\/p>","protected":false},"featured_media":5864,"template":"","meta":{"_acf_changed":false},"product_brand":[],"product_cat":[325],"product_tag":[174],"class_list":{"0":"post-5863","1":"product","2":"type-product","3":"status-publish","4":"has-post-thumbnail","6":"product_cat-road-safety-products","7":"product_tag-red-pvc-traffic-cone","9":"first","10":"instock","11":"product-type-simple"},"acf":[],"_links":{"self":[{"href":"https:\/\/toprisesafety.com\/it\/wp-json\/wp\/v2\/product\/5863"}],"collection":[{"href":"https:\/\/toprisesafety.com\/it\/wp-json\/wp\/v2\/product"}],"about":[{"href":"https:\/\/toprisesafety.com\/it\/wp-json\/wp\/v2\/types\/product"}],"wp:featuredmedia":[{"embeddable":true,"href":"https:\/\/toprisesafety.com\/it\/wp-json\/wp\/v2\/media\/5864"}],"wp:attachment":[{"href":"https:\/\/toprisesafety.com\/it\/wp-json\/wp\/v2\/media?parent=5863"}],"wp:term":[{"taxonomy":"product_brand","embeddable":true,"href":"https:\/\/toprisesafety.com\/it\/wp-json\/wp\/v2\/product_brand?post=5863"},{"taxonomy":"product_cat","embeddable":true,"href":"https:\/\/toprisesafety.com\/it\/wp-json\/wp\/v2\/product_cat?post=5863"},{"taxonomy":"product_tag","embeddable":true,"href":"https:\/\/toprisesafety.com\/it\/wp-json\/wp\/v2\/product_tag?post=5863"}],"curies":[{"name":"wp","href":"https:\/\/api.w.org\/{rel}","templated":true}]}}