{"id":5783,"date":"2024-06-17T07:27:24","date_gmt":"2024-06-17T07:27:24","guid":{"rendered":"https:\/\/toprisesafety.com\/product\/outdoor-pp-plastic-basketball-suspended-interlocking-sport-court-floor-tiles\/"},"modified":"2024-11-11T07:35:12","modified_gmt":"2024-11-11T07:35:12","slug":"outdoor-pp-plastic-basketball-suspended-interlocking-sport-court-floor-tiles","status":"publish","type":"product","link":"https:\/\/toprisesafety.com\/it\/prodotto\/outdoor-pp-plastic-basketball-suspended-interlocking-sport-court-floor-tiles\/","title":{"rendered":"Piastrelle per campi sportivi ad incastro"},"content":{"rendered":"<h2 class=\"wp-block-heading\">Piastrelle per campi sportivi ad incastro<\/h2><figure class=\"wp-block-table\">\r\n<table>\r\n<tbody>\r\n<tr>\r\n<td>NOME ARTICOLO\u00a0<\/td>\r\n<td>Piastrelle in plastica ad incastro<\/td>\r\n<\/tr>\r\n<tr>\r\n<td>DIMENSIONE\u00a0<\/td>\r\n<td>30,5*30,5 cm\u00a0<\/td>\r\n<\/tr>\r\n<tr>\r\n<td>Colore<\/td>\r\n<td>Blu, arancione, verde, rosso, viola, grigio\u00a0<\/td>\r\n<\/tr>\r\n<tr>\r\n<td>PESO\u00a0<\/td>\r\n<td>290g\/pc<\/td>\r\n<\/tr>\r\n<\/tbody>\r\n<\/table>\r\n<\/figure><ul class=\"wp-block-list\">\r\n<li>PIASTRELLE IN PLASTICA PP AD INCASTRO<\/li>\r\n<li>SOLUZIONE PERFETTA PER IL RESURFACING: Deck Tile \u00e8 l'alternativa perfetta ed economica per il rifacimento di superfici usurate intorno alla piscina, al patio, al giardino o a una vecchia terrazza. Ottimo anche per l'uso in interni, nelle stanze del fango e negli scantinati!<\/li>\r\n<li>DUREVOLE E COSTRUITO PER DURARE: questo prodotto \u00e8 stato progettato per resistere a un'ampia esposizione ai raggi UV, a un elevato traffico pedonale e all'acqua. Il design a drenaggio libero consente all'acqua di defluire e asciugarsi rapidamente.<\/li>\r\n<li>INSTALLAZIONE RAPIDA E FACILE: le piastrelle modulari Deck Tile sono facili da installare. Le piastrelle ad incastro si incastrano semplicemente tra loro, senza bisogno di attrezzi o colle, e offrono un aspetto di alto livello con un'eccezionale protezione del pavimento.<\/li>\r\n<li>AUTODREGANTE E ANTISCIVOLO: queste piastrelle sono progettate per creare il massimo flusso d'aria e drenaggio per il pavimento. Il design a drenaggio libero consente all'acqua di defluire rapidamente, mentre la superficie antiscivolo aggiunge un livello di trazione per evitare di scivolare.<\/li>\r\n<li>FACILE DA PULIRE: Deck Tile richiede poca manutenzione ed \u00e8 facile da pulire. \u00c8 sufficiente spruzzare le piastrelle con un tubo e il design autodrenante permetter\u00e0 alla superficie di asciugarsi rapidamente, eliminando i problemi di acqua stagnante.<\/li>\r\n<\/ul>","protected":false},"excerpt":{"rendered":"<ul>\n<li>PP plastica interblocco piastrelle basket sospeso interblocco campo sportivo pavimento piastrelle<\/li>\n<li>ART NO.:  IT305<\/li>\n<li>Materiale: Plastica PP<\/li>\n<li>Dimensioni: 30,5 *30,5 cm<\/li>\n<li>Peso: 290 G\/PC<\/li>\n<li>Colore: blu, arancione, verde, rosso, viola, grigio \u00a0<\/li>\n<\/ul>","protected":false},"featured_media":5784,"template":"","meta":{"_acf_changed":false},"product_brand":[],"product_cat":[318],"product_tag":[114],"class_list":{"0":"post-5783","1":"product","2":"type-product","3":"status-publish","4":"has-post-thumbnail","6":"product_cat-interlocking-floor-tiles","7":"product_tag-interlocking-floor-tiles","9":"first","10":"instock","11":"product-type-simple"},"acf":[],"_links":{"self":[{"href":"https:\/\/toprisesafety.com\/it\/wp-json\/wp\/v2\/product\/5783"}],"collection":[{"href":"https:\/\/toprisesafety.com\/it\/wp-json\/wp\/v2\/product"}],"about":[{"href":"https:\/\/toprisesafety.com\/it\/wp-json\/wp\/v2\/types\/product"}],"wp:featuredmedia":[{"embeddable":true,"href":"https:\/\/toprisesafety.com\/it\/wp-json\/wp\/v2\/media\/5784"}],"wp:attachment":[{"href":"https:\/\/toprisesafety.com\/it\/wp-json\/wp\/v2\/media?parent=5783"}],"wp:term":[{"taxonomy":"product_brand","embeddable":true,"href":"https:\/\/toprisesafety.com\/it\/wp-json\/wp\/v2\/product_brand?post=5783"},{"taxonomy":"product_cat","embeddable":true,"href":"https:\/\/toprisesafety.com\/it\/wp-json\/wp\/v2\/product_cat?post=5783"},{"taxonomy":"product_tag","embeddable":true,"href":"https:\/\/toprisesafety.com\/it\/wp-json\/wp\/v2\/product_tag?post=5783"}],"curies":[{"name":"wp","href":"https:\/\/api.w.org\/{rel}","templated":true}]}}