{"id":14052,"date":"2025-07-23T06:58:25","date_gmt":"2025-07-23T06:58:25","guid":{"rendered":"https:\/\/toprisesafety.com\/?post_type=product&#038;p=14052"},"modified":"2025-07-23T06:58:36","modified_gmt":"2025-07-23T06:58:36","slug":"fiberglass-fire-retardant-tarp","status":"publish","type":"product","link":"https:\/\/toprisesafety.com\/it\/prodotto\/fiberglass-fire-retardant-tarp\/","title":{"rendered":"Telo ignifugo in fibra di vetro"},"content":{"rendered":"<h1>Telo ignifugo in fibra di vetro<\/h1>\n<h2 data-start=\"106\" data-end=\"149\">\u2705 <strong data-start=\"112\" data-end=\"149\">Che cos'\u00e8 il telo ignifugo in fibra di vetro?<\/strong><\/h2>\n<p data-start=\"151\" data-end=\"572\"><strong data-start=\"151\" data-end=\"179\">Telo ignifugo in fibra di vetro<\/strong>\u00a0\u00e8 un tessuto composito ad alte prestazioni realizzato rivestendo la rete in fibra di vetro con cloruro di polivinile (PVC). Questa struttura combina la resistenza al calore e la forza della fibra di vetro con la flessibilit\u00e0, l'impermeabilit\u00e0 e la resistenza chimica del PVC. Il risultato \u00e8 un telone in grado di resistere a temperature estreme, al fuoco e ad ambienti industriali difficili, mantenendo al contempo durata e stabilit\u00e0.<\/p>\n<hr data-start=\"574\" data-end=\"577\" \/>\n<h2 data-start=\"579\" data-end=\"630\">\ud83d\udccc <strong data-start=\"586\" data-end=\"630\">Applicazioni del telo ignifugo in fibra di vetro<\/strong><\/h2>\n<ol data-start=\"632\" data-end=\"1673\">\n<li data-start=\"632\" data-end=\"792\">\n<p data-start=\"635\" data-end=\"792\"><strong data-start=\"635\" data-end=\"682\">Tende per saldatura e barriere antincendio<\/strong><br data-start=\"682\" data-end=\"685\" \/>Ideale per schermare le attrezzature e il personale da scintille, spruzzi e calore nelle aree di saldatura e taglio.<\/p>\n<\/li>\n<li data-start=\"794\" data-end=\"926\">\n<p data-start=\"797\" data-end=\"926\"><strong data-start=\"797\" data-end=\"834\">Coperture industriali per l'isolamento termico<\/strong><br data-start=\"834\" data-end=\"837\" \/>Utilizzato per avvolgere tubi, condotti, caldaie o macchinari che operano a temperature elevate.<\/p>\n<\/li>\n<li data-start=\"928\" data-end=\"1088\">\n<p data-start=\"931\" data-end=\"1088\"><strong data-start=\"931\" data-end=\"963\">Barriere di sicurezza per l'edilizia<\/strong><br data-start=\"963\" data-end=\"966\" \/>Installato nei cantieri dove la resistenza al fuoco e la robustezza sono fondamentali, soprattutto nei grattacieli o nelle aree confinate.<\/p>\n<\/li>\n<li data-start=\"1090\" data-end=\"1216\">\n<p data-start=\"1093\" data-end=\"1216\"><strong data-start=\"1093\" data-end=\"1126\">Strutture elettriche e di potenza<\/strong><br data-start=\"1126\" data-end=\"1129\" \/>Servono come coperte isolanti o coperture protettive nelle sottostazioni e negli impianti energetici.<\/p>\n<\/li>\n<li data-start=\"1218\" data-end=\"1386\">\n<p data-start=\"1221\" data-end=\"1386\"><strong data-start=\"1221\" data-end=\"1264\">Materiali per tende e ripari resistenti al fuoco<\/strong><br data-start=\"1264\" data-end=\"1267\" \/>Utilizzato nei rifugi di emergenza, nelle applicazioni militari o nelle zone pericolose che richiedono ritenzione di fiamma e durata.<\/p>\n<\/li>\n<li data-start=\"1388\" data-end=\"1520\">\n<p data-start=\"1391\" data-end=\"1520\"><strong data-start=\"1391\" data-end=\"1419\">Coperture per attrezzature da esterno<\/strong><br data-start=\"1419\" data-end=\"1422\" \/>Protegge le attrezzature industriali, i veicoli e i materiali esposti a calore, sostanze chimiche e agenti atmosferici.<\/p>\n<\/li>\n<li data-start=\"1522\" data-end=\"1673\">\n<p data-start=\"1525\" data-end=\"1673\"><strong data-start=\"1525\" data-end=\"1562\">Partizione di impianti e laboratori chimici<\/strong><br data-start=\"1562\" data-end=\"1565\" \/>Funge da divisorio o da tenda nei laboratori chimici o negli impianti in cui \u00e8 comune l'esposizione a sostanze corrosive.<\/p>\n<\/li>\n<\/ol>\n<h2><\/h2>\n<div style=\"width: 720px;\" class=\"wp-video\"><!--[if lt IE 9]><script>document.createElement('video');<\/script><![endif]-->\n<video class=\"wp-video-shortcode\" id=\"video-14052-1\" width=\"720\" height=\"1280\" preload=\"metadata\" controls=\"controls\"><source type=\"video\/mp4\" src=\"https:\/\/toprisesafety.com\/wp-content\/uploads\/2025\/07\/SOwm63sYTPjXschDzwH.mp4?_=1\" \/><a href=\"https:\/\/toprisesafety.com\/wp-content\/uploads\/2025\/07\/SOwm63sYTPjXschDzwH.mp4\">https:\/\/toprisesafety.com\/wp-content\/uploads\/2025\/07\/SOwm63sYTPjXschDzwH.mp4<\/a><\/video><\/div>\n<h2><strong><b>Telone ignifugo in fibra di vetro <\/b><\/strong><strong><b>Specifiche del materiale<\/b><\/strong><\/h2>\n<table>\n<tbody>\n<tr>\n<td width=\"210\">Peso (g\/mq)<\/td>\n<td width=\"192\">Spessore<\/td>\n<td width=\"192\">Colori disponibili<\/td>\n<\/tr>\n<tr>\n<td width=\"210\">400<\/td>\n<td width=\"192\">0,23-0,25 mm<\/td>\n<td width=\"192\">Verde<\/td>\n<\/tr>\n<\/tbody>\n<\/table>\n<h2><strong><b>\u00a0<\/b><\/strong><\/h2>\n<h2><strong><b>Telone ignifugo in fibra di vetro <\/b><\/strong><strong><b>Tabella di riferimento delle dimensioni standard ed effettive (m)<\/b><\/strong><\/h2>\n<p>&nbsp;<\/p>\n<table>\n<tbody>\n<tr>\n<td width=\"96\">Dimensione standard<\/td>\n<td width=\"96\">Dimensioni effettive<\/td>\n<td width=\"96\">Dimensione standard<\/td>\n<td width=\"96\">Dimensioni effettive<\/td>\n<td width=\"96\">Dimensione standard<\/td>\n<td width=\"96\">Dimensioni effettive<\/td>\n<\/tr>\n<tr>\n<td width=\"96\">1,5x2m<\/td>\n<td width=\"96\">1.35\u00d71.85m<\/td>\n<td width=\"96\">3x6m<\/td>\n<td width=\"96\">2.85\u00d75.8m<\/td>\n<td width=\"96\">6x6m<\/td>\n<td width=\"96\">5.75\u00d75.8m<\/td>\n<\/tr>\n<tr>\n<td width=\"96\">1.5\u00d72.5m<\/td>\n<td width=\"96\">1.35\u00d72.35m<\/td>\n<td width=\"96\">4,5x4m<\/td>\n<td width=\"96\">4.25\u00d73.8m<\/td>\n<td width=\"96\">6x8m<\/td>\n<td width=\"96\">5.75\u00d77.8m<\/td>\n<\/tr>\n<tr>\n<td width=\"96\">1,5x3m<\/td>\n<td width=\"96\">1.35\u00d72.85m<\/td>\n<td width=\"96\">4,5x5m<\/td>\n<td width=\"96\">4.25\u00d74.8m<\/td>\n<td width=\"96\">6x10m<\/td>\n<td width=\"96\">5.75\u00d79.8m<\/td>\n<\/tr>\n<tr>\n<td width=\"96\">1,5x4m<\/td>\n<td width=\"96\">1.35\u00d73.85m<\/td>\n<td width=\"96\">4,5x6m<\/td>\n<td width=\"96\">4.25\u00d75.8m<\/td>\n<td width=\"96\">7,5x10 m<\/td>\n<td width=\"96\">7.2\u00d79.8m<\/td>\n<\/tr>\n<tr>\n<td width=\"96\">2x3m<\/td>\n<td width=\"96\">1.85\u00d72.85m<\/td>\n<td width=\"96\">4,5x7m<\/td>\n<td width=\"96\">4.25\u00d76.8m<\/td>\n<td width=\"96\">7,5x12 m<\/td>\n<td width=\"96\">7.2\u00d711.7m<\/td>\n<\/tr>\n<tr>\n<td width=\"96\">3x3m<\/td>\n<td width=\"96\">2.85\u00d72.85m<\/td>\n<td width=\"96\">4,5x10 m<\/td>\n<td width=\"96\">4.25\u00d79.8m<\/td>\n<td width=\"96\">9x12m<\/td>\n<td width=\"96\">8.7\u00d711.7m<\/td>\n<\/tr>\n<tr>\n<td width=\"96\">3x4m<\/td>\n<td width=\"96\">2.85\u00d73.85m<\/td>\n<td width=\"96\">5.8\u00d74.8m<\/td>\n<td width=\"96\"><\/td>\n<td width=\"96\">12x10m<\/td>\n<td width=\"96\">11.55\u00d79.7m<\/td>\n<\/tr>\n<tr>\n<td width=\"96\">3x5m<\/td>\n<td width=\"96\">2.8\u00d74.8m<\/td>\n<td width=\"96\">6x5m<\/td>\n<td width=\"96\"><\/td>\n<td width=\"96\">12x12m<\/td>\n<td width=\"96\">11.55\u00d711.7m<\/td>\n<\/tr>\n<\/tbody>\n<\/table>\n<p>Se avete esigenze di dimensioni e design particolari, <a href=\"https:\/\/toprisesafety.com\/it\/contact-us\/\">contattateci<\/a> liberamente.<\/p>\n<p>Siamo in grado di produrre appositamente il telo.<\/p>","protected":false},"excerpt":{"rendered":"<p><strong><b>Art No.<\/b><\/strong>: FPT03<\/p>\n<p><strong><b>Materiale<\/b><\/strong>: Fibra di vetro PVC<\/p>\n<p><strong><b>Colore<\/b><\/strong>: Verde<\/p>\n<p><strong><b>Peso<\/b><\/strong>: 400 g\/m\u00b2.<\/p>\n<p><strong><b>Spessore: 0,23-0,25<\/b><\/strong>\u00a0mm<\/p>\n<p><strong><b>Dimensione<\/b><\/strong>Vedi foglio di dimensioni qui sotto o come requisito del cliente<\/p>","protected":false},"featured_media":14054,"template":"","meta":{"_acf_changed":false},"product_brand":[],"product_cat":[319],"product_tag":[],"class_list":{"0":"post-14052","1":"product","2":"type-product","3":"status-publish","4":"has-post-thumbnail","6":"product_cat-tarpaulin","8":"first","9":"instock","10":"shipping-taxable","11":"product-type-simple"},"acf":[],"_links":{"self":[{"href":"https:\/\/toprisesafety.com\/it\/wp-json\/wp\/v2\/product\/14052"}],"collection":[{"href":"https:\/\/toprisesafety.com\/it\/wp-json\/wp\/v2\/product"}],"about":[{"href":"https:\/\/toprisesafety.com\/it\/wp-json\/wp\/v2\/types\/product"}],"wp:featuredmedia":[{"embeddable":true,"href":"https:\/\/toprisesafety.com\/it\/wp-json\/wp\/v2\/media\/14054"}],"wp:attachment":[{"href":"https:\/\/toprisesafety.com\/it\/wp-json\/wp\/v2\/media?parent=14052"}],"wp:term":[{"taxonomy":"product_brand","embeddable":true,"href":"https:\/\/toprisesafety.com\/it\/wp-json\/wp\/v2\/product_brand?post=14052"},{"taxonomy":"product_cat","embeddable":true,"href":"https:\/\/toprisesafety.com\/it\/wp-json\/wp\/v2\/product_cat?post=14052"},{"taxonomy":"product_tag","embeddable":true,"href":"https:\/\/toprisesafety.com\/it\/wp-json\/wp\/v2\/product_tag?post=14052"}],"curies":[{"name":"wp","href":"https:\/\/api.w.org\/{rel}","templated":true}]}}