{"id":14032,"date":"2025-07-23T05:06:57","date_gmt":"2025-07-23T05:06:57","guid":{"rendered":"https:\/\/toprisesafety.com\/?post_type=product&#038;p=14032"},"modified":"2025-07-23T05:06:58","modified_gmt":"2025-07-23T05:06:58","slug":"pvc-tarpaulin","status":"publish","type":"product","link":"https:\/\/toprisesafety.com\/it\/prodotto\/pvc-tarpaulin\/","title":{"rendered":"Telone in PVC"},"content":{"rendered":"<h1 data-start=\"109\" data-end=\"434\">Telone in PVC<\/h1>\n<p data-start=\"109\" data-end=\"434\"><strong data-start=\"109\" data-end=\"135\">Che cos'\u00e8 il telone in PVC?<\/strong><br data-start=\"135\" data-end=\"138\" \/>Il telone in PVC \u00e8 un tessuto resistente e impermeabile realizzato rivestendo il tessuto in poliestere con cloruro di polivinile (PVC). \u00c8 noto per la sua elevata forza, flessibilit\u00e0, resistenza ai raggi UV e prestazioni di lunga durata, che lo rendono ideale per coperture esterne, teloni per camion, tende, tendoni e applicazioni industriali.<\/p>\n<hr data-start=\"436\" data-end=\"439\" \/>\n<h3 data-start=\"441\" data-end=\"461\">\ud83d\udd27 Caratteristiche principali:<\/h3>\n<ul data-start=\"462\" data-end=\"656\">\n<li data-start=\"462\" data-end=\"496\">\n<p data-start=\"464\" data-end=\"496\">Impermeabile e resistente agli agenti atmosferici<\/p>\n<\/li>\n<li data-start=\"497\" data-end=\"525\">\n<p data-start=\"499\" data-end=\"525\">Resistente agli strappi e durevole<\/p>\n<\/li>\n<li data-start=\"526\" data-end=\"551\">\n<p data-start=\"528\" data-end=\"551\">Resistente ai raggi UV e alla muffa<\/p>\n<\/li>\n<li data-start=\"552\" data-end=\"595\">\n<p data-start=\"554\" data-end=\"595\">Disponibile in vari pesi e colori<\/p>\n<\/li>\n<li data-start=\"596\" data-end=\"656\">\n<p data-start=\"598\" data-end=\"656\">Adatto per la saldatura, la cucitura o la lavorazione ad alta frequenza<\/p>\n<\/li>\n<\/ul>\n<h2><strong><b>Telone in PVC <\/b><\/strong><strong><b>Specifiche del materiale<\/b><\/strong><\/h2>\n<table>\n<tbody>\n<tr>\n<td width=\"210\">Peso (g)<\/td>\n<td width=\"192\">Spessore (seta)<\/td>\n<td width=\"192\">Colori disponibili<\/td>\n<\/tr>\n<tr>\n<td width=\"210\">420<\/td>\n<td width=\"192\">32<\/td>\n<td width=\"192\">Blu, rosso, grigio, verde frutta, verde militare<\/td>\n<\/tr>\n<tr>\n<td width=\"210\">500<\/td>\n<td width=\"192\">39<\/td>\n<td width=\"192\">Blu, Rosso, Grigio, Bianco, Nero, Arancione, Verde frutta, Verde mela<\/td>\n<\/tr>\n<tr>\n<td width=\"210\">600<\/td>\n<td width=\"192\">47<\/td>\n<td width=\"192\">Blu, Rosso, Grigio, Bianco, Giallo, Verde frutta, Verde mela<\/td>\n<\/tr>\n<tr>\n<td width=\"210\">750<\/td>\n<td width=\"192\">57<\/td>\n<td width=\"192\">Blu, rosso, bianco, verde mela<\/td>\n<\/tr>\n<tr>\n<td width=\"210\">900<\/td>\n<td width=\"192\">72<\/td>\n<td width=\"192\">Bianco, verde mela<\/td>\n<\/tr>\n<\/tbody>\n<\/table>\n<h2><strong><b>Telone in PVC <\/b><\/strong><strong><b>Tabella di riferimento delle dimensioni standard ed effettive (m)<\/b><\/strong><\/h2>\n<table>\n<tbody>\n<tr>\n<td width=\"96\">Dimensione standard<\/td>\n<td width=\"96\">Dimensioni effettive<\/td>\n<td width=\"96\">Dimensione standard<\/td>\n<td width=\"96\">Dimensioni effettive<\/td>\n<td width=\"96\">Dimensione standard<\/td>\n<td width=\"96\">Dimensioni effettive<\/td>\n<\/tr>\n<tr>\n<td width=\"96\">1,5x2m<\/td>\n<td width=\"96\">1.35\u00d71.85m<\/td>\n<td width=\"96\">3x6m<\/td>\n<td width=\"96\">2.85\u00d75.8m<\/td>\n<td width=\"96\">6x6m<\/td>\n<td width=\"96\">5.75\u00d75.8m<\/td>\n<\/tr>\n<tr>\n<td width=\"96\">1.5\u00d72.5m<\/td>\n<td width=\"96\">1.35\u00d72.35m<\/td>\n<td width=\"96\">4,5x4m<\/td>\n<td width=\"96\">4.25\u00d73.8m<\/td>\n<td width=\"96\">6x8m<\/td>\n<td width=\"96\">5.75\u00d77.8m<\/td>\n<\/tr>\n<tr>\n<td width=\"96\">1,5x3m<\/td>\n<td width=\"96\">1.35\u00d72.85m<\/td>\n<td width=\"96\">4,5x5m<\/td>\n<td width=\"96\">4.25\u00d74.8m<\/td>\n<td width=\"96\">6x10m<\/td>\n<td width=\"96\">5.75\u00d79.8m<\/td>\n<\/tr>\n<tr>\n<td width=\"96\">1,5x4m<\/td>\n<td width=\"96\">1.35\u00d73.85m<\/td>\n<td width=\"96\">4,5x6m<\/td>\n<td width=\"96\">4.25\u00d75.8m<\/td>\n<td width=\"96\">7,5x10 m<\/td>\n<td width=\"96\">7.2\u00d79.8m<\/td>\n<\/tr>\n<tr>\n<td width=\"96\">2x3m<\/td>\n<td width=\"96\">1.85\u00d72.85m<\/td>\n<td width=\"96\">4,5x7m<\/td>\n<td width=\"96\">4.25\u00d76.8m<\/td>\n<td width=\"96\">7,5x12 m<\/td>\n<td width=\"96\">7.2\u00d711.7m<\/td>\n<\/tr>\n<tr>\n<td width=\"96\">3x3m<\/td>\n<td width=\"96\">2.85\u00d72.85m<\/td>\n<td width=\"96\">4,5x10 m<\/td>\n<td width=\"96\">4.25\u00d79.8m<\/td>\n<td width=\"96\">9x12m<\/td>\n<td width=\"96\">8.7\u00d711.7m<\/td>\n<\/tr>\n<tr>\n<td width=\"96\">3x4m<\/td>\n<td width=\"96\">2.85\u00d73.85m<\/td>\n<td width=\"96\">5.8\u00d74.8m<\/td>\n<td width=\"96\">&nbsp;<\/td>\n<td width=\"96\">12x10m<\/td>\n<td width=\"96\">11.55\u00d79.7m<\/td>\n<\/tr>\n<tr>\n<td width=\"96\">3x5m<\/td>\n<td width=\"96\">2.8\u00d74.8m<\/td>\n<td width=\"96\">6x5m<\/td>\n<td width=\"96\">&nbsp;<\/td>\n<td width=\"96\">12x12m<\/td>\n<td width=\"96\">11.55\u00d711.7m<\/td>\n<\/tr>\n<\/tbody>\n<\/table>\n<p data-pm-slice=\"1 1 []\">NINGBO TOPRISE offre opzioni di personalizzazione per i teloni in PVC in termini di colore e dimensioni.<\/p>\n<p data-pm-slice=\"1 1 []\">Offriamo inoltre servizi di personalizzazione per pezzi di forma speciale.<\/p>\n<p data-pm-slice=\"1 1 []\">Per qualsiasi esigenza di personalizzazione, non esitate a<a href=\"https:\/\/toprisesafety.com\/it\/contact-us\/\"> contattateci<\/a> in qualsiasi momento.<\/p>\n<p data-pm-slice=\"1 1 []\">","protected":false},"excerpt":{"rendered":"<p><strong><b>Art No.<\/b><\/strong>: PVCT01<\/p>\n<p><strong><b>Materiale<\/b><\/strong>: PVC<\/p>\n<p><strong><b>Peso<\/b><\/strong>\u00a0: 420\/500\/600\/750\/900G\/SQM<\/p>\n<p><strong><b>Spessore : <\/b><\/strong>0.32\/0.39\/0.47\/0.57\/0.72MM<\/p>\n<p><strong><b>Dimensione<\/b><\/strong>Vedi foglio di dimensioni qui sotto o come requisito del cliente<\/p>\n<p><strong><b>Colore<\/b><\/strong>: chiaro<\/p>","protected":false},"featured_media":14035,"template":"","meta":{"_acf_changed":false},"product_brand":[],"product_cat":[319],"product_tag":[],"class_list":{"0":"post-14032","1":"product","2":"type-product","3":"status-publish","4":"has-post-thumbnail","6":"product_cat-tarpaulin","8":"first","9":"instock","10":"shipping-taxable","11":"product-type-simple"},"acf":[],"_links":{"self":[{"href":"https:\/\/toprisesafety.com\/it\/wp-json\/wp\/v2\/product\/14032"}],"collection":[{"href":"https:\/\/toprisesafety.com\/it\/wp-json\/wp\/v2\/product"}],"about":[{"href":"https:\/\/toprisesafety.com\/it\/wp-json\/wp\/v2\/types\/product"}],"wp:featuredmedia":[{"embeddable":true,"href":"https:\/\/toprisesafety.com\/it\/wp-json\/wp\/v2\/media\/14035"}],"wp:attachment":[{"href":"https:\/\/toprisesafety.com\/it\/wp-json\/wp\/v2\/media?parent=14032"}],"wp:term":[{"taxonomy":"product_brand","embeddable":true,"href":"https:\/\/toprisesafety.com\/it\/wp-json\/wp\/v2\/product_brand?post=14032"},{"taxonomy":"product_cat","embeddable":true,"href":"https:\/\/toprisesafety.com\/it\/wp-json\/wp\/v2\/product_cat?post=14032"},{"taxonomy":"product_tag","embeddable":true,"href":"https:\/\/toprisesafety.com\/it\/wp-json\/wp\/v2\/product_tag?post=14032"}],"curies":[{"name":"wp","href":"https:\/\/api.w.org\/{rel}","templated":true}]}}