{"id":12919,"date":"2025-06-04T06:11:57","date_gmt":"2025-06-04T06:11:57","guid":{"rendered":"https:\/\/toprisesafety.com\/?post_type=product&#038;p=12919"},"modified":"2025-06-05T06:31:00","modified_gmt":"2025-06-05T06:31:00","slug":"bike-cover","status":"publish","type":"product","link":"https:\/\/toprisesafety.com\/it\/prodotto\/bike-cover\/","title":{"rendered":"Copertura per bicicletta"},"content":{"rendered":"<h2>Copertura per bicicletta<\/h2>\n<p><strong><b>Copertura per bicicletta <\/b><\/strong><strong><b>Caratteristiche: <\/b><\/strong><\/p>\n<ul>\n<li>Il materiale ad alta densit\u00e0 \u00e8 in grado di impedire efficacemente l'ingresso della polvere all'interno della locomotiva e nei componenti interni del macchinario della locomotiva.<\/li>\n<li>Il tessuto anti-ultravioletti blocca efficacemente la penetrazione dei raggi ultravioletti del sole sulla superficie e sulle decorazioni interne del veicolo fuoristrada, garantendo un certo livello di protezione.<\/li>\n<li>Tessuto impermeabile, che impedisce efficacemente all'acqua piovana di penetrare nella carrozzeria del veicolo e mantiene pulita la carrozzeria della locomotiva.<\/li>\n<li>Pu\u00f2 proteggere la superficie della locomotiva da graffi o sfregamenti da parte di oggetti appuntiti esterni.<\/li>\n<li>Materiale ad alta flessibilit\u00e0, che non causa danni da attrito alla vernice della moto a causa del movimento della copertura protettiva.<\/li>\n<li>La parte inferiore della copertura per auto \u00e8 progettata con una cintura estensibile, che pu\u00f2 adattarsi saldamente alla copertura e non c'\u00e8 bisogno di preoccuparsi che la copertura venga spazzata via da forti venti. \u00c8 facile da usare e veloce da utilizzare. \u00c8 di dimensioni ridotte, comodo da trasportare e pi\u00f9 facile da usare rispetto al tradizionale design con fori e corde.<\/li>\n<li>\u00c8 particolarmente adatto ad ambienti con notevoli variazioni di temperatura. Non invecchia nemmeno dopo un uso prolungato in condizioni di freddo. Sotto il sole cocente, \u00e8 in grado di bloccare efficacemente i raggi solari, fornendo un'eccellente protezione alla vostra auto. Non dovrete pi\u00f9 soffrire del fatto che il sedile dell'auto si scaldi troppo a causa del sole. 8. Il rivestimento argentato migliora la riflessione ad alta intensit\u00e0 dei raggi ultravioletti, evitando il deprezzamento dell'auto a causa dei raggi ultravioletti.<\/li>\n<li>Adatto a tutti i tipi di biciclette.<\/li>\n<\/ul>\n<table>\n<tbody>\n<tr>\n<td width=\"284\">ART NO.<\/td>\n<td width=\"284\">BC01<\/td>\n<\/tr>\n<tr>\n<td width=\"284\">Materiale<\/td>\n<td width=\"284\">Poliestere 170T\/210T con rivestimento argentato o oxford 210D o 420 D con rivestimento argentato o personalizzato<\/td>\n<\/tr>\n<tr>\n<td width=\"284\">Dimensione<\/td>\n<td width=\"284\">185X63X110CM o personalizzato<\/td>\n<\/tr>\n<tr>\n<td width=\"284\">Colore<\/td>\n<td width=\"284\">Nero, grigio, blu o personalizzato<\/td>\n<\/tr>\n<tr>\n<td width=\"284\">Stampa del logo<\/td>\n<td width=\"284\">disponibile<\/td>\n<\/tr>\n<tr>\n<td width=\"284\">Imballaggio<\/td>\n<td width=\"284\">1 pc per l'imballaggio della borsa dello stesso materiale o personalizzato<\/td>\n<\/tr>\n<tr>\n<td width=\"284\">MOQ<\/td>\n<td width=\"284\">100 PEZZI<\/td>\n<\/tr>\n<tr>\n<td width=\"284\">Design personalizzato<\/td>\n<td width=\"284\">Supporto<\/td>\n<\/tr>\n<\/tbody>\n<\/table>\n<p><strong><b>Applicazione della copertura per bicicletta<\/b><\/strong><strong><b>\u00a0Campi: <\/b><\/strong><\/p>\n<ul>\n<li>Protezione del parcheggio all'aperto: Impedire che le biciclette vengano danneggiate da pioggia, neve, polvere e raggi ultravioletti.<\/li>\n<li>Conservazione a lungo termine: Prevenzione della ruggine e dei danni esterni per le biciclette che non sono state utilizzate per lungo tempo.<\/li>\n<li>Parcheggi in aree pubbliche: Proteggere le biciclette dai fattori ambientali quando si parcheggia in luoghi pubblici<\/li>\n<li>Viaggi e campeggi: In viaggio o in campeggio, proteggete la vostra bicicletta da eventuali danni.<\/li>\n<li>Manutenzione e assistenza: Evitare che polvere, olio e altre sostanze penetrino nella carrozzeria del veicolo durante il processo di riparazione.<\/li>\n<li>Conservazione stagionale: Utilizzato per proteggere le biciclette durante l'inverno o in caso di clima umido.<\/li>\n<li>Attivit\u00e0 all'aperto: Dopo aver terminato le attivit\u00e0 all'aria aperta, viene utilizzato per proteggere la bicicletta dall'esposizione a condizioni climatiche avverse.<\/li>\n<\/ul>\n<p>NINGBO TOPRISE \u00e8 una fabbrica professionale specializzata nella produzione di<a href=\"https:\/\/toprisesafety.com\/it\/categoria-prodotto\/outdoor-goods\/waterproof-cover\/\"> coperture impermeabili di alta qualit\u00e0<\/a>che si dedica a fornire ai clienti varie soluzioni di protezione personalizzate. Grazie alle avanzate attrezzature di produzione e alla ricca esperienza nel settore, i nostri prodotti coprono un'ampia gamma di tipologie, come coperture per moto, coperture per auto, coperture per mobili e coperture per biciclette. Tutte le coperture impermeabili sono realizzate con tessuti impermeabili di alta qualit\u00e0, come il tessuto Oxford 420D e il tessuto Oxford 210D, caratterizzati da molteplici funzioni, tra cui l'impermeabilit\u00e0, la protezione dai raggi UV, la prevenzione della polvere, la resistenza al vento e la resistenza ai graffi, in grado di proteggere efficacemente le apparecchiature dalle influenze ambientali esterne.<br \/>\nLa nostra fabbrica dispone di tre linee di produzione altamente efficienti, ciascuna dotata di attrezzature automatizzate avanzate, che ci consentono di produrre diverse coperture impermeabili con elevata efficienza e stabilit\u00e0. La fabbrica conta attualmente circa 150 dipendenti, tra cui tecnici, operatori, ispettori di qualit\u00e0 e un team di supporto per la logistica. Siamo in grado di fornire servizi personalizzati in termini di dimensioni, colori e tessuti diversi in base alle esigenze dei clienti. Inoltre, offriamo la stampa di LOGO e imballaggi personalizzati per soddisfare le esigenze di diversi settori e mercati. Tutti i prodotti sono sottoposti a rigorosi controlli di qualit\u00e0 per garantire la conformit\u00e0 a standard elevati e soddisfare le diverse esigenze dei clienti.<br \/>\nAbbiamo sempre aderito al principio \"la qualit\u00e0 prima di tutto e il servizio soprattutto\" e ci impegniamo a diventare un fornitore di coperture impermeabili di fiducia per i clienti di tutto il mondo.<br \/>\nPer qualsiasi richiesta di informazioni sulle coperture impermeabili, <a href=\"https:\/\/toprisesafety.com\/it\/contact-us\/\">contattateci liberamente.<\/a><\/p>","protected":false},"excerpt":{"rendered":"<p>Art No.BC01<\/p>\n<p>Materiale: poliestere 170T\/210T con rivestimento in argento o oxford 210D o 420 D con rivestimento in argento o personalizzato<\/p>\n<p>Dimensione: 185X63X110CM o personalizzato<\/p>\n<p>Colore: Nero, grigio, blu o personalizzato<\/p>\n<p>Stampa del logo: disponibile<\/p>\n<p>MOQ: 300PCS<\/p>","protected":false},"featured_media":12925,"template":"","meta":{"_acf_changed":false},"product_brand":[],"product_cat":[371,401],"product_tag":[],"class_list":{"0":"post-12919","1":"product","2":"type-product","3":"status-publish","4":"has-post-thumbnail","6":"product_cat-outdoor-goods","7":"product_cat-waterproof-cover","9":"first","10":"instock","11":"shipping-taxable","12":"product-type-simple"},"acf":[],"_links":{"self":[{"href":"https:\/\/toprisesafety.com\/it\/wp-json\/wp\/v2\/product\/12919"}],"collection":[{"href":"https:\/\/toprisesafety.com\/it\/wp-json\/wp\/v2\/product"}],"about":[{"href":"https:\/\/toprisesafety.com\/it\/wp-json\/wp\/v2\/types\/product"}],"wp:featuredmedia":[{"embeddable":true,"href":"https:\/\/toprisesafety.com\/it\/wp-json\/wp\/v2\/media\/12925"}],"wp:attachment":[{"href":"https:\/\/toprisesafety.com\/it\/wp-json\/wp\/v2\/media?parent=12919"}],"wp:term":[{"taxonomy":"product_brand","embeddable":true,"href":"https:\/\/toprisesafety.com\/it\/wp-json\/wp\/v2\/product_brand?post=12919"},{"taxonomy":"product_cat","embeddable":true,"href":"https:\/\/toprisesafety.com\/it\/wp-json\/wp\/v2\/product_cat?post=12919"},{"taxonomy":"product_tag","embeddable":true,"href":"https:\/\/toprisesafety.com\/it\/wp-json\/wp\/v2\/product_tag?post=12919"}],"curies":[{"name":"wp","href":"https:\/\/api.w.org\/{rel}","templated":true}]}}