{"id":12839,"date":"2025-06-03T03:33:26","date_gmt":"2025-06-03T03:33:26","guid":{"rendered":"https:\/\/toprisesafety.com\/?post_type=product&#038;p=12839"},"modified":"2025-06-05T06:48:24","modified_gmt":"2025-06-05T06:48:24","slug":"kettle-grill-cover","status":"publish","type":"product","link":"https:\/\/toprisesafety.com\/it\/prodotto\/kettle-grill-cover\/","title":{"rendered":"Coperchio della griglia del bollitore"},"content":{"rendered":"<p>Coperchio della griglia del bollitore<\/p>\n<p><strong><b>Copri griglia Kettle Caratteristiche:<\/b><\/strong><\/p>\n<ul>\n<li>Tessuto Oxford 210D, robusto e resistente agli strappi<\/li>\n<li>Il rivestimento argentato riflette la luce solare e protegge dai raggi ultravioletti.<\/li>\n<li>Impermeabile e antipolvere, non preoccupa in caso di pioggia e neve.<\/li>\n<li>Resistente alle muffe e all'invecchiamento, non sbiadisce e non si deforma facilmente.<\/li>\n<li>Leggero e facile da riporre, comodo da trasportare<\/li>\n<li>Design della corda di legatura inferiore, pi\u00f9 stabile contro il vento<\/li>\n<li>Altamente versatile, compatibile con diversi forni<\/li>\n<li>Supporto alla personalizzazione di stili, dimensioni e loghi<\/li>\n<\/ul>\n<table>\n<tbody>\n<tr>\n<td width=\"284\">ART NO.<\/td>\n<td width=\"284\">KGC02<\/td>\n<\/tr>\n<tr>\n<td width=\"284\">Materiale<\/td>\n<td width=\"284\">Tessuto Oxford 210D con placcatura in argento o personalizzato, 80g\/mq o personalizzato<\/td>\n<\/tr>\n<tr>\n<td width=\"284\">Pressione dell'acqua<\/td>\n<td width=\"284\">1500 &#8211; 2000<\/td>\n<\/tr>\n<tr>\n<td width=\"284\">Dimensione<\/td>\n<td width=\"284\">62\u00d7105 CM, 66\u00d770 CM, 70\u00d790 CM, 71\u00d765 CM, 77\u00d758 CM o personalizzato<\/td>\n<\/tr>\n<tr>\n<td width=\"284\">Colore<\/td>\n<td width=\"284\">Nero o personalizzato<\/td>\n<\/tr>\n<tr>\n<td width=\"284\">Stampa del logo<\/td>\n<td width=\"284\">disponibile<\/td>\n<\/tr>\n<tr>\n<td width=\"284\">Imballaggio<\/td>\n<td width=\"284\">1 pc per l'imballaggio della borsa dello stesso materiale o personalizzato<\/td>\n<\/tr>\n<tr>\n<td width=\"284\">MOQ<\/td>\n<td width=\"284\">300 PEZZI<\/td>\n<\/tr>\n<tr>\n<td width=\"284\">Design personalizzato<\/td>\n<td width=\"284\">Supporto<\/td>\n<\/tr>\n<\/tbody>\n<\/table>\n<p><strong><b>La griglia Kettle copre un'ampia gamma di campi di applicazione: <\/b><\/strong><\/p>\n<ul>\n<li><b><\/b><strong><b>Cortile della famiglia<\/b><\/strong>: Proteggere le griglie per barbecue all'aperto per prolungarne la durata di vita<\/li>\n<li><b><\/b><strong><b>Campeggio con fal\u00f2<\/b><\/strong>portatile, resistente alla polvere e alla pioggia, adatto all'uso esterno.<\/li>\n<li><b><\/b><strong><b>Bancarelle commerciali per barbecue<\/b><\/strong>: Migliora l'immagine professionale dell'apparecchiatura, supporta la progettazione di loghi personalizzati.<\/li>\n<li><b><\/b><strong><b>Barbecue sul balcone<\/b><\/strong>: Proteggere dal sole e dalla polvere e mantenere l'apparecchiatura pulita.<\/li>\n<li><b><\/b><strong><b>Cortile dell'hotel\/motel<\/b><\/strong>: Mantenere l'attrezzatura per il barbecue pulita e bella da vedere.<\/li>\n<li><b><\/b><strong><b>Luogo di festa all'aperto<\/b><\/strong>: Comodo per coprire e proteggere vari tipi di griglie per barbecue.<\/li>\n<\/ul>\n<p>NINGBO TOPRISE \u00e8 una fabbrica professionale specializzata nella produzione di<a href=\"https:\/\/toprisesafety.com\/it\/categoria-prodotto\/outdoor-goods\/waterproof-cover\/\"> coperture impermeabili di alta qualit\u00e0<\/a>che si dedica a fornire ai clienti varie soluzioni di protezione personalizzate. Grazie alle avanzate attrezzature di produzione e alla ricca esperienza nel settore, i nostri prodotti coprono un'ampia gamma di tipologie, come coperture per moto, coperture per auto, coperture per mobili e coperture per biciclette. Tutte le coperture impermeabili sono realizzate con tessuti impermeabili di alta qualit\u00e0, come il tessuto Oxford 420D e il tessuto Oxford 210D, caratterizzati da molteplici funzioni, tra cui l'impermeabilit\u00e0, la protezione dai raggi UV, la prevenzione della polvere, la resistenza al vento e la resistenza ai graffi, in grado di proteggere efficacemente le apparecchiature dalle influenze ambientali esterne.<br \/>\nLa nostra fabbrica dispone di tre linee di produzione altamente efficienti, ciascuna dotata di attrezzature automatizzate avanzate, che ci consentono di produrre diverse coperture impermeabili con elevata efficienza e stabilit\u00e0. La fabbrica conta attualmente circa 150 dipendenti, tra cui tecnici, operatori, ispettori di qualit\u00e0 e un team di supporto per la logistica. Siamo in grado di fornire servizi personalizzati in termini di dimensioni, colori e tessuti diversi in base alle esigenze dei clienti. Inoltre, offriamo la stampa di LOGO e imballaggi personalizzati per soddisfare le esigenze di diversi settori e mercati. Tutti i prodotti sono sottoposti a rigorosi controlli di qualit\u00e0 per garantire la conformit\u00e0 a standard elevati e soddisfare le diverse esigenze dei clienti.<br \/>\nAbbiamo sempre aderito al principio \"la qualit\u00e0 prima di tutto e il servizio soprattutto\" e ci impegniamo a diventare un fornitore di coperture impermeabili di fiducia per i clienti di tutto il mondo.<br \/>\nPer qualsiasi richiesta di informazioni sulle coperture impermeabili, <a href=\"https:\/\/toprisesafety.com\/it\/contact-us\/\">contattateci liberamente.<\/a><\/p>","protected":false},"excerpt":{"rendered":"<p>Codice articolo: KGC02<\/p>\n<p>Materiale: tessuto Oxford 210D con placcatura in argento o personalizzato, 80g\/mq o personalizzato<\/p>\n<p>Pressione dell'acqua: 1500 - 2000<\/p>\n<p>Dimensioni: 62\u00d7105 CM, 66\u00d770 CM, 70\u00d790 CM, 71\u00d765 CM, 77\u00d758 CM o personalizzato<\/p>\n<p>Colore: nero o personalizzato<\/p>\n<p>Stampa del logo: disponibile<\/p>\n<p>MOQ: 300PCS<\/p>","protected":false},"featured_media":12841,"template":"","meta":{"_acf_changed":false},"product_brand":[],"product_cat":[371,401],"product_tag":[],"class_list":{"0":"post-12839","1":"product","2":"type-product","3":"status-publish","4":"has-post-thumbnail","6":"product_cat-outdoor-goods","7":"product_cat-waterproof-cover","9":"first","10":"instock","11":"shipping-taxable","12":"product-type-simple"},"acf":[],"_links":{"self":[{"href":"https:\/\/toprisesafety.com\/it\/wp-json\/wp\/v2\/product\/12839","targetHints":{"allow":["GET"]}}],"collection":[{"href":"https:\/\/toprisesafety.com\/it\/wp-json\/wp\/v2\/product"}],"about":[{"href":"https:\/\/toprisesafety.com\/it\/wp-json\/wp\/v2\/types\/product"}],"wp:featuredmedia":[{"embeddable":true,"href":"https:\/\/toprisesafety.com\/it\/wp-json\/wp\/v2\/media\/12841"}],"wp:attachment":[{"href":"https:\/\/toprisesafety.com\/it\/wp-json\/wp\/v2\/media?parent=12839"}],"wp:term":[{"taxonomy":"product_brand","embeddable":true,"href":"https:\/\/toprisesafety.com\/it\/wp-json\/wp\/v2\/product_brand?post=12839"},{"taxonomy":"product_cat","embeddable":true,"href":"https:\/\/toprisesafety.com\/it\/wp-json\/wp\/v2\/product_cat?post=12839"},{"taxonomy":"product_tag","embeddable":true,"href":"https:\/\/toprisesafety.com\/it\/wp-json\/wp\/v2\/product_tag?post=12839"}],"curies":[{"name":"wp","href":"https:\/\/api.w.org\/{rel}","templated":true}]}}