{"id":12665,"date":"2025-05-21T05:52:50","date_gmt":"2025-05-21T05:52:50","guid":{"rendered":"https:\/\/toprisesafety.com\/?post_type=product&#038;p=12665"},"modified":"2025-05-21T08:02:29","modified_gmt":"2025-05-21T08:02:29","slug":"fiberglass-plant-pots","status":"publish","type":"product","link":"https:\/\/toprisesafety.com\/it\/prodotto\/fiberglass-plant-pots\/","title":{"rendered":"Vasi per piante in fibra di vetro"},"content":{"rendered":"<h1>Vasi per piante in fibra di vetro<\/h1>\n<ul>\n<li>Leggeri e facili da trasportare: I vasi da fiori in FRP sono leggeri e quindi comodi da spostare e regolare.<\/li>\n<li>Forte resistenza alla corrosione: Questi vasi sono resistenti all'acqua e all'umidit\u00e0 e sono quindi adatti all'uso esterno.<\/li>\n<li>Alta resistenza: Non facile da rompere, forte resistenza agli urti e lunga durata.<\/li>\n<li>Forme diverse: pu\u00f2 essere progettato in forme e colori diversi a seconda delle esigenze per adattarsi a vari ambienti.<\/li>\n<li>Facile da pulire: Superficie liscia, semplice da pulire e mantenere.<\/li>\n<li>Rispettoso dell'ambiente: Realizzato con materiali ecologici, \u00e8 innocuo per l'ambiente.<\/li>\n<li>Forte personalizzazione: La personalizzazione pu\u00f2 essere effettuata in base alle esigenze del cliente e la quantit\u00e0 minima ordinabile \u00e8 relativamente bassa.<\/li>\n<\/ul>\n<table>\n<tbody>\n<tr>\n<td width=\"284\">ART NO.<\/td>\n<td width=\"284\">FP02<\/td>\n<\/tr>\n<tr>\n<td width=\"284\">MATERIALE<\/td>\n<td width=\"284\">Fibra di vetro<\/td>\n<\/tr>\n<tr>\n<td width=\"284\">DIMENSIONE<\/td>\n<td width=\"284\">50\u00d750\u00d748 cm, 50\u00d750\u00d768 cm, 50\u00d750\u00d7100 cm, o personalizzato<\/td>\n<\/tr>\n<tr>\n<td width=\"284\">MOQ<\/td>\n<td width=\"284\">3 PC<\/td>\n<\/tr>\n<tr>\n<td colspan=\"2\" width=\"568\">Supportiamo design, dimensioni e colori personalizzati. Se avete il vostro design, possiamo realizzarlo di conseguenza.<\/td>\n<\/tr>\n<\/tbody>\n<\/table>\n<p>TOPRISE supporta diversi stili di personalizzazione delle fioriere in vetroresina; fare clic su <a href=\"https:\/\/toprisesafety.com\/it\/categoria-prodotto\/frp-products\/fiberglass-planter\/\">vedere altri stili di fioriere in vetroresina.<\/a><\/p>\n<p>Se non trovate le fioriere in vetroresina di cui avete bisogno, <a href=\"https:\/\/toprisesafety.com\/it\/contact-us\/\">contattateci;<\/a> sosteniamo la personalizzazione speciale con il MOQ basso.<\/p>","protected":false},"excerpt":{"rendered":"<p>ART NO. FP02<\/p>\n<p>MATERIALE: Fibra di vetro<\/p>\n<p>Dimensioni: 50\u00d750\u00d748 cm\uff0c50\u00d750\u00d768 cm\uff0c50\u00d750\u00d7100 cm o su misura<\/p>\n<p>Colore: bianco, nero o personalizzato<\/p>\n<p>MOQ: 3 PC<\/p>","protected":false},"featured_media":12666,"template":"","meta":{"_acf_changed":false},"product_brand":[],"product_cat":[398,399],"product_tag":[],"class_list":{"0":"post-12665","1":"product","2":"type-product","3":"status-publish","4":"has-post-thumbnail","6":"product_cat-frp-products","7":"product_cat-fiberglass-planter","9":"first","10":"instock","11":"shipping-taxable","12":"product-type-simple"},"acf":[],"_links":{"self":[{"href":"https:\/\/toprisesafety.com\/it\/wp-json\/wp\/v2\/product\/12665"}],"collection":[{"href":"https:\/\/toprisesafety.com\/it\/wp-json\/wp\/v2\/product"}],"about":[{"href":"https:\/\/toprisesafety.com\/it\/wp-json\/wp\/v2\/types\/product"}],"wp:featuredmedia":[{"embeddable":true,"href":"https:\/\/toprisesafety.com\/it\/wp-json\/wp\/v2\/media\/12666"}],"wp:attachment":[{"href":"https:\/\/toprisesafety.com\/it\/wp-json\/wp\/v2\/media?parent=12665"}],"wp:term":[{"taxonomy":"product_brand","embeddable":true,"href":"https:\/\/toprisesafety.com\/it\/wp-json\/wp\/v2\/product_brand?post=12665"},{"taxonomy":"product_cat","embeddable":true,"href":"https:\/\/toprisesafety.com\/it\/wp-json\/wp\/v2\/product_cat?post=12665"},{"taxonomy":"product_tag","embeddable":true,"href":"https:\/\/toprisesafety.com\/it\/wp-json\/wp\/v2\/product_tag?post=12665"}],"curies":[{"name":"wp","href":"https:\/\/api.w.org\/{rel}","templated":true}]}}