{"id":12532,"date":"2025-05-19T06:14:02","date_gmt":"2025-05-19T06:14:02","guid":{"rendered":"https:\/\/toprisesafety.com\/?post_type=product&#038;p=12532"},"modified":"2025-05-21T07:09:32","modified_gmt":"2025-05-21T07:09:32","slug":"circular-fiberglass-tree-planter-wooden-benches","status":"publish","type":"product","link":"https:\/\/toprisesafety.com\/it\/prodotto\/circular-fiberglass-tree-planter-wooden-benches\/","title":{"rendered":"Fioriera circolare in vetroresina Panchine in legno"},"content":{"rendered":"<h1>Fioriera circolare in vetroresina Panchine in legno<\/h1>\n<p>Vantaggi:<\/p>\n<ul>\n<li>Design circolare: Offre uno spazio di seduta pi\u00f9 ampio ed \u00e8 adatto all'utilizzo da parte di pi\u00f9 persone.<\/li>\n<li>Materiale FRP: anticorrosione, resistente e adattabile a varie condizioni atmosferiche.<\/li>\n<li>Opzioni di personalizzazione: Supporta la personalizzazione di dimensioni, colori e design per soddisfare le diverse esigenze.<\/li>\n<li>Comfort: Il design del sedile in legno offre una seduta confortevole.<\/li>\n<li>Protezione dell'ambiente: Il materiale \u00e8 riciclabile, in linea con i moderni concetti di tutela ambientale.<\/li>\n<li>Supporto per ordini minimi di piccoli lotti: La personalizzazione \u00e8 disponibile in base alla domanda, con un ordine minimo di 1 pezzo.<\/li>\n<\/ul>\n<table>\n<tbody>\n<tr>\n<td width=\"284\">ART NO.<\/td>\n<td width=\"284\">FB03<\/td>\n<\/tr>\n<tr>\n<td width=\"284\">MATERIALE<\/td>\n<td width=\"284\">Fibra di vetro<\/td>\n<\/tr>\n<tr>\n<td width=\"284\">DIMENSIONE<\/td>\n<td width=\"284\">Personalizzato<\/td>\n<\/tr>\n<tr>\n<td width=\"284\">MOQ<\/td>\n<td width=\"284\">1 PC<\/td>\n<\/tr>\n<tr>\n<td colspan=\"2\" width=\"568\">Supportiamo design, dimensioni e colori personalizzati. Se avete il vostro design, possiamo realizzarlo di conseguenza.<\/td>\n<\/tr>\n<\/tbody>\n<\/table>\n<h1><img fetchpriority=\"high\" decoding=\"async\" class=\"alignnone wp-image-12537\" src=\"https:\/\/toprisesafety.com\/wp-content\/uploads\/2025\/05\/Circular-Fiberglass-Tree-Planter-Wooden-Benches-300x268.png\" alt=\"\" width=\"580\" height=\"518\" srcset=\"https:\/\/toprisesafety.com\/wp-content\/uploads\/2025\/05\/Circular-Fiberglass-Tree-Planter-Wooden-Benches-300x268.png 300w, https:\/\/toprisesafety.com\/wp-content\/uploads\/2025\/05\/Circular-Fiberglass-Tree-Planter-Wooden-Benches-768x685.png 768w, https:\/\/toprisesafety.com\/wp-content\/uploads\/2025\/05\/Circular-Fiberglass-Tree-Planter-Wooden-Benches-600x535.png 600w, https:\/\/toprisesafety.com\/wp-content\/uploads\/2025\/05\/Circular-Fiberglass-Tree-Planter-Wooden-Benches.png 892w\" sizes=\"(max-width: 580px) 100vw, 580px\" \/><\/h1>\n<figure id=\"attachment_12544\" aria-describedby=\"caption-attachment-12544\" style=\"width: 577px\" class=\"wp-caption alignnone\"><img decoding=\"async\" class=\"wp-image-12544\" src=\"https:\/\/toprisesafety.com\/wp-content\/uploads\/2025\/05\/O1CN01fiqaZL1iqYlTsi3KO_2211864764464-0-cib-300x300.jpg\" alt=\" Circular Fiberglass Tree Planter Wooden Benches\" width=\"577\" height=\"577\" srcset=\"https:\/\/toprisesafety.com\/wp-content\/uploads\/2025\/05\/O1CN01fiqaZL1iqYlTsi3KO_2211864764464-0-cib-300x300.jpg 300w, https:\/\/toprisesafety.com\/wp-content\/uploads\/2025\/05\/O1CN01fiqaZL1iqYlTsi3KO_2211864764464-0-cib-150x150.jpg 150w, https:\/\/toprisesafety.com\/wp-content\/uploads\/2025\/05\/O1CN01fiqaZL1iqYlTsi3KO_2211864764464-0-cib-768x768.jpg 768w, https:\/\/toprisesafety.com\/wp-content\/uploads\/2025\/05\/O1CN01fiqaZL1iqYlTsi3KO_2211864764464-0-cib-600x600.jpg 600w, https:\/\/toprisesafety.com\/wp-content\/uploads\/2025\/05\/O1CN01fiqaZL1iqYlTsi3KO_2211864764464-0-cib-100x100.jpg 100w, https:\/\/toprisesafety.com\/wp-content\/uploads\/2025\/05\/O1CN01fiqaZL1iqYlTsi3KO_2211864764464-0-cib.jpg 800w\" sizes=\"(max-width: 577px) 100vw, 577px\" \/><figcaption id=\"caption-attachment-12544\" class=\"wp-caption-text\">Fioriera circolare in vetroresina Panchine in legno<\/figcaption><\/figure>\n<p>TOPRISE supporta vari stili di personalizzazione di panche e sedie in vetroresina; fare clic su <a href=\"https:\/\/toprisesafety.com\/it\/categoria-prodotto\/outdoor-goods\/fiberglass-bench\/\">vedere altri stili di panche e sedie in vetroresina.<\/a><\/p>\n<p>Se non trovate le panche e le sedie in vetroresina di cui avete bisogno, <a href=\"https:\/\/toprisesafety.com\/it\/contact-us\/\">contattateci; <\/a>sosteniamo la personalizzazione speciale con il MOQ basso.<\/p>","protected":false},"excerpt":{"rendered":"<p>ART NO. FB03<\/p>\n<p>MATERIALE: Fibra di vetro<\/p>\n<p>Dimensioni: Personalizzato<\/p>\n<p>Colore: personalizzato<\/p>\n<p>MOQ: 1 PC<\/p>","protected":false},"featured_media":12552,"template":"","meta":{"_acf_changed":false},"product_brand":[],"product_cat":[397,398],"product_tag":[],"class_list":{"0":"post-12532","1":"product","2":"type-product","3":"status-publish","4":"has-post-thumbnail","6":"product_cat-fiberglass-bench","7":"product_cat-frp-products","9":"first","10":"instock","11":"shipping-taxable","12":"product-type-simple"},"acf":[],"_links":{"self":[{"href":"https:\/\/toprisesafety.com\/it\/wp-json\/wp\/v2\/product\/12532"}],"collection":[{"href":"https:\/\/toprisesafety.com\/it\/wp-json\/wp\/v2\/product"}],"about":[{"href":"https:\/\/toprisesafety.com\/it\/wp-json\/wp\/v2\/types\/product"}],"wp:featuredmedia":[{"embeddable":true,"href":"https:\/\/toprisesafety.com\/it\/wp-json\/wp\/v2\/media\/12552"}],"wp:attachment":[{"href":"https:\/\/toprisesafety.com\/it\/wp-json\/wp\/v2\/media?parent=12532"}],"wp:term":[{"taxonomy":"product_brand","embeddable":true,"href":"https:\/\/toprisesafety.com\/it\/wp-json\/wp\/v2\/product_brand?post=12532"},{"taxonomy":"product_cat","embeddable":true,"href":"https:\/\/toprisesafety.com\/it\/wp-json\/wp\/v2\/product_cat?post=12532"},{"taxonomy":"product_tag","embeddable":true,"href":"https:\/\/toprisesafety.com\/it\/wp-json\/wp\/v2\/product_tag?post=12532"}],"curies":[{"name":"wp","href":"https:\/\/api.w.org\/{rel}","templated":true}]}}