{"id":12403,"date":"2025-05-13T07:38:05","date_gmt":"2025-05-13T07:38:05","guid":{"rendered":"https:\/\/toprisesafety.com\/?post_type=product&#038;p=12403"},"modified":"2025-05-21T03:18:10","modified_gmt":"2025-05-21T03:18:10","slug":"70-cm-pvc-orange-reflective-safety-cones","status":"publish","type":"product","link":"https:\/\/toprisesafety.com\/it\/prodotto\/70-cm-pvc-orange-reflective-safety-cones\/","title":{"rendered":"Coni di sicurezza riflettenti arancioni in PVC da 70 CM"},"content":{"rendered":"<h2>Coni di sicurezza riflettenti arancioni in PVC da 70 CM<\/h2>\n<p>I coni stradali in PVC sono prodotti mediante stampaggio a iniezione. Il materiale in PVC morbido \u00e8 formato in un unico pezzo, ha un colore brillante, una buona morbidezza, non \u00e8 facile da sbiadire, non \u00e8 danneggiato dal passaggio delle auto, ha una lunga durata e una forte resistenza agli agenti atmosferici. Proprio perch\u00e9 i coni stradali in PVC hanno queste caratteristiche eccellenti, sono stati designati come coni stradali per l'uso sicuro sulle strade in Europa e in America.<\/p>\n<p>Coni per il traffico in PVC Caratteristiche:<\/p>\n<ul>\n<li>Ha una buona flessibilit\u00e0 e pu\u00f2 resistere al rotolamento delle auto e all'impatto di oggetti duri senza subire danni.<\/li>\n<li>Ha il vantaggio di essere resistente all'esposizione al sole, al vento e alla pioggia, al caldo e al freddo, di non screpolarsi e di non scolorirsi.<\/li>\n<li>I colori alternati bianco e rosso sono accattivanti e possono riflettere la luce abbagliante di notte, rendendola chiara al conducente a colpo d'occhio.<\/li>\n<\/ul>\n<p>Applicazione: Viene utilizzato nelle corsie degli incroci urbani, nella manutenzione delle superstrade, negli hotel, nelle aree residenziali, negli impianti sportivi, nelle aree pericolose, nei tratti di costruzione stradale, ecc.<\/p>\n<div style=\"width: 720px;\" class=\"wp-video\"><!--[if lt IE 9]><script>document.createElement('video');<\/script><![endif]-->\n<video class=\"wp-video-shortcode\" id=\"video-12403-1\" width=\"720\" height=\"1280\" preload=\"metadata\" controls=\"controls\"><source type=\"video\/mp4\" src=\"https:\/\/toprisesafety.com\/wp-content\/uploads\/2025\/05\/70CM-PVC-CONE.mp4?_=1\" \/><a href=\"https:\/\/toprisesafety.com\/wp-content\/uploads\/2025\/05\/70CM-PVC-CONE.mp4\">https:\/\/toprisesafety.com\/wp-content\/uploads\/2025\/05\/70CM-PVC-CONE.mp4<\/a><\/video><\/div>\n<table>\n<tbody>\n<tr>\n<td width=\"284\">ART NO.<\/td>\n<td width=\"284\">TCPH70<\/td>\n<\/tr>\n<tr>\n<td width=\"284\">MATERIALE<\/td>\n<td width=\"284\">PVC<\/td>\n<\/tr>\n<tr>\n<td width=\"284\">Altezza<\/td>\n<td width=\"284\">70\u00a0CM\u00a0,\u00a062\/66\/68\/90\u00a0CM for choice<\/td>\n<\/tr>\n<tr>\n<td width=\"284\">Dimensione della base<\/td>\n<td width=\"284\">35\u00d735 CM<\/td>\n<\/tr>\n<tr>\n<td width=\"284\">Peso<\/td>\n<td width=\"284\">1.70\/ 1.90 KG\/PC<\/td>\n<\/tr>\n<tr>\n<td width=\"284\">NASTRO RIFLETTENTE<\/td>\n<td width=\"284\">10 + 15 CM<\/td>\n<\/tr>\n<tr>\n<td width=\"284\">MOQ<\/td>\n<td width=\"284\">500 PCS<\/td>\n<\/tr>\n<\/tbody>\n<\/table>\n<figure id=\"attachment_12397\" aria-describedby=\"caption-attachment-12397\" style=\"width: 300px\" class=\"wp-caption alignnone\"><img fetchpriority=\"high\" decoding=\"async\" class=\"size-medium wp-image-12397\" src=\"https:\/\/toprisesafety.com\/wp-content\/uploads\/2025\/05\/orange-pvc-cones-300x300.png\" alt=\"orange pvc cones\" width=\"300\" height=\"300\" srcset=\"https:\/\/toprisesafety.com\/wp-content\/uploads\/2025\/05\/orange-pvc-cones-300x300.png 300w, https:\/\/toprisesafety.com\/wp-content\/uploads\/2025\/05\/orange-pvc-cones-1024x1024.png 1024w, https:\/\/toprisesafety.com\/wp-content\/uploads\/2025\/05\/orange-pvc-cones-150x150.png 150w, https:\/\/toprisesafety.com\/wp-content\/uploads\/2025\/05\/orange-pvc-cones-768x768.png 768w, https:\/\/toprisesafety.com\/wp-content\/uploads\/2025\/05\/orange-pvc-cones-1536x1536.png 1536w, https:\/\/toprisesafety.com\/wp-content\/uploads\/2025\/05\/orange-pvc-cones-2048x2048.png 2048w, https:\/\/toprisesafety.com\/wp-content\/uploads\/2025\/05\/orange-pvc-cones-600x600.png 600w, https:\/\/toprisesafety.com\/wp-content\/uploads\/2025\/05\/orange-pvc-cones-100x100.png 100w\" sizes=\"(max-width: 300px) 100vw, 300px\" \/><figcaption id=\"caption-attachment-12397\" class=\"wp-caption-text\">coni in pvc arancione<\/figcaption><\/figure>\n<p>Diverse dimensioni di coni di sicurezza arancioni in PVC per la scelta:<\/p>\n<table>\n<tbody>\n<tr>\n<td width=\"82\"><strong><b>ART NO.<\/b><\/strong><\/td>\n<td width=\"117\"><strong><b>ALTEZZA\/CM<\/b><\/strong><\/td>\n<td width=\"141\"><strong><b>DIMENSIONE BASE\/CM<\/b><\/strong><\/td>\n<td width=\"198\"><strong><b>DIMENSIONE RIFLETTENTE \/CM<\/b><\/strong><\/td>\n<td width=\"144\"><strong><b>PESO\/CM<\/b><\/strong><\/td>\n<\/tr>\n<tr>\n<td width=\"82\">TCPH62<\/td>\n<td width=\"117\">62 CM<\/td>\n<td width=\"141\">30 \u00d7 30 CM<\/td>\n<td width=\"198\">10+15 CM<\/td>\n<td width=\"144\">1,15 KGS\/ PC<\/td>\n<\/tr>\n<tr>\n<td width=\"82\">TCPH66<\/td>\n<td width=\"117\">66 CM<\/td>\n<td width=\"141\">30 \u00d7 30 CM<\/td>\n<td width=\"198\">10+15 CM<\/td>\n<td width=\"144\">1,30 KGS\/ PC<\/td>\n<\/tr>\n<tr>\n<td width=\"82\">TCPH68<\/td>\n<td width=\"117\">68 CM<\/td>\n<td width=\"141\">33 \u00d7 33 CM<\/td>\n<td width=\"198\">10+15 CM<\/td>\n<td width=\"144\">1,55 KG\/ PC<\/td>\n<\/tr>\n<tr>\n<td width=\"82\">TCPH70<\/td>\n<td width=\"117\">70 CM<\/td>\n<td width=\"141\">35 \u00d7 35 CM<\/td>\n<td width=\"198\">10+15 CM<\/td>\n<td width=\"144\">1,70\/ 1,90 KG\/PZ.<\/td>\n<\/tr>\n<tr>\n<td width=\"82\">TCPH90<\/td>\n<td width=\"117\">90 CM<\/td>\n<td width=\"141\">37 \u00d7 37 CM<\/td>\n<td width=\"198\">10+15 CM<\/td>\n<td width=\"144\">3,0 KG\/PC<\/td>\n<\/tr>\n<\/tbody>\n<\/table>\n<p>TOPRISE supporta vari stili di personalizzazione dei coni stradali; fare clic su <a href=\"https:\/\/toprisesafety.com\/it\/categoria-prodotto\/road-safety-products\/traffic-cone\/\">vedere altri stili di coni stradali.<\/a><\/p>\n<p>Se non trovate i coni stradali richiesti, <a href=\"https:\/\/toprisesafety.com\/it\/contact-us\/\">contattateci;<\/a> supportiamo la personalizzazione speciale.<\/p>","protected":false},"excerpt":{"rendered":"<p>Coni di sicurezza riflettenti arancioni in PVC da 70 CM<\/p>\n<p>Art No..:\u00a0TCPH70<\/p>\n<p>Materiale: PVC<\/p>\n<p>Height:\u00a070\u00a0CM\u00a0,\u00a062\/66\/68\/90\u00a0CM for choice<\/p>\n<p>Base size: 35 \u00d7\u00a035\u00a0CM<\/p>\n<p>Weight:\u00a01.70\/\u00a01.90 KGS\/ PC<\/p>\n<p>Dimensioni del nastro riflettente: 10+15 CM<\/p>\n<p>MOQ: 500 PCS<\/p>","protected":false},"featured_media":12402,"template":"","meta":{"_acf_changed":false},"product_brand":[],"product_cat":[325,395],"product_tag":[],"class_list":{"0":"post-12403","1":"product","2":"type-product","3":"status-publish","4":"has-post-thumbnail","6":"product_cat-road-safety-products","7":"product_cat-traffic-cone","9":"first","10":"instock","11":"shipping-taxable","12":"product-type-simple"},"acf":[],"_links":{"self":[{"href":"https:\/\/toprisesafety.com\/it\/wp-json\/wp\/v2\/product\/12403"}],"collection":[{"href":"https:\/\/toprisesafety.com\/it\/wp-json\/wp\/v2\/product"}],"about":[{"href":"https:\/\/toprisesafety.com\/it\/wp-json\/wp\/v2\/types\/product"}],"wp:featuredmedia":[{"embeddable":true,"href":"https:\/\/toprisesafety.com\/it\/wp-json\/wp\/v2\/media\/12402"}],"wp:attachment":[{"href":"https:\/\/toprisesafety.com\/it\/wp-json\/wp\/v2\/media?parent=12403"}],"wp:term":[{"taxonomy":"product_brand","embeddable":true,"href":"https:\/\/toprisesafety.com\/it\/wp-json\/wp\/v2\/product_brand?post=12403"},{"taxonomy":"product_cat","embeddable":true,"href":"https:\/\/toprisesafety.com\/it\/wp-json\/wp\/v2\/product_cat?post=12403"},{"taxonomy":"product_tag","embeddable":true,"href":"https:\/\/toprisesafety.com\/it\/wp-json\/wp\/v2\/product_tag?post=12403"}],"curies":[{"name":"wp","href":"https:\/\/api.w.org\/{rel}","templated":true}]}}