{"id":12390,"date":"2025-05-13T06:32:39","date_gmt":"2025-05-13T06:32:39","guid":{"rendered":"https:\/\/toprisesafety.com\/?post_type=product&#038;p=12390"},"modified":"2025-05-21T03:19:09","modified_gmt":"2025-05-21T03:19:09","slug":"28-inch-70-cm-green-safety-cones","status":"publish","type":"product","link":"https:\/\/toprisesafety.com\/it\/prodotto\/28-inch-70-cm-green-safety-cones\/","title":{"rendered":"Coni di sicurezza verdi da 28 pollici e 70 CM"},"content":{"rendered":"<h2>Coni di sicurezza verdi da 28 pollici e 70 CM<\/h2>\n<p>I coni stradali in PVC sono prodotti mediante stampaggio a iniezione. Il materiale in PVC morbido \u00e8 formato in un unico pezzo, ha un colore brillante, una buona morbidezza, non \u00e8 facile da sbiadire, non \u00e8 danneggiato dal passaggio delle auto, ha una lunga durata e una forte resistenza agli agenti atmosferici. Proprio perch\u00e9 i coni stradali in PVC hanno queste caratteristiche eccellenti, sono stati designati come coni stradali per l'uso sicuro sulle strade in Europa e in America.<\/p>\n<p>Coni per il traffico in PVC Caratteristiche:<\/p>\n<ul>\n<li>Ha una buona flessibilit\u00e0 e pu\u00f2 resistere al rotolamento delle auto e all'impatto di oggetti duri senza subire danni.<\/li>\n<li>Ha il vantaggio di essere resistente all'esposizione al sole, al vento e alla pioggia, al caldo e al freddo, di non screpolarsi e di non scolorirsi.<\/li>\n<li>I colori alternati bianco e rosso sono accattivanti e possono riflettere la luce abbagliante di notte, rendendola chiara al conducente a colpo d'occhio.<\/li>\n<\/ul>\n<p>Applicazione: Viene utilizzato nelle corsie degli incroci urbani, nella manutenzione delle superstrade, negli hotel, nelle aree residenziali, negli impianti sportivi, nelle aree pericolose, nei tratti di costruzione stradale, ecc.<\/p>\n<div style=\"width: 720px;\" class=\"wp-video\"><!--[if lt IE 9]><script>document.createElement('video');<\/script><![endif]-->\n<video class=\"wp-video-shortcode\" id=\"video-12390-1\" width=\"720\" height=\"1280\" preload=\"metadata\" controls=\"controls\"><source type=\"video\/mp4\" src=\"https:\/\/toprisesafety.com\/wp-content\/uploads\/2025\/05\/70CM-2.3KG-\u8367\u5149\u7effPVC\u8def\u9525.mp4?_=1\" \/><a href=\"https:\/\/toprisesafety.com\/wp-content\/uploads\/2025\/05\/70CM-2.3KG-\u8367\u5149\u7effPVC\u8def\u9525.mp4\">https:\/\/toprisesafety.com\/wp-content\/uploads\/2025\/05\/70CM-2.3KG-\u8367\u5149\u7effPVC\u8def\u9525.mp4<\/a><\/video><\/div>\n<table>\n<tbody>\n<tr>\n<td width=\"284\">ART NO.<\/td>\n<td width=\"284\">TCG70<\/td>\n<\/tr>\n<tr>\n<td width=\"284\">MATERIALE<\/td>\n<td width=\"284\">PVC<\/td>\n<\/tr>\n<tr>\n<td width=\"284\">Altezza<\/td>\n<td width=\"284\">70 CM<\/td>\n<\/tr>\n<tr>\n<td width=\"284\">Dimensione della base<\/td>\n<td width=\"284\">36\u00d736\u00a0CM<\/td>\n<\/tr>\n<tr>\n<td width=\"284\">Peso<\/td>\n<td width=\"284\">2.30 KGS\/ PC<\/td>\n<\/tr>\n<tr>\n<td width=\"284\">NASTRO RIFLETTENTE<\/td>\n<td width=\"284\">10 +15 CM<\/td>\n<\/tr>\n<tr>\n<td width=\"284\">MOQ<\/td>\n<td width=\"284\">500 PCS<\/td>\n<\/tr>\n<\/tbody>\n<\/table>\n<p>TOPRISE supporta vari stili di personalizzazione dei coni stradali; fare clic su <a href=\"https:\/\/toprisesafety.com\/it\/categoria-prodotto\/road-safety-products\/traffic-cone\/\">vedere altri stili di coni stradali.<\/a><\/p>\n<p>Se non trovate i coni stradali richiesti, <a href=\"https:\/\/toprisesafety.com\/it\/contact-us\/\">contattateci;<\/a> supportiamo la personalizzazione speciale.<\/p>","protected":false},"excerpt":{"rendered":"<p>Coni di sicurezza verdi da 28 pollici e 70 CM<\/p>\n<p>Art No..:\u00a0TCG70<\/p>\n<p>Materiale: PVC<\/p>\n<p>Altezza: 70 CM<\/p>\n<p>Base size: 36\u00d736\u00a0CM<\/p>\n<p>Weight: 2.30 KGS\/ PC<\/p>\n<p>Dimensioni del nastro riflettente: 10 +15 CM<\/p>\n<p>MOQ: 500 PCS<\/p>","protected":false},"featured_media":12392,"template":"","meta":{"_acf_changed":false},"product_brand":[],"product_cat":[325,395],"product_tag":[],"class_list":{"0":"post-12390","1":"product","2":"type-product","3":"status-publish","4":"has-post-thumbnail","6":"product_cat-road-safety-products","7":"product_cat-traffic-cone","9":"first","10":"instock","11":"shipping-taxable","12":"product-type-simple"},"acf":[],"_links":{"self":[{"href":"https:\/\/toprisesafety.com\/it\/wp-json\/wp\/v2\/product\/12390"}],"collection":[{"href":"https:\/\/toprisesafety.com\/it\/wp-json\/wp\/v2\/product"}],"about":[{"href":"https:\/\/toprisesafety.com\/it\/wp-json\/wp\/v2\/types\/product"}],"wp:featuredmedia":[{"embeddable":true,"href":"https:\/\/toprisesafety.com\/it\/wp-json\/wp\/v2\/media\/12392"}],"wp:attachment":[{"href":"https:\/\/toprisesafety.com\/it\/wp-json\/wp\/v2\/media?parent=12390"}],"wp:term":[{"taxonomy":"product_brand","embeddable":true,"href":"https:\/\/toprisesafety.com\/it\/wp-json\/wp\/v2\/product_brand?post=12390"},{"taxonomy":"product_cat","embeddable":true,"href":"https:\/\/toprisesafety.com\/it\/wp-json\/wp\/v2\/product_cat?post=12390"},{"taxonomy":"product_tag","embeddable":true,"href":"https:\/\/toprisesafety.com\/it\/wp-json\/wp\/v2\/product_tag?post=12390"}],"curies":[{"name":"wp","href":"https:\/\/api.w.org\/{rel}","templated":true}]}}