{"id":12376,"date":"2025-05-13T04:41:50","date_gmt":"2025-05-13T04:41:50","guid":{"rendered":"https:\/\/toprisesafety.com\/?post_type=product&#038;p=12376"},"modified":"2025-05-21T03:21:29","modified_gmt":"2025-05-21T03:21:29","slug":"70-cm-orange-traffic-cones","status":"publish","type":"product","link":"https:\/\/toprisesafety.com\/it\/prodotto\/70-cm-orange-traffic-cones\/","title":{"rendered":"70 CM coni arancioni per il traffico"},"content":{"rendered":"<h2>70 CM Orange\u00a0Traffic Cones<\/h2>\n<p>I coni stradali in PVC sono prodotti mediante stampaggio a iniezione. Il materiale in PVC morbido \u00e8 formato in un unico pezzo, ha un colore brillante, una buona morbidezza, non \u00e8 facile da sbiadire, non \u00e8 danneggiato dal passaggio delle auto, ha una lunga durata e una forte resistenza agli agenti atmosferici. Proprio perch\u00e9 i coni stradali in PVC hanno queste caratteristiche eccellenti, sono stati designati come coni stradali per l'uso sicuro sulle strade in Europa e in America.<\/p>\n<p>Coni per il traffico in PVC Caratteristiche:<\/p>\n<ul>\n<li>Ha una buona flessibilit\u00e0 e pu\u00f2 resistere al rotolamento delle auto e all'impatto di oggetti duri senza subire danni.<\/li>\n<li>Ha il vantaggio di essere resistente all'esposizione al sole, al vento e alla pioggia, al caldo e al freddo, di non screpolarsi e di non scolorirsi.<\/li>\n<li>I colori alternati bianco e rosso sono accattivanti e possono riflettere la luce abbagliante di notte, rendendola chiara al conducente a colpo d'occhio.<\/li>\n<\/ul>\n<p>Applicazione: Viene utilizzato nelle corsie degli incroci urbani, nella manutenzione delle superstrade, negli hotel, nelle aree residenziali, negli impianti sportivi, nelle aree pericolose, nei tratti di costruzione stradale, ecc.<\/p>\n<table>\n<tbody>\n<tr>\n<td width=\"284\">ART NO.<\/td>\n<td width=\"284\">TCP66<\/td>\n<\/tr>\n<tr>\n<td width=\"284\">MATERIALE<\/td>\n<td width=\"284\">PVC<\/td>\n<\/tr>\n<tr>\n<td width=\"284\">Altezza<\/td>\n<td width=\"284\">70\u00a0CM, 28\/30\/42\/45\/47\/50\/66\/90 CM for choice<\/td>\n<\/tr>\n<tr>\n<td width=\"284\">Dimensione della base<\/td>\n<td width=\"284\">34 \u00d7 34 CM<\/td>\n<\/tr>\n<tr>\n<td width=\"284\">Peso<\/td>\n<td width=\"284\">1,80\/2,0\/2,30 KG\/PZ.<\/td>\n<\/tr>\n<tr>\n<td width=\"284\">NASTRO RIFLETTENTE<\/td>\n<td width=\"284\">10 + 15 CM<\/td>\n<\/tr>\n<tr>\n<td width=\"284\">MOQ<\/td>\n<td width=\"284\">500 PCS<\/td>\n<\/tr>\n<\/tbody>\n<\/table>\n<figure id=\"attachment_12358\" aria-describedby=\"caption-attachment-12358\" style=\"width: 500px\" class=\"wp-caption alignnone\"><img fetchpriority=\"high\" decoding=\"async\" class=\"wp-image-12358\" src=\"https:\/\/toprisesafety.com\/wp-content\/uploads\/2025\/05\/PVC-TRAFFIC-CONES-300x162.png\" alt=\"PVC TRAFFIC CONES\" width=\"500\" height=\"270\" srcset=\"https:\/\/toprisesafety.com\/wp-content\/uploads\/2025\/05\/PVC-TRAFFIC-CONES-300x162.png 300w, https:\/\/toprisesafety.com\/wp-content\/uploads\/2025\/05\/PVC-TRAFFIC-CONES-768x415.png 768w, https:\/\/toprisesafety.com\/wp-content\/uploads\/2025\/05\/PVC-TRAFFIC-CONES-600x325.png 600w, https:\/\/toprisesafety.com\/wp-content\/uploads\/2025\/05\/PVC-TRAFFIC-CONES.png 782w\" sizes=\"(max-width: 500px) 100vw, 500px\" \/><figcaption id=\"caption-attachment-12358\" class=\"wp-caption-text\">CONI STRADALI IN PVC<\/figcaption><\/figure>\n<p>Diverse dimensioni di coni stradali in PVC orang per la scelta:<\/p>\n<table>\n<tbody>\n<tr>\n<td width=\"82\"><strong><b>ART NO.<\/b><\/strong><\/td>\n<td width=\"117\"><strong><b>ALTEZZA\/CM<\/b><\/strong><\/td>\n<td width=\"141\"><strong><b>DIMENSIONE BASE\/CM<\/b><\/strong><\/td>\n<td width=\"198\"><strong><b>DIMENSIONE RIFLETTENTE \/CM<\/b><\/strong><\/td>\n<td width=\"136\"><strong><b>PESO\/CM<\/b><\/strong><\/td>\n<\/tr>\n<tr>\n<td width=\"82\">TCP28<\/td>\n<td width=\"117\">28 CM<\/td>\n<td width=\"141\">21\u00d721 CM<\/td>\n<td width=\"198\">10 CM<\/td>\n<td width=\"136\">0,40 KGS<\/td>\n<\/tr>\n<tr>\n<td width=\"82\">TCP30<\/td>\n<td width=\"117\">30 CM<\/td>\n<td width=\"141\">21\u00d721 CM<\/td>\n<td width=\"198\">10 CM<\/td>\n<td width=\"136\">0,50 KGS<\/td>\n<\/tr>\n<tr>\n<td width=\"82\">TCP42<\/td>\n<td width=\"117\">42 CM<\/td>\n<td width=\"141\">27\u00d727 CM<\/td>\n<td width=\"198\">10 CM<\/td>\n<td width=\"136\">0,85 KGS<\/td>\n<\/tr>\n<tr>\n<td width=\"82\">TCP45<\/td>\n<td width=\"117\">45 CM<\/td>\n<td width=\"141\">28\u00d728 CM<\/td>\n<td width=\"198\">10 CM<\/td>\n<td width=\"136\">0,90\/1,1 KGS<\/td>\n<\/tr>\n<tr>\n<td width=\"82\">TCP47<\/td>\n<td width=\"117\">47 CM<\/td>\n<td width=\"141\">30\u00d730 CM<\/td>\n<td width=\"198\">10 + 10 CM<\/td>\n<td width=\"136\">0,90 KGS<\/td>\n<\/tr>\n<tr>\n<td width=\"82\">TCP50<\/td>\n<td width=\"117\">50 CM<\/td>\n<td width=\"141\">28\u00d728 CM<\/td>\n<td width=\"198\">10 + 10 CM<\/td>\n<td width=\"136\">1,10 KGS\/ PC<\/td>\n<\/tr>\n<tr>\n<td width=\"82\">TCP66<\/td>\n<td width=\"117\">66 CM<\/td>\n<td width=\"141\">33 \u00d7 33 CM<\/td>\n<td width=\"198\">10+15 CM<\/td>\n<td width=\"136\">1,55 KG\/ PC<\/td>\n<\/tr>\n<tr>\n<td width=\"82\">TCP70<\/td>\n<td width=\"117\">70 CM<\/td>\n<td width=\"141\">34 \u00d7 34 CM<\/td>\n<td width=\"198\">10+15 CM<\/td>\n<td width=\"136\">1,80\/2,0\/2,30 KG\/PZ.<\/td>\n<\/tr>\n<tr>\n<td width=\"82\">TCP90<\/td>\n<td width=\"117\">90 CM<\/td>\n<td width=\"141\">37 \u00d7 37 CM<\/td>\n<td width=\"198\">10+15 CM<\/td>\n<td width=\"136\">3,0\/4,5 KG\/PZ.<\/td>\n<\/tr>\n<\/tbody>\n<\/table>\n<p>TOPRISE supporta vari stili di personalizzazione dei coni stradali; fare clic su <a href=\"https:\/\/toprisesafety.com\/it\/categoria-prodotto\/road-safety-products\/traffic-cone\/\">vedere altri stili di coni stradali.<\/a><\/p>\n<p>Se non trovate i coni stradali richiesti, <a href=\"https:\/\/toprisesafety.com\/it\/contact-us\/\">contattateci;<\/a> supportiamo la personalizzazione speciale.<\/p>","protected":false},"excerpt":{"rendered":"<p>Art No..:\u00a0TCP70<\/p>\n<p>Materiale: PVC<\/p>\n<p>Altezza: 70 CM<\/p>\n<p>Base size: 34 \u00d7\u00a034\u00a0CM<\/p>\n<p>Weight:\u00a01.80\/2.0\/2.30 KGS\/ PC<\/p>\n<p>Dimensioni del nastro riflettente: 10+15 CM<\/p>\n<p>MOQ: 500 PCS<\/p>","protected":false},"featured_media":12377,"template":"","meta":{"_acf_changed":false},"product_brand":[],"product_cat":[325,395],"product_tag":[],"class_list":{"0":"post-12376","1":"product","2":"type-product","3":"status-publish","4":"has-post-thumbnail","6":"product_cat-road-safety-products","7":"product_cat-traffic-cone","9":"first","10":"instock","11":"shipping-taxable","12":"product-type-simple"},"acf":[],"_links":{"self":[{"href":"https:\/\/toprisesafety.com\/it\/wp-json\/wp\/v2\/product\/12376"}],"collection":[{"href":"https:\/\/toprisesafety.com\/it\/wp-json\/wp\/v2\/product"}],"about":[{"href":"https:\/\/toprisesafety.com\/it\/wp-json\/wp\/v2\/types\/product"}],"wp:featuredmedia":[{"embeddable":true,"href":"https:\/\/toprisesafety.com\/it\/wp-json\/wp\/v2\/media\/12377"}],"wp:attachment":[{"href":"https:\/\/toprisesafety.com\/it\/wp-json\/wp\/v2\/media?parent=12376"}],"wp:term":[{"taxonomy":"product_brand","embeddable":true,"href":"https:\/\/toprisesafety.com\/it\/wp-json\/wp\/v2\/product_brand?post=12376"},{"taxonomy":"product_cat","embeddable":true,"href":"https:\/\/toprisesafety.com\/it\/wp-json\/wp\/v2\/product_cat?post=12376"},{"taxonomy":"product_tag","embeddable":true,"href":"https:\/\/toprisesafety.com\/it\/wp-json\/wp\/v2\/product_tag?post=12376"}],"curies":[{"name":"wp","href":"https:\/\/api.w.org\/{rel}","templated":true}]}}