{"id":12348,"date":"2025-05-13T03:19:42","date_gmt":"2025-05-13T03:19:42","guid":{"rendered":"https:\/\/toprisesafety.com\/?post_type=product&#038;p=12348"},"modified":"2025-05-21T03:22:45","modified_gmt":"2025-05-21T03:22:45","slug":"90-cm-orange-pvc-traffic-cones","status":"publish","type":"product","link":"https:\/\/toprisesafety.com\/it\/prodotto\/90-cm-orange-pvc-traffic-cones\/","title":{"rendered":"90 CM arancione PVC traffico Coni"},"content":{"rendered":"<h2>90 CM arancione PVC traffico Coni<\/h2>\n<p>I coni stradali in PVC sono prodotti mediante stampaggio a iniezione. Il materiale in PVC morbido \u00e8 formato in un unico pezzo, ha un colore brillante, una buona morbidezza, non \u00e8 facile da sbiadire, non \u00e8 danneggiato dal passaggio delle auto, ha una lunga durata e una forte resistenza agli agenti atmosferici. Proprio perch\u00e9 i coni stradali in PVC hanno queste caratteristiche eccellenti, sono stati designati come coni stradali per l'uso sicuro sulle strade in Europa e in America.<\/p>\n<p>Coni per il traffico in PVC Caratteristiche:<\/p>\n<ul>\n<li>Ha una buona flessibilit\u00e0 e pu\u00f2 resistere al rotolamento delle auto e all'impatto di oggetti duri senza subire danni.<\/li>\n<li>Ha il vantaggio di essere resistente all'esposizione al sole, al vento e alla pioggia, al caldo e al freddo, di non screpolarsi e di non scolorirsi.<\/li>\n<li>I colori alternati bianco e rosso sono accattivanti e possono riflettere la luce abbagliante di notte, rendendola chiara al conducente a colpo d'occhio.<\/li>\n<\/ul>\n<p>&nbsp;<\/p>\n<p>Applicazione: Viene utilizzato nelle corsie degli incroci urbani, nella manutenzione delle superstrade, negli hotel, nelle aree residenziali, negli impianti sportivi, nelle aree pericolose, nei tratti di costruzione stradale, ecc.<\/p>\n<div style=\"width: 720px;\" class=\"wp-video\"><!--[if lt IE 9]><script>document.createElement('video');<\/script><![endif]-->\n<video class=\"wp-video-shortcode\" id=\"video-12348-1\" width=\"720\" height=\"1280\" preload=\"metadata\" controls=\"controls\"><source type=\"video\/mp4\" src=\"https:\/\/toprisesafety.com\/wp-content\/uploads\/2025\/05\/90CM-PVC-CONE.mp4?_=1\" \/><a href=\"https:\/\/toprisesafety.com\/wp-content\/uploads\/2025\/05\/90CM-PVC-CONE.mp4\">https:\/\/toprisesafety.com\/wp-content\/uploads\/2025\/05\/90CM-PVC-CONE.mp4<\/a><\/video><\/div>\n<table>\n<tbody>\n<tr>\n<td width=\"284\">ART NO.<\/td>\n<td width=\"284\">TCRB-75<\/td>\n<\/tr>\n<tr>\n<td width=\"284\">MATERIALE<\/td>\n<td width=\"284\">PVC<\/td>\n<\/tr>\n<tr>\n<td width=\"284\">Altezza<\/td>\n<td width=\"284\">90\u00a0CM, 30\/45\/70\/75CM for choice<\/td>\n<\/tr>\n<tr>\n<td width=\"284\">Dimensione della base<\/td>\n<td width=\"284\">36*36\u00a0CM<\/td>\n<\/tr>\n<tr>\n<td width=\"284\">Peso<\/td>\n<td width=\"284\">3.4 KG\/ 4.1 KG\/ 4.3 KG per PC\u00a0for choice<\/td>\n<\/tr>\n<tr>\n<td width=\"284\">NASTRO RIFLETTENTE<\/td>\n<td width=\"284\">10\u00a0+15\u00a0CM<\/td>\n<\/tr>\n<tr>\n<td width=\"284\">Colore<\/td>\n<td width=\"284\">Orange\/black<\/td>\n<\/tr>\n<tr>\n<td width=\"284\">MOQ<\/td>\n<td width=\"284\">500 PCS<\/td>\n<\/tr>\n<\/tbody>\n<\/table>\n<p><img fetchpriority=\"high\" decoding=\"async\" class=\"alignnone size-medium wp-image-12342\" src=\"https:\/\/toprisesafety.com\/wp-content\/uploads\/2025\/05\/PVC-TRAFFIC-CONE-1-1-300x300.png\" alt=\"\" width=\"300\" height=\"300\" srcset=\"https:\/\/toprisesafety.com\/wp-content\/uploads\/2025\/05\/PVC-TRAFFIC-CONE-1-1-300x300.png 300w, https:\/\/toprisesafety.com\/wp-content\/uploads\/2025\/05\/PVC-TRAFFIC-CONE-1-1-150x150.png 150w, https:\/\/toprisesafety.com\/wp-content\/uploads\/2025\/05\/PVC-TRAFFIC-CONE-1-1-768x768.png 768w, https:\/\/toprisesafety.com\/wp-content\/uploads\/2025\/05\/PVC-TRAFFIC-CONE-1-1-600x600.png 600w, https:\/\/toprisesafety.com\/wp-content\/uploads\/2025\/05\/PVC-TRAFFIC-CONE-1-1-100x100.png 100w, https:\/\/toprisesafety.com\/wp-content\/uploads\/2025\/05\/PVC-TRAFFIC-CONE-1-1.png 800w\" sizes=\"(max-width: 300px) 100vw, 300px\" \/><\/p>\n<p>Diffeent sizes of orange\/black PVC traffic cones for choice :<\/p>\n<table>\n<tbody>\n<tr>\n<td width=\"82\"><strong><b>ART NO.<\/b><\/strong><\/td>\n<td width=\"117\"><strong><b>ALTEZZA\/CM<\/b><\/strong><\/td>\n<td width=\"141\"><strong><b>DIMENSIONE BASE\/CM<\/b><\/strong><\/td>\n<td width=\"198\"><strong><b>DIMENSIONE RIFLETTENTE \/CM<\/b><\/strong><\/td>\n<td width=\"136\"><strong><b>PESO\/CM<\/b><\/strong><\/td>\n<\/tr>\n<tr>\n<td width=\"82\">TCRB-30<\/td>\n<td width=\"117\">30 CM<\/td>\n<td width=\"141\">22\u00d722CM<\/td>\n<td width=\"198\">10 CM<\/td>\n<td width=\"136\">1 KGS<\/td>\n<\/tr>\n<tr>\n<td width=\"82\">TCRB-45<\/td>\n<td width=\"117\">45 CM<\/td>\n<td width=\"141\">28\u00d728 CM<\/td>\n<td width=\"198\">10 CM<\/td>\n<td width=\"136\">1.3 \/1.6 KGS<\/td>\n<\/tr>\n<tr>\n<td width=\"82\">TCRB-70<\/td>\n<td width=\"117\">70 CM<\/td>\n<td width=\"141\">36\u00d736 CM<\/td>\n<td width=\"198\">15+10 CM<\/td>\n<td width=\"136\">2.3\/3.2 KGS<\/td>\n<\/tr>\n<tr>\n<td width=\"82\">TCRB-75<\/td>\n<td width=\"117\">75 CM<\/td>\n<td width=\"141\">36\u00d736 CM<\/td>\n<td width=\"198\">15 + 10 CM<\/td>\n<td width=\"136\">3.2 KGS<\/td>\n<\/tr>\n<tr>\n<td width=\"82\">TCRB-90<\/td>\n<td width=\"117\">90 CM<\/td>\n<td width=\"141\">36\u00d736 CM<\/td>\n<td width=\"198\">15 + 10 CM<\/td>\n<td width=\"136\">3.4\/4.1\/4.3 KGS<\/td>\n<\/tr>\n<\/tbody>\n<\/table>\n<p>TOPRISE supporta vari stili di personalizzazione dei coni stradali; fare clic su <a href=\"https:\/\/toprisesafety.com\/it\/categoria-prodotto\/road-safety-products\/traffic-cone\/\">vedere altri stili di coni stradali.<\/a><\/p>\n<p>Se non trovate i coni stradali richiesti, <a href=\"https:\/\/toprisesafety.com\/it\/contact-us\/\">contattateci;<\/a> supportiamo la personalizzazione speciale.<\/p>","protected":false},"excerpt":{"rendered":"<p>Art No..:\u00a0TCRB-90<\/p>\n<p>Materiale: PVC<\/p>\n<p>Altezza: 90 CM<\/p>\n<p>Base size: 36*36\u00a0CM<\/p>\n<p>Weight:\u00a03.4 KG\/ 4.1 KG\/ 4.3 KG per PC\u00a0for choice<\/p>\n<p>Reflective tape size: 10\u00a0+15\u00a0CM<\/p>\n<p>Color: Orange\/black<\/p>\n<p>MOQ: 500 PCS<\/p>","protected":false},"featured_media":12350,"template":"","meta":{"_acf_changed":false},"product_brand":[],"product_cat":[395,325],"product_tag":[],"class_list":{"0":"post-12348","1":"product","2":"type-product","3":"status-publish","4":"has-post-thumbnail","6":"product_cat-traffic-cone","7":"product_cat-road-safety-products","9":"first","10":"instock","11":"shipping-taxable","12":"product-type-simple"},"acf":[],"_links":{"self":[{"href":"https:\/\/toprisesafety.com\/it\/wp-json\/wp\/v2\/product\/12348"}],"collection":[{"href":"https:\/\/toprisesafety.com\/it\/wp-json\/wp\/v2\/product"}],"about":[{"href":"https:\/\/toprisesafety.com\/it\/wp-json\/wp\/v2\/types\/product"}],"wp:featuredmedia":[{"embeddable":true,"href":"https:\/\/toprisesafety.com\/it\/wp-json\/wp\/v2\/media\/12350"}],"wp:attachment":[{"href":"https:\/\/toprisesafety.com\/it\/wp-json\/wp\/v2\/media?parent=12348"}],"wp:term":[{"taxonomy":"product_brand","embeddable":true,"href":"https:\/\/toprisesafety.com\/it\/wp-json\/wp\/v2\/product_brand?post=12348"},{"taxonomy":"product_cat","embeddable":true,"href":"https:\/\/toprisesafety.com\/it\/wp-json\/wp\/v2\/product_cat?post=12348"},{"taxonomy":"product_tag","embeddable":true,"href":"https:\/\/toprisesafety.com\/it\/wp-json\/wp\/v2\/product_tag?post=12348"}],"curies":[{"name":"wp","href":"https:\/\/api.w.org\/{rel}","templated":true}]}}