{"id":12236,"date":"2025-05-10T01:27:27","date_gmt":"2025-05-10T01:27:27","guid":{"rendered":"https:\/\/toprisesafety.com\/?post_type=product&#038;p=12236"},"modified":"2025-05-12T03:09:04","modified_gmt":"2025-05-12T03:09:04","slug":"solar-traffic-alarm-lamp","status":"publish","type":"product","link":"https:\/\/toprisesafety.com\/it\/prodotto\/solar-traffic-alarm-lamp\/","title":{"rendered":"Lampada di allarme solare per il traffico"},"content":{"rendered":"<h1>Lampada di allarme solare per il traffico<\/h1>\n<p>Solar Traffic Alarm Lamp features:<\/p>\n<ul>\n<li>A energia solare: Utilizzando l'energia solare, \u00e8 ecologico e a risparmio energetico e non richiede la sostituzione della batteria.<\/li>\n<li>Materiali resistenti: Realizzato in plastica resistente e strutture metalliche, pu\u00f2 adattarsi a vari ambienti.<\/li>\n<li>Alta visibilit\u00e0: elevata luminosit\u00e0, che pu\u00f2 migliorare significativamente la visibilit\u00e0 in ambienti con scarsa illuminazione.<\/li>\n<li>Personalizzazione del LOGO: Supporta la personalizzazione del LOGO, adatto alla promozione aziendale.<\/li>\n<li>Personalizzazione dell'imballaggio: Offriamo opzioni di imballaggio personalizzate per soddisfare le diverse richieste del mercato.<\/li>\n<\/ul>\n<table style=\"height: 791px;\" width=\"866\">\n<tbody>\n<tr>\n<td width=\"426\">ART NO.<\/td>\n<td width=\"426\">WL05<\/td>\n<\/tr>\n<tr>\n<td width=\"426\">DIMENSIONE<\/td>\n<td width=\"426\">23 CM di lunghezza * 18 CM di larghezza<\/td>\n<\/tr>\n<tr>\n<td width=\"426\">MATERIALE<\/td>\n<td width=\"426\">L'obiettivo \u00e8 in PS e la base \u00e8 in ABS<\/td>\n<\/tr>\n<tr>\n<td width=\"426\">MODO DI LAVORO<\/td>\n<td width=\"426\">Brillante o sempre acceso<\/td>\n<\/tr>\n<tr>\n<td width=\"426\">SORGENTE LUMINOSA<\/td>\n<td width=\"426\">Diametro 5 MM * 6 PCS led<\/td>\n<\/tr>\n<tr>\n<td width=\"426\">Luminescenza<\/td>\n<td width=\"426\">10000 MCD<\/td>\n<\/tr>\n<tr>\n<td width=\"426\">BATTERIA RICARICABILE<\/td>\n<td width=\"426\">Batteria ricaricabile al nichel-metallo-idruro<\/td>\n<\/tr>\n<tr>\n<td width=\"426\">FREQUENZA DEL FLASH<\/td>\n<td width=\"426\">60+\/-5% tempi\/minuto<\/td>\n<\/tr>\n<tr>\n<td width=\"426\">POTENZA<\/td>\n<td width=\"426\">0.3W<\/td>\n<\/tr>\n<tr>\n<td width=\"426\">LIVELLO DI PROTEZIONE<\/td>\n<td width=\"426\">IP64<\/td>\n<\/tr>\n<tr>\n<td width=\"426\">GAMMA VISIVA<\/td>\n<td width=\"426\">400-600M (di notte)<\/td>\n<\/tr>\n<tr>\n<td width=\"426\">ISTRUZIONI PER L'USO<\/td>\n<td width=\"426\">Attivare l'interruttore di alimentazione: Entrare nella modalit\u00e0 di rilevamento del controllo della luce. Si spegner\u00e0 automaticamente durante il giorno e lampegger\u00e0 di notte.<\/td>\n<\/tr>\n<tr>\n<td width=\"426\">APPLICAZIONE<\/td>\n<td width=\"426\">Protezione della sicurezza, lavori in cantiere, ecc.<\/td>\n<\/tr>\n<tr>\n<td width=\"426\">IMBALLAGGIO<\/td>\n<td width=\"426\">30 PEZZI\/CTN, 56,5*32,5*29 CM<\/td>\n<\/tr>\n<\/tbody>\n<\/table>\n<p>TOPRISE supporta diversi stili di personalizzazione delle lampade di segnalazione; fare clic su <a href=\"https:\/\/toprisesafety.com\/it\/categoria-prodotto\/road-safety-products\/warning-lamp\/\">vedere altri modelli di lampade di segnalazione.<\/a><\/p>\n<p>Se non trovate la spia desiderata,<a href=\"https:\/\/toprisesafety.com\/it\/contact-us\/\"> contattateci;<\/a> supportiamo la personalizzazione speciale.<\/p>","protected":false},"excerpt":{"rendered":"<p>Art No.: WL05<\/p>\n<p>Colore: rosso<\/p>\n<p>Luminous source: diameter 5mm * 6PCS led , luminance: 10000 MCD<\/p>\n<p>Tipo di batteria ricaricabile: Batteria ricaricabile all'idruro di nichel-metallo<\/p>\n<p>MOQ: 100PCS<\/p>","protected":false},"featured_media":12238,"template":"","meta":{"_acf_changed":false},"product_brand":[],"product_cat":[325,337],"product_tag":[391,392,181],"class_list":{"0":"post-12236","1":"product","2":"type-product","3":"status-publish","4":"has-post-thumbnail","6":"product_cat-road-safety-products","7":"product_cat-warning-lamp","8":"product_tag-solar-traffic-alarm-lamp","9":"product_tag-warning-lamp","10":"product_tag-warning-light","12":"first","13":"instock","14":"shipping-taxable","15":"product-type-simple"},"acf":[],"_links":{"self":[{"href":"https:\/\/toprisesafety.com\/it\/wp-json\/wp\/v2\/product\/12236"}],"collection":[{"href":"https:\/\/toprisesafety.com\/it\/wp-json\/wp\/v2\/product"}],"about":[{"href":"https:\/\/toprisesafety.com\/it\/wp-json\/wp\/v2\/types\/product"}],"wp:featuredmedia":[{"embeddable":true,"href":"https:\/\/toprisesafety.com\/it\/wp-json\/wp\/v2\/media\/12238"}],"wp:attachment":[{"href":"https:\/\/toprisesafety.com\/it\/wp-json\/wp\/v2\/media?parent=12236"}],"wp:term":[{"taxonomy":"product_brand","embeddable":true,"href":"https:\/\/toprisesafety.com\/it\/wp-json\/wp\/v2\/product_brand?post=12236"},{"taxonomy":"product_cat","embeddable":true,"href":"https:\/\/toprisesafety.com\/it\/wp-json\/wp\/v2\/product_cat?post=12236"},{"taxonomy":"product_tag","embeddable":true,"href":"https:\/\/toprisesafety.com\/it\/wp-json\/wp\/v2\/product_tag?post=12236"}],"curies":[{"name":"wp","href":"https:\/\/api.w.org\/{rel}","templated":true}]}}