{"id":12200,"date":"2025-05-08T08:02:31","date_gmt":"2025-05-08T08:02:31","guid":{"rendered":"https:\/\/toprisesafety.com\/?post_type=product&#038;p=12200"},"modified":"2025-05-08T08:02:31","modified_gmt":"2025-05-08T08:02:31","slug":"construction-safety-barrier-fence","status":"publish","type":"product","link":"https:\/\/toprisesafety.com\/it\/prodotto\/construction-safety-barrier-fence\/","title":{"rendered":"Barriera di sicurezza per l'edilizia"},"content":{"rendered":"<h2>Barriera di sicurezza per l'edilizia<\/h2>\n<ul>\n<li>Forte durata: Le recinzioni in plastica LDPE sono caratterizzate da un'elevata resistenza e da una lunga durata.<\/li>\n<li>Anticorrosione: Adattabile a vari ambienti, altamente resistente alla corrosione e non facilmente intaccabile dagli agenti chimici.<\/li>\n<li>Non tende all'invecchiamento: Anche se esposto alla luce del sole, non invecchia rapidamente dopo un uso prolungato.<\/li>\n<li>Buona flessibilit\u00e0: Pu\u00f2 essere piegato senza rompersi, il che \u00e8 comodo per l'installazione.<\/li>\n<li>Leggero e portatile: Leggero, \u00e8 comodo da spostare, installare e riporre.<\/li>\n<li>Facile installazione: Non sono necessari strumenti professionali, il che rende conveniente un montaggio e uno smontaggio rapidi.<\/li>\n<li>Ampia adattabilit\u00e0: Adatto per l'isolamento e la protezione temporanea in cantieri, strade, mostre, ecc.<\/li>\n<li>Forte resistenza agli agenti atmosferici: Pu\u00f2 adattarsi alle esigenze di utilizzo in diverse condizioni climatiche.<\/li>\n<li>Migliorare la sicurezza: Impedire efficacemente al personale di entrare in aree pericolose e migliorare la gestione della sicurezza.<\/li>\n<\/ul>\n<table>\n<tbody>\n<tr>\n<td width=\"284\">ART NO.<\/td>\n<td width=\"284\">SF45<\/td>\n<\/tr>\n<tr>\n<td width=\"284\">Materiale<\/td>\n<td width=\"284\">LDPE<\/td>\n<\/tr>\n<tr>\n<td width=\"284\">Colore<\/td>\n<td width=\"284\">Arancione, rosso, verde, nero o personalizzato.<\/td>\n<\/tr>\n<tr>\n<td width=\"284\">Dimensione del foro<\/td>\n<td width=\"284\">65*35MM. L'altra dimensione 45*45MM, 100*40MM, 130*30MM per la scelta<\/td>\n<\/tr>\n<tr>\n<td width=\"284\">Peso<\/td>\n<td width=\"284\">130 g o personalizzato<\/td>\n<\/tr>\n<tr>\n<td width=\"284\">Larghezza<\/td>\n<td width=\"284\">1 m o 1,2 m a scelta<\/td>\n<\/tr>\n<tr>\n<td width=\"284\">Lunghezza<\/td>\n<td width=\"284\">30 m o 50 m per rotolo o su misura<\/td>\n<\/tr>\n<tr>\n<td width=\"284\">Imballaggio<\/td>\n<td width=\"284\">Ogni rotolo \u00e8 confezionato in un sacchetto trasparente<\/td>\n<\/tr>\n<tr>\n<td width=\"284\">Logo<\/td>\n<td width=\"284\">Carta a colori, adesivo o personalizzato<\/td>\n<\/tr>\n<\/tbody>\n<\/table>","protected":false},"excerpt":{"rendered":"<p>Art. n. SF65<\/p>\n<p>Materiale: LDPE<\/p>\n<p>Dimensione del foro: 65*35 MM<\/p>\n<p>Larghezza: 1M o 1,2 M<\/p>\n<p>Lunghezza: 30 M\/rotolo o 50 M\/rotolo.<\/p>\n<p>Dimensioni: Personalizzato<\/p>\n<p>Peso: 130G o personalizzato<\/p>\n<p>Colore: arancione<\/p>\n<p>MOQ: 500ROLLS<\/p>","protected":false},"featured_media":12205,"template":"","meta":{"_acf_changed":false},"product_brand":[],"product_cat":[325,334],"product_tag":[],"class_list":{"0":"post-12200","1":"product","2":"type-product","3":"status-publish","4":"has-post-thumbnail","6":"product_cat-road-safety-products","7":"product_cat-safety-fence","9":"first","10":"instock","11":"shipping-taxable","12":"product-type-simple"},"acf":[],"_links":{"self":[{"href":"https:\/\/toprisesafety.com\/it\/wp-json\/wp\/v2\/product\/12200"}],"collection":[{"href":"https:\/\/toprisesafety.com\/it\/wp-json\/wp\/v2\/product"}],"about":[{"href":"https:\/\/toprisesafety.com\/it\/wp-json\/wp\/v2\/types\/product"}],"wp:featuredmedia":[{"embeddable":true,"href":"https:\/\/toprisesafety.com\/it\/wp-json\/wp\/v2\/media\/12205"}],"wp:attachment":[{"href":"https:\/\/toprisesafety.com\/it\/wp-json\/wp\/v2\/media?parent=12200"}],"wp:term":[{"taxonomy":"product_brand","embeddable":true,"href":"https:\/\/toprisesafety.com\/it\/wp-json\/wp\/v2\/product_brand?post=12200"},{"taxonomy":"product_cat","embeddable":true,"href":"https:\/\/toprisesafety.com\/it\/wp-json\/wp\/v2\/product_cat?post=12200"},{"taxonomy":"product_tag","embeddable":true,"href":"https:\/\/toprisesafety.com\/it\/wp-json\/wp\/v2\/product_tag?post=12200"}],"curies":[{"name":"wp","href":"https:\/\/api.w.org\/{rel}","templated":true}]}}