{"id":12105,"date":"2025-04-30T06:22:13","date_gmt":"2025-04-30T06:22:13","guid":{"rendered":"https:\/\/toprisesafety.com\/?post_type=product&#038;p=12105"},"modified":"2025-05-06T07:51:36","modified_gmt":"2025-05-06T07:51:36","slug":"hi-vis-fleece-hoodie","status":"publish","type":"product","link":"https:\/\/toprisesafety.com\/it\/prodotto\/hi-vis-fleece-hoodie\/","title":{"rendered":"Felpa con cappuccio in pile Hi Vis"},"content":{"rendered":"<h2>Felpa con cappuccio in pile Hi Vis<\/h2>\n<ul>\n<li>Tessuto in pile: Realizzato in morbido e confortevole tessuto di pile, ha una forte capacit\u00e0 di trattenere il calore ed \u00e8 adatto all'uso in condizioni di freddo, mantenendo comfort e calore.<\/li>\n<li>Strisce riflettenti ad alta luminosit\u00e0: Il design delle strisce riflettenti ad alta luminosit\u00e0 garantisce un'elevata visibilit\u00e0 in ambienti con scarsa illuminazione, aumentando la sicurezza di chi le indossa.<\/li>\n<li>Design alla moda con cappuccio: Il design con cappuccio aumenta il comfort e la praticit\u00e0, garantendo al contempo eccellenti prestazioni antivento.<\/li>\n<li>Personalizzazione del LOGO: Supportiamo la personalizzazione del LOGO per migliorare il riconoscimento del marchio e aggiungere personalizzazione.<\/li>\n<li>Imballaggio personalizzato: Offriamo servizi di imballaggio personalizzati per soddisfare le diverse esigenze dei clienti e migliorare la competitivit\u00e0 del mercato.<\/li>\n<\/ul>\n<table>\n<tbody>\n<tr>\n<td width=\"284\">ART NO.<\/td>\n<td width=\"284\">FH01<\/td>\n<\/tr>\n<tr>\n<td width=\"284\">Materiale del tessuto<\/td>\n<td width=\"284\">Pile polare da 260 g\/mq o personalizzato<\/td>\n<\/tr>\n<tr>\n<td width=\"284\">Nastro riflettente<\/td>\n<td width=\"284\">Nastro riflettente ad alta visibilit\u00e0 da 5 cm<\/td>\n<\/tr>\n<tr>\n<td width=\"284\">Colore<\/td>\n<td width=\"284\">Giallo fluorescente\/arancio-rosso\/giallo fluorescente+blu scuro o personalizzato<\/td>\n<\/tr>\n<tr>\n<td width=\"284\">Logo<\/td>\n<td width=\"284\">La stampa di logo del cliente, il ricamo, o l'etichetta di logo \u00e8 disponibile<\/td>\n<\/tr>\n<tr>\n<td width=\"284\">MOQ<\/td>\n<td width=\"284\">1000 PCS<\/td>\n<\/tr>\n<tr>\n<td width=\"284\">Imballaggio<\/td>\n<td width=\"284\">1PC\/OPP, 50PC\/CTN, imballaggio speciale secondo il requisito del cliente<\/td>\n<\/tr>\n<\/tbody>\n<\/table>\n<p>TOPRISE supporta vari stili di giacche di sicurezza, magliette riflettenti e personalizzazione di felpe con cappuccio di sicurezza; fare clic su <a href=\"https:\/\/toprisesafety.com\/it\/categoria-prodotto\/road-safety-products\/warning-wear\/warning-jacket-t-shirt-hoodie\/\">vedere altri modelli di abbigliamento da lavoro di sicurezza.<\/a><\/p>\n<p>Se non trovate l'abbigliamento da lavoro di sicurezza richiesto, come giubbotti di sicurezza, magliette riflettenti, felpe con cappuccio, ecc, <a href=\"https:\/\/toprisesafety.com\/it\/contact-us\/\">contattateci;<\/a> supportiamo la personalizzazione speciale.<\/p>","protected":false},"excerpt":{"rendered":"<p>Codice articolo: FH01<\/p>\n<p>Materiale: pile polare da 260 g\/mq o personalizzato<\/p>\n<p>Dimensioni: S-XXXL o personalizzato<\/p>\n<p>Nastro riflettente: 5CM nastro riflettente ad alta visibilit\u00e0<\/p>\n<p>Colore: giallo fluorescente + nero \/ arancio-rosso+nero o personalizzato<\/p>\n<p>Stampa del logo: disponibile<\/p>\n<p>MOQ: 1000PCS<\/p>","protected":false},"featured_media":12109,"template":"","meta":{"_acf_changed":false},"product_brand":[],"product_cat":[339,325],"product_tag":[],"class_list":{"0":"post-12105","1":"product","2":"type-product","3":"status-publish","4":"has-post-thumbnail","6":"product_cat-warning-jacket-t-shirt-hoodie","7":"product_cat-road-safety-products","9":"first","10":"instock","11":"shipping-taxable","12":"product-type-simple"},"acf":[],"_links":{"self":[{"href":"https:\/\/toprisesafety.com\/it\/wp-json\/wp\/v2\/product\/12105"}],"collection":[{"href":"https:\/\/toprisesafety.com\/it\/wp-json\/wp\/v2\/product"}],"about":[{"href":"https:\/\/toprisesafety.com\/it\/wp-json\/wp\/v2\/types\/product"}],"wp:featuredmedia":[{"embeddable":true,"href":"https:\/\/toprisesafety.com\/it\/wp-json\/wp\/v2\/media\/12109"}],"wp:attachment":[{"href":"https:\/\/toprisesafety.com\/it\/wp-json\/wp\/v2\/media?parent=12105"}],"wp:term":[{"taxonomy":"product_brand","embeddable":true,"href":"https:\/\/toprisesafety.com\/it\/wp-json\/wp\/v2\/product_brand?post=12105"},{"taxonomy":"product_cat","embeddable":true,"href":"https:\/\/toprisesafety.com\/it\/wp-json\/wp\/v2\/product_cat?post=12105"},{"taxonomy":"product_tag","embeddable":true,"href":"https:\/\/toprisesafety.com\/it\/wp-json\/wp\/v2\/product_tag?post=12105"}],"curies":[{"name":"wp","href":"https:\/\/api.w.org\/{rel}","templated":true}]}}