{"id":12071,"date":"2025-04-29T07:15:29","date_gmt":"2025-04-29T07:15:29","guid":{"rendered":"https:\/\/toprisesafety.com\/?post_type=product&#038;p=12071"},"modified":"2025-05-06T07:53:12","modified_gmt":"2025-05-06T07:53:12","slug":"reflective-winter-jacket-2","status":"publish","type":"product","link":"https:\/\/toprisesafety.com\/it\/prodotto\/reflective-winter-jacket-2\/","title":{"rendered":"Giacca invernale riflettente"},"content":{"rendered":"<h2>Giacca invernale riflettente<\/h2>\n<ul>\n<li>Tessuto in pile riflettente elastico su quattro lati: Con un design elastico su quattro lati, offre maggiore comfort e flessibilit\u00e0 nei movimenti. La fodera in pile rimane calda, rendendola adatta all'uso in ambienti a basse temperature.<\/li>\n<li>Striscia riflettente ad alta luminosit\u00e0 da 5 cm: La striscia riflettente ad alta luminosit\u00e0 garantisce la visibilit\u00e0 in ambienti poco illuminati, aumenta la sicurezza ed \u00e8 particolarmente adatta per il lavoro notturno o le attivit\u00e0 all'aperto.<\/li>\n<li>Coulisse regolabile sull'orlo: L'orlo \u00e8 dotato di una coulisse regolabile, che consente di regolare facilmente la tenuta per mantenere una vestibilit\u00e0 aderente e impedire l'ingresso del vento freddo.<\/li>\n<li>Design del polsino regolabile: Il design del polsino pu\u00f2 essere regolato per adattarsi alle diverse corporature, garantendo una vestibilit\u00e0 confortevole e una protezione antivento e termica.<\/li>\n<li>Personalizzazione del LOGO: Supportiamo la personalizzazione del LOGO per migliorare la personalizzazione del marchio e aumentarne l'esposizione.<\/li>\n<li>Imballaggio personalizzato: Offriamo servizi di imballaggio personalizzati per soddisfare le diverse esigenze dei vari clienti, migliorando la competitivit\u00e0 del mercato e l'immagine del marchio.<\/li>\n<\/ul>\n<table>\n<tbody>\n<tr>\n<td width=\"284\">ART NO.<\/td>\n<td width=\"284\">SJ05<\/td>\n<\/tr>\n<tr>\n<td width=\"284\">Materiale del tessuto<\/td>\n<td width=\"284\">Pile composito elasticizzato su quattro lati da 310 g 75D twill<\/td>\n<\/tr>\n<tr>\n<td width=\"284\">Nastro riflettente<\/td>\n<td width=\"284\">Nastro riflettente ad alta visibilit\u00e0 da 5 cm<\/td>\n<\/tr>\n<tr>\n<td width=\"284\">Colore<\/td>\n<td width=\"284\">Giallo fluorescente\/arancione-rosso\/giallo fluorescente+blu navy\/arancione-rosso+ blu navy o personalizzato<\/td>\n<\/tr>\n<tr>\n<td width=\"284\">Logo<\/td>\n<td width=\"284\">La stampa di logo del cliente, il ricamo, o l'etichetta di logo \u00e8 disponibile<\/td>\n<\/tr>\n<tr>\n<td width=\"284\">MOQ<\/td>\n<td width=\"284\">1000 PCS<\/td>\n<\/tr>\n<tr>\n<td width=\"284\">Imballaggio<\/td>\n<td width=\"284\">1PC\/OPP, 20PC\/CTN, imballaggio speciale secondo il requisito del cliente<\/td>\n<\/tr>\n<\/tbody>\n<\/table>\n<p>TOPRISE supporta vari stili di giacche di sicurezza, magliette riflettenti e personalizzazione di felpe con cappuccio di sicurezza; fare clic su <a href=\"https:\/\/toprisesafety.com\/it\/categoria-prodotto\/road-safety-products\/warning-wear\/warning-jacket-t-shirt-hoodie\/\">vedere altri modelli di abbigliamento da lavoro di sicurezza.<\/a><\/p>\n<p>Se non trovate l'abbigliamento da lavoro di sicurezza richiesto, come giubbotti di sicurezza, magliette riflettenti, felpe con cappuccio, ecc, <a href=\"https:\/\/toprisesafety.com\/it\/contact-us\/\">contattateci;<\/a> supportiamo la personalizzazione speciale.<\/p>","protected":false},"excerpt":{"rendered":"<p>Art No.: SJ06<\/p>\n<p>Material: 310g 75D twill four-sided stretch composite fleece<\/p>\n<p>Dimensioni: S-XXXL o personalizzato<\/p>\n<p>Nastro riflettente: 5CM nastro riflettente ad alta visibilit\u00e0<\/p>\n<p>Colore: giallo fluorescente\/rosso-arancio\/giallo fluorescente + blu navy o personalizzato<\/p>\n<p>Stampa del logo: disponibile<\/p>\n<p>MOQ: 1000PCS<\/p>","protected":false},"featured_media":12074,"template":"","meta":{"_acf_changed":false},"product_brand":[],"product_cat":[339,325],"product_tag":[],"class_list":{"0":"post-12071","1":"product","2":"type-product","3":"status-publish","4":"has-post-thumbnail","6":"product_cat-warning-jacket-t-shirt-hoodie","7":"product_cat-road-safety-products","9":"first","10":"instock","11":"shipping-taxable","12":"product-type-simple"},"acf":[],"_links":{"self":[{"href":"https:\/\/toprisesafety.com\/it\/wp-json\/wp\/v2\/product\/12071"}],"collection":[{"href":"https:\/\/toprisesafety.com\/it\/wp-json\/wp\/v2\/product"}],"about":[{"href":"https:\/\/toprisesafety.com\/it\/wp-json\/wp\/v2\/types\/product"}],"wp:featuredmedia":[{"embeddable":true,"href":"https:\/\/toprisesafety.com\/it\/wp-json\/wp\/v2\/media\/12074"}],"wp:attachment":[{"href":"https:\/\/toprisesafety.com\/it\/wp-json\/wp\/v2\/media?parent=12071"}],"wp:term":[{"taxonomy":"product_brand","embeddable":true,"href":"https:\/\/toprisesafety.com\/it\/wp-json\/wp\/v2\/product_brand?post=12071"},{"taxonomy":"product_cat","embeddable":true,"href":"https:\/\/toprisesafety.com\/it\/wp-json\/wp\/v2\/product_cat?post=12071"},{"taxonomy":"product_tag","embeddable":true,"href":"https:\/\/toprisesafety.com\/it\/wp-json\/wp\/v2\/product_tag?post=12071"}],"curies":[{"name":"wp","href":"https:\/\/api.w.org\/{rel}","templated":true}]}}