{"id":12065,"date":"2025-04-29T07:08:35","date_gmt":"2025-04-29T07:08:35","guid":{"rendered":"https:\/\/toprisesafety.com\/?post_type=product&#038;p=12065"},"modified":"2025-05-06T07:53:34","modified_gmt":"2025-05-06T07:53:34","slug":"7-in-1-cotton-detachable-reflective-jacket","status":"publish","type":"product","link":"https:\/\/toprisesafety.com\/it\/prodotto\/7-in-1-cotton-detachable-reflective-jacket\/","title":{"rendered":"Giacca catarifrangente staccabile in cotone 7 in 1"},"content":{"rendered":"<h2>Giacca catarifrangente staccabile in cotone 7 in 1<\/h2>\n<ul>\n<li>Design multifunzionale: Le maniche sono staccabili e possono essere facilmente trasformate in un gilet, adattandosi ai diversi ambienti di lavoro e ai cambiamenti stagionali e aumentando la flessibilit\u00e0.<\/li>\n<li>Il serbatoio interno \u00e8 staccabile: Il serbatoio interno \u00e8 rimovibile, il che lo rende comodo da regolare in base alla temperatura del clima e adatto a varie condizioni atmosferiche.<\/li>\n<li>Il gilet pu\u00f2 essere indossato su entrambi i lati: il design del gilet consente di indossarlo su entrambi i lati, offrendo pi\u00f9 opzioni di abbigliamento e migliorando la sua multifunzionalit\u00e0.<\/li>\n<li>Strisce riflettenti ad alta luminosit\u00e0: Le strisce riflettenti ad alta luminosit\u00e0 garantiscono un'elevata visibilit\u00e0 di notte e in ambienti poco illuminati, aumentando la sicurezza durante il lavoro.<\/li>\n<li>Giacca funzionale 7 in 1: Una sola giacca offre sette diversi modi di indossarla, per rispondere alle varie esigenze di utilizzo e ai cambiamenti climatici, ed \u00e8 altamente conveniente.<\/li>\n<li>Personalizzazione del LOGO: Supporta la personalizzazione del LOGO per migliorare l'immagine del marchio e soddisfare esigenze personalizzate.<\/li>\n<li>Imballaggi personalizzati: Offriamo confezioni personalizzate per aumentare l'attrattiva del mercato e la personalizzazione del prodotto e migliorare il valore del marchio.<\/li>\n<\/ul>\n<table>\n<tbody>\n<tr>\n<td width=\"284\">ART NO.<\/td>\n<td width=\"284\">SJ05<\/td>\n<\/tr>\n<tr>\n<td width=\"284\">Materiale del tessuto<\/td>\n<td width=\"284\">Giacca catarifrangente staccabile in cotone 7 in 1<\/td>\n<\/tr>\n<tr>\n<td width=\"284\">Nastro riflettente<\/td>\n<td width=\"284\">Nastro riflettente ad alta visibilit\u00e0 da 5 cm<\/td>\n<\/tr>\n<tr>\n<td width=\"284\">Colore<\/td>\n<td width=\"284\">Giallo fluorescente\/arancione-rosso\/giallo fluorescente+blu navy\/arancione-rosso+ blu navy o personalizzato<\/td>\n<\/tr>\n<tr>\n<td width=\"284\">Logo<\/td>\n<td width=\"284\">La stampa di logo del cliente, il ricamo, o l'etichetta di logo \u00e8 disponibile<\/td>\n<\/tr>\n<tr>\n<td width=\"284\">MOQ<\/td>\n<td width=\"284\">1000 PCS<\/td>\n<\/tr>\n<tr>\n<td width=\"284\">Imballaggio<\/td>\n<td width=\"284\">1PC\/OPP, 20PC\/CTN, imballaggio speciale secondo il requisito del cliente<\/td>\n<\/tr>\n<\/tbody>\n<\/table>\n<p>TOPRISE supporta vari stili di giacche di sicurezza, magliette riflettenti e personalizzazione di felpe con cappuccio di sicurezza; fare clic su <a href=\"https:\/\/toprisesafety.com\/it\/categoria-prodotto\/road-safety-products\/warning-wear\/warning-jacket-t-shirt-hoodie\/\">vedere altri modelli di abbigliamento da lavoro di sicurezza.<\/a><\/p>\n<p>Se non trovate l'abbigliamento da lavoro di sicurezza richiesto, come giubbotti di sicurezza, magliette riflettenti, felpe con cappuccio, ecc, <a href=\"https:\/\/toprisesafety.com\/it\/contact-us\/\">contattateci;<\/a> supportiamo la personalizzazione speciale.<\/p>","protected":false},"excerpt":{"rendered":"<p>Codice articolo: SJ05<\/p>\n<p>Materiale: 300D oxford con rivestimento in PU, interno 160 grammi di cotone mercerizzato<\/p>\n<p>Dimensioni: S-XXXL o personalizzato<\/p>\n<p>Nastro riflettente: 5CM nastro riflettente ad alta visibilit\u00e0<\/p>\n<p>Colore: giallo fluorescente\/rosso-arancio\/giallo fluorescente + blu navy o personalizzato<\/p>\n<p>Stampa del logo: disponibile<\/p>\n<p>MOQ: 1000PCS<\/p>","protected":false},"featured_media":12066,"template":"","meta":{"_acf_changed":false},"product_brand":[],"product_cat":[339,325],"product_tag":[],"class_list":{"0":"post-12065","1":"product","2":"type-product","3":"status-publish","4":"has-post-thumbnail","6":"product_cat-warning-jacket-t-shirt-hoodie","7":"product_cat-road-safety-products","9":"first","10":"instock","11":"shipping-taxable","12":"product-type-simple"},"acf":[],"_links":{"self":[{"href":"https:\/\/toprisesafety.com\/it\/wp-json\/wp\/v2\/product\/12065"}],"collection":[{"href":"https:\/\/toprisesafety.com\/it\/wp-json\/wp\/v2\/product"}],"about":[{"href":"https:\/\/toprisesafety.com\/it\/wp-json\/wp\/v2\/types\/product"}],"wp:featuredmedia":[{"embeddable":true,"href":"https:\/\/toprisesafety.com\/it\/wp-json\/wp\/v2\/media\/12066"}],"wp:attachment":[{"href":"https:\/\/toprisesafety.com\/it\/wp-json\/wp\/v2\/media?parent=12065"}],"wp:term":[{"taxonomy":"product_brand","embeddable":true,"href":"https:\/\/toprisesafety.com\/it\/wp-json\/wp\/v2\/product_brand?post=12065"},{"taxonomy":"product_cat","embeddable":true,"href":"https:\/\/toprisesafety.com\/it\/wp-json\/wp\/v2\/product_cat?post=12065"},{"taxonomy":"product_tag","embeddable":true,"href":"https:\/\/toprisesafety.com\/it\/wp-json\/wp\/v2\/product_tag?post=12065"}],"curies":[{"name":"wp","href":"https:\/\/api.w.org\/{rel}","templated":true}]}}