{"id":12058,"date":"2025-04-29T06:59:06","date_gmt":"2025-04-29T06:59:06","guid":{"rendered":"https:\/\/toprisesafety.com\/?post_type=product&#038;p=12058"},"modified":"2025-05-06T07:53:58","modified_gmt":"2025-05-06T07:53:58","slug":"reflective-safety-jacket","status":"publish","type":"product","link":"https:\/\/toprisesafety.com\/it\/prodotto\/reflective-safety-jacket\/","title":{"rendered":"Giacca di sicurezza riflettente"},"content":{"rendered":"<h2>Giacca di sicurezza riflettente<\/h2>\n<ul>\n<li>Rivestimento in PU del tessuto Oxford 300D: Realizzato in tessuto Oxford resistente all'usura e all'acqua, il rivestimento in PU migliora la resistenza al vento e all'acqua, adattandosi a varie condizioni climatiche difficili e mantenendo asciutto il comfort.<\/li>\n<li>Fodera in cotone mercerizzato da 160 g: Contiene cotone mercerizzato, morbido e confortevole, che migliora l'esperienza d'uso e mantiene il calore, adatto agli ambienti a bassa temperatura.<\/li>\n<li>Striscia riflettente ad alta luminosit\u00e0 da 5 cm: Il design della striscia riflettente ad alta luminosit\u00e0 garantisce la visibilit\u00e0 di notte o in condizioni di scarsa illuminazione, aumentando la sicurezza.<\/li>\n<li>Design a blocchi di colore: Il design color-blocking alla moda migliora l'effetto visivo, garantendo un'elevata visibilit\u00e0 e aumentando il riconoscimento.<\/li>\n<li>Personalizzazione del LOGO: Supporta la personalizzazione del LOGO per migliorare il riconoscimento del marchio e soddisfare esigenze personalizzate.<\/li>\n<li>Il cappello pu\u00f2 essere riposto nel colletto, che \u00e8 comodo da riporre e migliora il comfort, adattandosi ai diversi cambiamenti climatici.<\/li>\n<li>Design elastico in vita: Il design elastico in vita sull'orlo assicura una buona vestibilit\u00e0 e comfort, adattandosi alle diverse forme del corpo e impedendo al vento freddo di entrare.<\/li>\n<\/ul>\n<table>\n<tbody>\n<tr>\n<td width=\"284\">ART NO.<\/td>\n<td width=\"284\">SJ04<\/td>\n<\/tr>\n<tr>\n<td width=\"284\">Materiale del tessuto<\/td>\n<td width=\"284\">300D oxford con rivestimento in PU, interno in cotone mercerizzato da 160 grammi<\/td>\n<\/tr>\n<tr>\n<td width=\"284\">Nastro riflettente<\/td>\n<td width=\"284\">Nastro riflettente ad alta visibilit\u00e0 da 5 cm<\/td>\n<\/tr>\n<tr>\n<td width=\"284\">Colore<\/td>\n<td width=\"284\">Giallo fluorescente\/arancio-rosso\/giallo fluorescente+blu scuro o personalizzato<\/td>\n<\/tr>\n<tr>\n<td width=\"284\">Logo<\/td>\n<td width=\"284\">La stampa di logo del cliente, il ricamo, o l'etichetta di logo \u00e8 disponibile<\/td>\n<\/tr>\n<tr>\n<td width=\"284\">MOQ<\/td>\n<td width=\"284\">1000 PCS<\/td>\n<\/tr>\n<tr>\n<td width=\"284\">Imballaggio<\/td>\n<td width=\"284\">1PC\/OPP, 50PC\/CTN, imballaggio speciale secondo il requisito del cliente<\/td>\n<\/tr>\n<\/tbody>\n<\/table>\n<p>TOPRISE supporta vari stili di giacche di sicurezza, magliette riflettenti e personalizzazione di felpe con cappuccio di sicurezza; fare clic su <a href=\"https:\/\/toprisesafety.com\/it\/categoria-prodotto\/road-safety-products\/warning-wear\/warning-jacket-t-shirt-hoodie\/\">vedere altri modelli di abbigliamento da lavoro di sicurezza.<\/a><\/p>\n<p>Se non trovate l'abbigliamento da lavoro di sicurezza richiesto, come giubbotti di sicurezza, magliette riflettenti, felpe con cappuccio, ecc, <a href=\"https:\/\/toprisesafety.com\/it\/contact-us\/\">contattateci;<\/a> supportiamo la personalizzazione speciale.<\/p>","protected":false},"excerpt":{"rendered":"<p>Codice articolo: SJ04<\/p>\n<p>Materiale: 300D oxford con rivestimento in PU, interno 160 grammi di cotone mercerizzato<\/p>\n<p>Dimensioni: S-XXXL o personalizzato<\/p>\n<p>Nastro riflettente: 5CM nastro riflettente ad alta visibilit\u00e0<\/p>\n<p>Colore: giallo fluorescente\/rosso-arancio\/giallo fluorescente + blu navy o personalizzato<\/p>\n<p>Stampa del logo: disponibile<\/p>\n<p>MOQ: 1000PCS<\/p>","protected":false},"featured_media":12064,"template":"","meta":{"_acf_changed":false},"product_brand":[],"product_cat":[339,325],"product_tag":[],"class_list":{"0":"post-12058","1":"product","2":"type-product","3":"status-publish","4":"has-post-thumbnail","6":"product_cat-warning-jacket-t-shirt-hoodie","7":"product_cat-road-safety-products","9":"first","10":"instock","11":"shipping-taxable","12":"product-type-simple"},"acf":[],"_links":{"self":[{"href":"https:\/\/toprisesafety.com\/it\/wp-json\/wp\/v2\/product\/12058","targetHints":{"allow":["GET"]}}],"collection":[{"href":"https:\/\/toprisesafety.com\/it\/wp-json\/wp\/v2\/product"}],"about":[{"href":"https:\/\/toprisesafety.com\/it\/wp-json\/wp\/v2\/types\/product"}],"wp:featuredmedia":[{"embeddable":true,"href":"https:\/\/toprisesafety.com\/it\/wp-json\/wp\/v2\/media\/12064"}],"wp:attachment":[{"href":"https:\/\/toprisesafety.com\/it\/wp-json\/wp\/v2\/media?parent=12058"}],"wp:term":[{"taxonomy":"product_brand","embeddable":true,"href":"https:\/\/toprisesafety.com\/it\/wp-json\/wp\/v2\/product_brand?post=12058"},{"taxonomy":"product_cat","embeddable":true,"href":"https:\/\/toprisesafety.com\/it\/wp-json\/wp\/v2\/product_cat?post=12058"},{"taxonomy":"product_tag","embeddable":true,"href":"https:\/\/toprisesafety.com\/it\/wp-json\/wp\/v2\/product_tag?post=12058"}],"curies":[{"name":"wp","href":"https:\/\/api.w.org\/{rel}","templated":true}]}}