{"id":12055,"date":"2025-04-29T06:44:46","date_gmt":"2025-04-29T06:44:46","guid":{"rendered":"https:\/\/toprisesafety.com\/?post_type=product&#038;p=12055"},"modified":"2025-05-06T07:54:27","modified_gmt":"2025-05-06T07:54:27","slug":"safety-reflective-shirts","status":"publish","type":"product","link":"https:\/\/toprisesafety.com\/it\/prodotto\/safety-reflective-shirts\/","title":{"rendered":"Camicie riflettenti di sicurezza"},"content":{"rendered":"<h2>Camicie riflettenti di sicurezza<\/h2>\n<ul>\n<li>130 g\/mq di tessuto di poliestere 100% a occhio di uccello: Realizzato in tessuto di alta qualit\u00e0 100% in poliestere, ha una buona traspirabilit\u00e0 ed \u00e8 adatto per essere indossato a lungo.<\/li>\n<li>Striscia riflettente ad alta luminosit\u00e0 da 5 cm: La striscia riflettente ad alta luminosit\u00e0 aumenta la visibilit\u00e0 e garantisce la sicurezza in ambienti poco illuminati.<\/li>\n<li>Design della tasca sul petto: Offre un pratico design a tasca per riporre comodamente i piccoli oggetti e migliorare la comodit\u00e0.<\/li>\n<li>Personalizzazione del logo: Supporta loghi personalizzati per migliorare il riconoscimento e la personalizzazione del marchio.<\/li>\n<li>Imballaggio personalizzato: Offriamo servizi di imballaggio personalizzati per soddisfare le esigenze dei clienti e migliorare la competitivit\u00e0 del mercato.<\/li>\n<\/ul>\n<table>\n<tbody>\n<tr>\n<td width=\"284\">ART NO.<\/td>\n<td width=\"284\">RT07<\/td>\n<\/tr>\n<tr>\n<td width=\"284\">Materiale del tessuto<\/td>\n<td width=\"284\">100% poliestere, 130g\/mq<\/td>\n<\/tr>\n<tr>\n<td width=\"284\">Nastro riflettente<\/td>\n<td width=\"284\">Nastro riflettente ad alta visibilit\u00e0 da 5 cm<\/td>\n<\/tr>\n<tr>\n<td width=\"284\">Peso del materiale<\/td>\n<td width=\"284\">130g\/mq<\/td>\n<\/tr>\n<tr>\n<td width=\"284\">Colore<\/td>\n<td width=\"284\">Giallo fluorescente o personalizzato<\/td>\n<\/tr>\n<tr>\n<td width=\"284\">Collo<\/td>\n<td width=\"284\">Collo rotondo<\/td>\n<\/tr>\n<tr>\n<td width=\"284\">Logo<\/td>\n<td width=\"284\">La stampa di logo del cliente, il ricamo, o l'etichetta di logo \u00e8 disponibile<\/td>\n<\/tr>\n<tr>\n<td width=\"284\">MOQ<\/td>\n<td width=\"284\">1000 PCS<\/td>\n<\/tr>\n<tr>\n<td width=\"284\">Imballaggio<\/td>\n<td width=\"284\">1PC\/OPP, 50PC\/CTN, imballaggio speciale secondo il requisito del cliente<\/td>\n<\/tr>\n<\/tbody>\n<\/table>\n<p>TOPRISE supporta vari stili di giacche di sicurezza, magliette riflettenti e personalizzazione di felpe con cappuccio di sicurezza; fare clic su <a href=\"https:\/\/toprisesafety.com\/it\/categoria-prodotto\/road-safety-products\/warning-wear\/warning-jacket-t-shirt-hoodie\/\">vedere altri modelli di abbigliamento da lavoro di sicurezza.<\/a><\/p>\n<p>Se non trovate l'abbigliamento da lavoro di sicurezza richiesto, come giubbotti di sicurezza, magliette riflettenti, felpe con cappuccio, ecc, <a href=\"https:\/\/toprisesafety.com\/it\/contact-us\/\">contattateci;<\/a> supportiamo la personalizzazione speciale.<\/p>","protected":false},"excerpt":{"rendered":"<p>Codice articolo: RT07<\/p>\n<p>Materiale: 100%polyester,130g\/sqm<\/p>\n<p>Dimensioni: S-XXXL o personalizzato<\/p>\n<p>Nastro riflettente: 5CM nastro riflettente ad alta visibilit\u00e0<\/p>\n<p>Colore: giallo fluorescente o personalizzato<\/p>\n<p>Stampa del logo: disponibile<\/p>\n<p>MOQ: 1000PCS<\/p>","protected":false},"featured_media":12056,"template":"","meta":{"_acf_changed":false},"product_brand":[],"product_cat":[325,339],"product_tag":[],"class_list":{"0":"post-12055","1":"product","2":"type-product","3":"status-publish","4":"has-post-thumbnail","6":"product_cat-road-safety-products","7":"product_cat-warning-jacket-t-shirt-hoodie","9":"first","10":"instock","11":"shipping-taxable","12":"product-type-simple"},"acf":[],"_links":{"self":[{"href":"https:\/\/toprisesafety.com\/it\/wp-json\/wp\/v2\/product\/12055"}],"collection":[{"href":"https:\/\/toprisesafety.com\/it\/wp-json\/wp\/v2\/product"}],"about":[{"href":"https:\/\/toprisesafety.com\/it\/wp-json\/wp\/v2\/types\/product"}],"wp:featuredmedia":[{"embeddable":true,"href":"https:\/\/toprisesafety.com\/it\/wp-json\/wp\/v2\/media\/12056"}],"wp:attachment":[{"href":"https:\/\/toprisesafety.com\/it\/wp-json\/wp\/v2\/media?parent=12055"}],"wp:term":[{"taxonomy":"product_brand","embeddable":true,"href":"https:\/\/toprisesafety.com\/it\/wp-json\/wp\/v2\/product_brand?post=12055"},{"taxonomy":"product_cat","embeddable":true,"href":"https:\/\/toprisesafety.com\/it\/wp-json\/wp\/v2\/product_cat?post=12055"},{"taxonomy":"product_tag","embeddable":true,"href":"https:\/\/toprisesafety.com\/it\/wp-json\/wp\/v2\/product_tag?post=12055"}],"curies":[{"name":"wp","href":"https:\/\/api.w.org\/{rel}","templated":true}]}}