{"id":12031,"date":"2025-04-28T07:22:51","date_gmt":"2025-04-28T07:22:51","guid":{"rendered":"https:\/\/toprisesafety.com\/?post_type=product&#038;p=12031"},"modified":"2025-05-06T07:25:05","modified_gmt":"2025-05-06T07:25:05","slug":"rider-and-runner-safety-vest","status":"publish","type":"product","link":"https:\/\/toprisesafety.com\/it\/prodotto\/rider-and-runner-safety-vest\/","title":{"rendered":"Gilet di sicurezza per ciclisti e corridori"},"content":{"rendered":"<h2>Gilet di sicurezza per ciclisti e corridori<\/h2>\n<ul>\n<li>Design della tasca grande: L'ampia tasca sul petto permette di riporre facilmente oggetti come i telefoni cellulari, rendendolo comodo da trasportare e migliorando la praticit\u00e0.<\/li>\n<li>Dimensioni regolabili: Adatto a utenti di diversa corporatura, offre un'esperienza di utilizzo confortevole.<\/li>\n<li>Strisce riflettenti ad alta luminosit\u00e0: Garantiscono un'elevata visibilit\u00e0 di notte o in condizioni di scarsa illuminazione, aumentando la sicurezza.<\/li>\n<li>Applicabilit\u00e0 in pi\u00f9 scenari: Pu\u00f2 essere utilizzato in vari scenari come la corsa, il ciclismo e le costruzioni notturne, migliorando la sicurezza delle attivit\u00e0.<\/li>\n<li>Chiusure a scatto di alta qualit\u00e0: Durevoli e facili da indossare e da togliere, garantiscono un utilizzo stabile.<\/li>\n<li>Personalizzazione del LOGO: Supporta la personalizzazione del LOGO per migliorare il riconoscimento del marchio.<\/li>\n<li>Imballaggi personalizzati: Offriamo confezioni personalizzate per soddisfare le richieste dei clienti e migliorare l'attrattiva del mercato.<\/li>\n<\/ul>\n<table>\n<tbody>\n<tr>\n<td width=\"284\">Art No.<\/td>\n<td width=\"284\">SV20<\/td>\n<\/tr>\n<tr>\n<td width=\"284\">Materiale del tessuto<\/td>\n<td width=\"284\">Nastro elastico da 4 cm, nastro riflettente ad alta visibilit\u00e0 da 1,5 cm<\/td>\n<\/tr>\n<tr>\n<td width=\"284\">Nastro riflettente<\/td>\n<td width=\"284\">Nastro riflettente ad alta visibilit\u00e0 da 1,5 cm<\/td>\n<\/tr>\n<tr>\n<td width=\"284\">Materiale del nastro riflettente<\/td>\n<td width=\"284\">Nastro T\/C argento<\/td>\n<\/tr>\n<tr>\n<td width=\"284\">Caratteristica<\/td>\n<td width=\"284\">La parte anteriore \u00e8 dotata di una grande tasca con cerniera<\/td>\n<\/tr>\n<tr>\n<td width=\"284\">Colore<\/td>\n<td width=\"284\">Verde\/arancio-rosso fluorescente, rosa, nero<\/td>\n<\/tr>\n<tr>\n<td width=\"284\">Standard di qualit\u00e0<\/td>\n<td width=\"284\">CE EN471, CLASSE2<\/td>\n<\/tr>\n<tr>\n<td width=\"284\">Logo<\/td>\n<td width=\"284\">Il logo del cliente \u00e8 disponibile<\/td>\n<\/tr>\n<tr>\n<td width=\"284\">MOQ<\/td>\n<td width=\"284\">1000 PEZZI<\/td>\n<\/tr>\n<tr>\n<td width=\"284\">Imballaggio<\/td>\n<td width=\"284\">1PC\/OPP, 100PC\/CTN, imballaggio speciale secondo il requisito del cliente<\/td>\n<\/tr>\n<\/tbody>\n<\/table>\n<p>TOPRISE supporta vari stili di personalizzazione dei giubbotti di sicurezza; fare clic su <a href=\"https:\/\/toprisesafety.com\/it\/categoria-prodotto\/road-safety-products\/warning-wear\/warning-vest-sun-shade\/\">vedere altri modelli di giubbotti di sicurezza.<\/a><\/p>\n<p>Se non trovate i giubbotti di sicurezza richiesti,<a href=\"https:\/\/toprisesafety.com\/it\/contact-us\/\"> contattateci;<\/a> supportiamo la personalizzazione speciale.<\/p>","protected":false},"excerpt":{"rendered":"<p>Art No.: SV20<\/p>\n<p>Material:\u00a04CM elastic ribbon,1.5cm high visibility reflective tape<\/p>\n<p>Dimensioni: misura libera, regolabile<\/p>\n<p>Feature: front has a big pocket with zipper<\/p>\n<p>Color: Fluorescent green\/ orange-red, pink, black<\/p>\n<p>Logo: supporto personalizzato<\/p>\n<p>MOQ: 1000 PCS<\/p>","protected":false},"featured_media":12034,"template":"","meta":{"_acf_changed":false},"product_brand":[],"product_cat":[325,341],"product_tag":[],"class_list":{"0":"post-12031","1":"product","2":"type-product","3":"status-publish","4":"has-post-thumbnail","6":"product_cat-road-safety-products","7":"product_cat-warning-vest-sun-shade","9":"first","10":"instock","11":"shipping-taxable","12":"product-type-simple"},"acf":[],"_links":{"self":[{"href":"https:\/\/toprisesafety.com\/it\/wp-json\/wp\/v2\/product\/12031"}],"collection":[{"href":"https:\/\/toprisesafety.com\/it\/wp-json\/wp\/v2\/product"}],"about":[{"href":"https:\/\/toprisesafety.com\/it\/wp-json\/wp\/v2\/types\/product"}],"wp:featuredmedia":[{"embeddable":true,"href":"https:\/\/toprisesafety.com\/it\/wp-json\/wp\/v2\/media\/12034"}],"wp:attachment":[{"href":"https:\/\/toprisesafety.com\/it\/wp-json\/wp\/v2\/media?parent=12031"}],"wp:term":[{"taxonomy":"product_brand","embeddable":true,"href":"https:\/\/toprisesafety.com\/it\/wp-json\/wp\/v2\/product_brand?post=12031"},{"taxonomy":"product_cat","embeddable":true,"href":"https:\/\/toprisesafety.com\/it\/wp-json\/wp\/v2\/product_cat?post=12031"},{"taxonomy":"product_tag","embeddable":true,"href":"https:\/\/toprisesafety.com\/it\/wp-json\/wp\/v2\/product_tag?post=12031"}],"curies":[{"name":"wp","href":"https:\/\/api.w.org\/{rel}","templated":true}]}}