{"id":12013,"date":"2025-04-28T07:06:52","date_gmt":"2025-04-28T07:06:52","guid":{"rendered":"https:\/\/toprisesafety.com\/?post_type=product&#038;p=12013"},"modified":"2025-05-06T07:25:33","modified_gmt":"2025-05-06T07:25:33","slug":"safety-vest-with-logo","status":"publish","type":"product","link":"https:\/\/toprisesafety.com\/it\/prodotto\/safety-vest-with-logo\/","title":{"rendered":"Gilet di sicurezza con logo"},"content":{"rendered":"<h2>Gilet di sicurezza con logo<\/h2>\n<ul>\n<li>Gilet riflettente multifunzionale: Adatto ai cantieri, al traffico e ad altri luoghi, garantisce un'elevata visibilit\u00e0 nell'ambiente di lavoro.<\/li>\n<li>120 g di tessuto indemagliabile + tessuto a rete: Realizzato in tessuto di alta qualit\u00e0, \u00e8 leggero e traspirante, comodo da indossare per lungo tempo e adatto a vari ambienti di lavoro.<\/li>\n<li>Design tridimensionale delle tasche: Le tasche multiple tridimensionali offrono un ampio spazio di archiviazione, consentendo di riporre comodamente strumenti, certificati e altri oggetti.<\/li>\n<li>Strisce riflettenti ad alta luminosit\u00e0: Le strisce riflettenti ad alta luminosit\u00e0 migliorano la visibilit\u00e0 notturna e garantiscono la sicurezza del personale.<\/li>\n<li>Design a cerniera: Facile da indossare e da togliere, garantisce maggiore sicurezza e comfort.<\/li>\n<\/ul>\n<table>\n<tbody>\n<tr>\n<td width=\"284\">Art No.<\/td>\n<td width=\"284\">SV17<\/td>\n<\/tr>\n<tr>\n<td width=\"284\">Materiale del tessuto<\/td>\n<td width=\"284\">100% tessuto fluorescente a maglia in poliestere + tessuto a rete a scelta.<\/td>\n<\/tr>\n<tr>\n<td width=\"284\">Nastro riflettente<\/td>\n<td width=\"284\">Visibilit\u00e0 normale, alta visibilit\u00e0<\/td>\n<\/tr>\n<tr>\n<td width=\"284\">Materiale del nastro riflettente<\/td>\n<td width=\"284\">Nastro T\/C argento, traliccio in PVC, nastro 3M ecc.<\/td>\n<\/tr>\n<tr>\n<td width=\"284\">Peso del materiale<\/td>\n<td width=\"284\">120g\/mq, 50-140G\/SQM a scelta.<\/td>\n<\/tr>\n<tr>\n<td width=\"284\">Colore<\/td>\n<td width=\"284\">Giallo fluorescente, verde fluorescente, rosso arancio<\/td>\n<\/tr>\n<tr>\n<td width=\"284\">Top fly<\/td>\n<td width=\"284\">Cerniera e velcro a scelta.<\/td>\n<\/tr>\n<tr>\n<td width=\"284\">Tasca<\/td>\n<td width=\"284\">Tasche multiple tridimensionali<\/td>\n<\/tr>\n<tr>\n<td width=\"284\">Standard di qualit\u00e0<\/td>\n<td width=\"284\">CE EN471, CLASSE2<\/td>\n<\/tr>\n<tr>\n<td width=\"284\">Logo<\/td>\n<td width=\"284\">\u00c8 disponibile la stampa del logo del cliente o il ricamo, il logo riflettente o l'etichetta del logo<\/td>\n<\/tr>\n<tr>\n<td width=\"284\">MOQ<\/td>\n<td width=\"284\">1000 PEZZI<\/td>\n<\/tr>\n<tr>\n<td width=\"284\">Imballaggio<\/td>\n<td width=\"284\">1PC\/OPP, 100PC\/CTN, imballaggio speciale secondo il requisito del cliente<\/td>\n<\/tr>\n<\/tbody>\n<\/table>\n<p>TOPRISE supporta vari stili di personalizzazione dei giubbotti di sicurezza; fare clic su <a href=\"https:\/\/toprisesafety.com\/it\/categoria-prodotto\/road-safety-products\/warning-wear\/warning-vest-sun-shade\/\">vedere altri modelli di giubbotti di sicurezza.<\/a><\/p>\n<p>Se non trovate i giubbotti di sicurezza richiesti,<a href=\"https:\/\/toprisesafety.com\/it\/contact-us\/\"> contattateci;<\/a> supportiamo la personalizzazione speciale.<\/p>","protected":false},"excerpt":{"rendered":"<p>Codice articolo: SV17<\/p>\n<p>Materiale: 100%poliestere, 120g\/mq o personalizzato.<\/p>\n<p>Dimensioni: S-XXXL o personalizzato<\/p>\n<p>Colore: giallo\/verde\/arancio-rosso fluorescente<\/p>\n<p>Logo: supporto personalizzato<\/p>\n<p>MOQ: 1000 PCS<\/p>","protected":false},"featured_media":12016,"template":"","meta":{"_acf_changed":false},"product_brand":[],"product_cat":[341,325],"product_tag":[],"class_list":{"0":"post-12013","1":"product","2":"type-product","3":"status-publish","4":"has-post-thumbnail","6":"product_cat-warning-vest-sun-shade","7":"product_cat-road-safety-products","9":"first","10":"instock","11":"shipping-taxable","12":"product-type-simple"},"acf":[],"_links":{"self":[{"href":"https:\/\/toprisesafety.com\/it\/wp-json\/wp\/v2\/product\/12013"}],"collection":[{"href":"https:\/\/toprisesafety.com\/it\/wp-json\/wp\/v2\/product"}],"about":[{"href":"https:\/\/toprisesafety.com\/it\/wp-json\/wp\/v2\/types\/product"}],"wp:featuredmedia":[{"embeddable":true,"href":"https:\/\/toprisesafety.com\/it\/wp-json\/wp\/v2\/media\/12016"}],"wp:attachment":[{"href":"https:\/\/toprisesafety.com\/it\/wp-json\/wp\/v2\/media?parent=12013"}],"wp:term":[{"taxonomy":"product_brand","embeddable":true,"href":"https:\/\/toprisesafety.com\/it\/wp-json\/wp\/v2\/product_brand?post=12013"},{"taxonomy":"product_cat","embeddable":true,"href":"https:\/\/toprisesafety.com\/it\/wp-json\/wp\/v2\/product_cat?post=12013"},{"taxonomy":"product_tag","embeddable":true,"href":"https:\/\/toprisesafety.com\/it\/wp-json\/wp\/v2\/product_tag?post=12013"}],"curies":[{"name":"wp","href":"https:\/\/api.w.org\/{rel}","templated":true}]}}