{"id":11987,"date":"2025-04-28T06:36:55","date_gmt":"2025-04-28T06:36:55","guid":{"rendered":"https:\/\/toprisesafety.com\/?post_type=product&#038;p=11987"},"modified":"2025-05-06T07:26:44","modified_gmt":"2025-05-06T07:26:44","slug":"police-reflective-safety-vest","status":"publish","type":"product","link":"https:\/\/toprisesafety.com\/it\/prodotto\/police-reflective-safety-vest\/","title":{"rendered":"Gilet di sicurezza riflettente della polizia"},"content":{"rendered":"<h2>Gilet di sicurezza riflettente della polizia<\/h2>\n<ul>\n<li>Tasche multifunzionali: Dotata di varie tasche, \u00e8 comoda per riporre strumenti, certificati e altri oggetti, migliorando l'efficienza del lavoro.<\/li>\n<li>Tasca per walkie-talkie: Appositamente progettata per riporre i walkie-talkie, \u00e8 comoda per comunicare in qualsiasi momento e garantisce il coordinamento del lavoro.<\/li>\n<li>Tasca grande tridimensionale: Offre un maggiore spazio di archiviazione, adatto al trasporto di oggetti di grandi dimensioni, e aumenta la praticit\u00e0.<\/li>\n<li>Tasca per carte d'identit\u00e0: Una tasca per carte d'identit\u00e0 appositamente progettata per garantire una facile verifica dell'identit\u00e0.<\/li>\n<li>Strisce riflettenti ad alta luminosit\u00e0: Migliorano la visibilit\u00e0 notturna e offrono una protezione di sicurezza per tutte le stagioni.<\/li>\n<li>Gilet riflettente a blocchi di colore: L'esclusivo design a blocchi di colore aumenta l'effetto visivo e migliora l'immagine degli agenti di polizia.<\/li>\n<li>LOGO e imballaggio personalizzati: Supporto ai clienti per specificare loghi e imballaggi in modo da soddisfare esigenze personalizzate.<\/li>\n<\/ul>\n<table>\n<tbody>\n<tr>\n<td width=\"284\">Art No.<\/td>\n<td width=\"284\">SV12<\/td>\n<\/tr>\n<tr>\n<td width=\"284\">Materiale del tessuto<\/td>\n<td width=\"284\">100%t tessuto fluorescente a maglia in poliestere o tessuto a rete a scelta.<\/td>\n<\/tr>\n<tr>\n<td width=\"284\">Nastro riflettente<\/td>\n<td width=\"284\">Visibilit\u00e0 normale, alta visibilit\u00e0<\/td>\n<\/tr>\n<tr>\n<td width=\"284\">Materiale del nastro riflettente<\/td>\n<td width=\"284\">Nastro T\/C argento, traliccio in PVC, nastro 3M ecc.<\/td>\n<\/tr>\n<tr>\n<td width=\"284\">Peso del materiale<\/td>\n<td width=\"284\">120g\/mq, 50-140G\/SQM a scelta.<\/td>\n<\/tr>\n<tr>\n<td width=\"284\">Colore<\/td>\n<td width=\"284\">Giallo fluorescente, verde fluorescente, rosso arancio<\/td>\n<\/tr>\n<tr>\n<td width=\"284\">Top fly<\/td>\n<td width=\"284\">Cerniera e velcro a scelta.<\/td>\n<\/tr>\n<tr>\n<td width=\"284\">Tasca<\/td>\n<td width=\"284\">Tasche multiple tridimensionali<\/td>\n<\/tr>\n<tr>\n<td width=\"284\">Standard di qualit\u00e0<\/td>\n<td width=\"284\">CE EN471, CLASSE2<\/td>\n<\/tr>\n<tr>\n<td width=\"284\">Logo<\/td>\n<td width=\"284\">\u00c8 disponibile la stampa del logo del cliente o il ricamo, il logo riflettente o l'etichetta del logo<\/td>\n<\/tr>\n<tr>\n<td width=\"284\">MOQ<\/td>\n<td width=\"284\">1000 PEZZI<\/td>\n<\/tr>\n<tr>\n<td width=\"284\">Imballaggio<\/td>\n<td width=\"284\">1PC\/OPP, 100PC\/CTN, imballaggio speciale secondo il requisito del cliente<\/td>\n<\/tr>\n<\/tbody>\n<\/table>\n<p>TOPRISE supporta vari stili di personalizzazione dei giubbotti di sicurezza; fare clic su <a href=\"https:\/\/toprisesafety.com\/it\/categoria-prodotto\/road-safety-products\/warning-wear\/warning-vest-sun-shade\/\">vedere altri modelli di giubbotti di sicurezza.<\/a><\/p>\n<p>Se non trovate i giubbotti di sicurezza richiesti,<a href=\"https:\/\/toprisesafety.com\/it\/contact-us\/\"> contattateci;<\/a> supportiamo la personalizzazione speciale.<\/p>","protected":false},"excerpt":{"rendered":"<p>Codice articolo: SV12<\/p>\n<p>Materiale: 100%poliestere, 120g\/mq o personalizzato.<\/p>\n<p>Dimensioni: S-XXXL o personalizzato<\/p>\n<p>Colore: giallo\/verde\/arancio-rosso fluorescente<\/p>\n<p>Logo: supporto personalizzato<\/p>\n<p>MOQ: 1000 PCS<\/p>","protected":false},"featured_media":11988,"template":"","meta":{"_acf_changed":false},"product_brand":[],"product_cat":[325,341],"product_tag":[],"class_list":{"0":"post-11987","1":"product","2":"type-product","3":"status-publish","4":"has-post-thumbnail","6":"product_cat-road-safety-products","7":"product_cat-warning-vest-sun-shade","9":"first","10":"instock","11":"shipping-taxable","12":"product-type-simple"},"acf":[],"_links":{"self":[{"href":"https:\/\/toprisesafety.com\/it\/wp-json\/wp\/v2\/product\/11987","targetHints":{"allow":["GET"]}}],"collection":[{"href":"https:\/\/toprisesafety.com\/it\/wp-json\/wp\/v2\/product"}],"about":[{"href":"https:\/\/toprisesafety.com\/it\/wp-json\/wp\/v2\/types\/product"}],"wp:featuredmedia":[{"embeddable":true,"href":"https:\/\/toprisesafety.com\/it\/wp-json\/wp\/v2\/media\/11988"}],"wp:attachment":[{"href":"https:\/\/toprisesafety.com\/it\/wp-json\/wp\/v2\/media?parent=11987"}],"wp:term":[{"taxonomy":"product_brand","embeddable":true,"href":"https:\/\/toprisesafety.com\/it\/wp-json\/wp\/v2\/product_brand?post=11987"},{"taxonomy":"product_cat","embeddable":true,"href":"https:\/\/toprisesafety.com\/it\/wp-json\/wp\/v2\/product_cat?post=11987"},{"taxonomy":"product_tag","embeddable":true,"href":"https:\/\/toprisesafety.com\/it\/wp-json\/wp\/v2\/product_tag?post=11987"}],"curies":[{"name":"wp","href":"https:\/\/api.w.org\/{rel}","templated":true}]}}