{"id":11739,"date":"2025-04-08T02:02:34","date_gmt":"2025-04-08T02:02:34","guid":{"rendered":"https:\/\/toprisesafety.com\/?post_type=product&#038;p=11739"},"modified":"2025-09-19T03:49:09","modified_gmt":"2025-09-19T03:49:09","slug":"oven-mitts-gloves","status":"publish","type":"product","link":"https:\/\/toprisesafety.com\/it\/prodotto\/oven-mitts-gloves\/","title":{"rendered":"Guanti da forno"},"content":{"rendered":"<h2>Guanti da forno<\/h2>\n<ul>\n<li data-pm-slice=\"1 1 []\">Protezione dalle alte temperature: Design a doppio strato; la temperatura massima pu\u00f2 raggiungere i 500\u00b0C, proteggendo efficacemente le mani dalle ustioni da alta temperatura.<\/li>\n<li><a href=\"https:\/\/legenday.com.cn\/silicone-beads\/\" target=\"_blank\" rel=\"noopener\">Perle di silicone<\/a>: La superficie delle perle di silicone migliora la presa, anche quando si ha a che fare con oggetti caldi, e pu\u00f2 garantire una presa stabile.<\/li>\n<li>Confortevole e traspirante: L'uso di materiali intrecciati di alta qualit\u00e0 e la buona permeabilit\u00e0 all'aria fanno s\u00ec che l'usura a lungo termine non dia la sensazione di soffocamento.<\/li>\n<li>Applicazione multifunzionale: Adatto a cucina, forno, barbecue e altri ambienti ad alta temperatura per proteggere la sicurezza delle mani.<\/li>\n<li>Servizi personalizzati: Supporto alla personalizzazione del LOGO e dell'imballaggio per soddisfare le esigenze del marchio del cliente e migliorare la competitivit\u00e0 del mercato.<\/li>\n<\/ul>\n<table style=\"height: 466px;\" width=\"912\">\n<tbody>\n<tr>\n<td width=\"284\">ART NO.<\/td>\n<td width=\"335\">HRG02<\/td>\n<\/tr>\n<tr>\n<td width=\"284\">Materiale<\/td>\n<td width=\"335\">doppio strato di cotone con rivestimento in silicone<\/p>\n<p>&nbsp;<\/td>\n<\/tr>\n<tr>\n<td width=\"284\">Resistente al calore<\/td>\n<td width=\"335\">500 gradi<\/td>\n<\/tr>\n<tr>\n<td width=\"284\">Dimensione<\/td>\n<td width=\"335\">26 CM o dimensioni personalizzate.<\/td>\n<\/tr>\n<tr>\n<td width=\"284\">Logo<\/td>\n<td width=\"335\">Silicone puntinato<\/td>\n<\/tr>\n<tr>\n<td width=\"284\">Colore<\/td>\n<td width=\"335\">Supporto personalizzato<\/td>\n<\/tr>\n<tr>\n<td width=\"284\">MOQ<\/td>\n<td width=\"335\">1000 PCS<\/td>\n<\/tr>\n<tr>\n<td width=\"284\">Applicazione<\/td>\n<td width=\"335\">Cucina, Forno, forno, industriale, microonde, ecc.<\/td>\n<\/tr>\n<\/tbody>\n<\/table>\n<p>TOPRISE supporta vari stili di personalizzazione dei guanti in filato di cotone; fare clic per <a href=\"https:\/\/toprisesafety.com\/it\/categoria-prodotto\/personal-protective-equipment\/hand-protection\/cotton-gloves\/\">vedere altri modelli di guanti in filo di cotone.<\/a><\/p>\n<p>Se non trovate i guanti di filato di cotone necessari, <a href=\"https:\/\/toprisesafety.com\/it\/contact-us\/\">contattateci<\/a>; supportiamo la personalizzazione speciale.<\/p>","protected":false},"excerpt":{"rendered":"<p>Codice articolo: HRG02<\/p>\n<p>Materiale: doppio strato di cotone con rivestimento in silicone<\/p>\n<p>Resistente al calore: 500 gradi<\/p>\n<p>Dimensioni: 26 cm o dimensioni personalizzate.<\/p>\n<p>MOQ: 1000 PCS<\/p>","protected":false},"featured_media":11740,"template":"","meta":{"_acf_changed":false},"product_brand":[],"product_cat":[346,345],"product_tag":[],"class_list":{"0":"post-11739","1":"product","2":"type-product","3":"status-publish","4":"has-post-thumbnail","6":"product_cat-cotton-gloves","7":"product_cat-hand-protection","9":"first","10":"instock","11":"shipping-taxable","12":"product-type-simple"},"acf":[],"_links":{"self":[{"href":"https:\/\/toprisesafety.com\/it\/wp-json\/wp\/v2\/product\/11739"}],"collection":[{"href":"https:\/\/toprisesafety.com\/it\/wp-json\/wp\/v2\/product"}],"about":[{"href":"https:\/\/toprisesafety.com\/it\/wp-json\/wp\/v2\/types\/product"}],"wp:featuredmedia":[{"embeddable":true,"href":"https:\/\/toprisesafety.com\/it\/wp-json\/wp\/v2\/media\/11740"}],"wp:attachment":[{"href":"https:\/\/toprisesafety.com\/it\/wp-json\/wp\/v2\/media?parent=11739"}],"wp:term":[{"taxonomy":"product_brand","embeddable":true,"href":"https:\/\/toprisesafety.com\/it\/wp-json\/wp\/v2\/product_brand?post=11739"},{"taxonomy":"product_cat","embeddable":true,"href":"https:\/\/toprisesafety.com\/it\/wp-json\/wp\/v2\/product_cat?post=11739"},{"taxonomy":"product_tag","embeddable":true,"href":"https:\/\/toprisesafety.com\/it\/wp-json\/wp\/v2\/product_tag?post=11739"}],"curies":[{"name":"wp","href":"https:\/\/api.w.org\/{rel}","templated":true}]}}