{"id":11632,"date":"2025-03-26T03:45:18","date_gmt":"2025-03-26T03:45:18","guid":{"rendered":"https:\/\/toprisesafety.com\/?post_type=product&#038;p=11632"},"modified":"2025-04-09T06:51:10","modified_gmt":"2025-04-09T06:51:10","slug":"sandy-latex-coated-work-gloves","status":"publish","type":"product","link":"https:\/\/toprisesafety.com\/it\/prodotto\/sandy-latex-coated-work-gloves\/","title":{"rendered":"Guanti da lavoro rivestiti in lattice Sandy"},"content":{"rendered":"<h2>Guanti da lavoro rivestiti in lattice Sandy<\/h2>\n<ul>\n<li>Comfort eccellente: Design a maglia in nylon calibro 13, sensazione di morbidezza e comfort.<\/li>\n<li>Buon effetto antiscivolo: il design della superficie in lattice espanso offre un'eccellente forza di presa ed \u00e8 adatto agli ambienti umidi.<\/li>\n<li>Design a 3\/4 impregnato: fornisce protezione senza compromettere la flessibilit\u00e0 per una manipolazione fine.<\/li>\n<li>Forte permeabilit\u00e0 all'aria: il materiale in nylon aumenta la permeabilit\u00e0 all'aria, l'usura a lungo termine non \u00e8 calda.<\/li>\n<li>Servizi personalizzati: Supporto alla personalizzazione del LOGO e all'imballaggio personalizzato per soddisfare le esigenze delle imprese.<\/li>\n<li>Applicazione multifunzionale: adatto per l'edilizia, la manutenzione di macchinari<\/li>\n<\/ul>\n<ul>\n<li>Il design smerigliato in lattice aumenta le prestazioni antiscivolo.<\/li>\n<li>Doppio processo di immersione per migliorare la durata;<\/li>\n<li>Offrono una sensazione di comfort e vestibilit\u00e0;<\/li>\n<li>Supporto alla personalizzazione del LOGO in linea con le esigenze individuali.<\/li>\n<li>Gli imballaggi speciali possono essere personalizzati in base alla richiesta;<\/li>\n<li>La forte presa migliora l'efficienza del lavoro.<\/li>\n<li>Certificazione EN388 per garantire la sicurezza.<\/li>\n<\/ul>\n<table>\n<tbody>\n<tr>\n<td width=\"284\">ART NO.<\/td>\n<td width=\"335\">LXG14<\/td>\n<\/tr>\n<tr>\n<td width=\"284\">Materiale<\/td>\n<td width=\"335\">Fodera in maglia di poliestere da 15 gauge con rivestimento in lattice sabbioso<\/td>\n<\/tr>\n<tr>\n<td width=\"284\">Finitura<\/td>\n<td width=\"335\">Doppio strato, dita rugose, 3\/4 immerse nel lattice.<\/td>\n<\/tr>\n<tr>\n<td width=\"284\">Peso<\/td>\n<td width=\"335\">oltre 90g\/paio<\/td>\n<\/tr>\n<tr>\n<td width=\"284\">Dimensione<\/td>\n<td width=\"335\">7\u2033,8\u2033,9\u2033,10\u2033,11\u2033 per la scelta<\/td>\n<\/tr>\n<tr>\n<td width=\"284\">Standad di qualit\u00e0<\/td>\n<td width=\"335\">CE EN388<\/td>\n<\/tr>\n<tr>\n<td width=\"284\">Logo<\/td>\n<td width=\"335\">Serigrafia, stampa a trasferimento termico a scelta.<\/td>\n<\/tr>\n<tr>\n<td width=\"284\">Colore<\/td>\n<td width=\"335\">Supporto personalizzato<\/td>\n<\/tr>\n<tr>\n<td width=\"284\">MOQ<\/td>\n<td width=\"335\">1000 DOZ (12000 PAIA)<\/td>\n<\/tr>\n<tr>\n<td width=\"284\">Imballaggio<\/td>\n<td width=\"335\">12 paia per polisacco, 120 paia per cartone o personalizzati<\/td>\n<\/tr>\n<tr>\n<td width=\"284\">Applicazione<\/td>\n<td width=\"335\">Costruzione, manutenzione meccanica, petrolchimica, carpenteria, ecc.<\/td>\n<\/tr>\n<\/tbody>\n<\/table>\n<p>TOPRISE supporta vari stili di personalizzazione dei guanti in lattice; fare clic su <a href=\"https:\/\/toprisesafety.com\/it\/categoria-prodotto\/personal-protective-equipment\/hand-protection\/latex-gloves\/\">vedere altri modelli di guanti in lattice.<\/a><\/p>\n<p>Se non trovate i guanti in lattice necessari, <a href=\"https:\/\/toprisesafety.com\/it\/contact-us\/\">contattateci;<\/a> supportiamo la personalizzazione speciale.<\/p>","protected":false},"excerpt":{"rendered":"<p>Codice articolo: LXG14<\/p>\n<p>Materiale: Fodera in maglia di poliestere da 15 gauge con rivestimento in lattice sabbioso<\/p>\n<p>Finitura: Doppio strato, dita rugose, 3\/4 immerso nel lattice.<\/p>\n<p>Peso: oltre 90g\/paio<\/p>\n<p>Dimensioni: 7\u2033, 8\u2033, 9\u2033, 10\u2033, 11\u2033 a scelta<\/p>\n<p>Standard di qualit\u00e0: CE EN388<\/p>\n<p>MOQ: 1000 DOZ (12000 PAIA)<\/p>","protected":false},"featured_media":11633,"template":"","meta":{"_acf_changed":false},"product_brand":[],"product_cat":[348,345],"product_tag":[],"class_list":{"0":"post-11632","1":"product","2":"type-product","3":"status-publish","4":"has-post-thumbnail","6":"product_cat-latex-gloves","7":"product_cat-hand-protection","9":"first","10":"instock","11":"shipping-taxable","12":"product-type-simple"},"acf":[],"_links":{"self":[{"href":"https:\/\/toprisesafety.com\/it\/wp-json\/wp\/v2\/product\/11632"}],"collection":[{"href":"https:\/\/toprisesafety.com\/it\/wp-json\/wp\/v2\/product"}],"about":[{"href":"https:\/\/toprisesafety.com\/it\/wp-json\/wp\/v2\/types\/product"}],"wp:featuredmedia":[{"embeddable":true,"href":"https:\/\/toprisesafety.com\/it\/wp-json\/wp\/v2\/media\/11633"}],"wp:attachment":[{"href":"https:\/\/toprisesafety.com\/it\/wp-json\/wp\/v2\/media?parent=11632"}],"wp:term":[{"taxonomy":"product_brand","embeddable":true,"href":"https:\/\/toprisesafety.com\/it\/wp-json\/wp\/v2\/product_brand?post=11632"},{"taxonomy":"product_cat","embeddable":true,"href":"https:\/\/toprisesafety.com\/it\/wp-json\/wp\/v2\/product_cat?post=11632"},{"taxonomy":"product_tag","embeddable":true,"href":"https:\/\/toprisesafety.com\/it\/wp-json\/wp\/v2\/product_tag?post=11632"}],"curies":[{"name":"wp","href":"https:\/\/api.w.org\/{rel}","templated":true}]}}