{"id":11571,"date":"2025-03-20T04:54:31","date_gmt":"2025-03-20T04:54:31","guid":{"rendered":"https:\/\/toprisesafety.com\/?post_type=product&#038;p=11571"},"modified":"2025-03-25T04:35:41","modified_gmt":"2025-03-25T04:35:41","slug":"camouflage-rain-suit-military-raincoat","status":"publish","type":"product","link":"https:\/\/toprisesafety.com\/it\/prodotto\/camouflage-rain-suit-military-raincoat\/","title":{"rendered":"Tuta antipioggia mimetica Impermeabile militare"},"content":{"rendered":"<h2>Tuta antipioggia mimetica Impermeabile militare<\/h2>\n<p>Ningbo TOPRISE, fondata nel 2009, \u00e8 un produttore professionale di impermeabili, impegnato a fornire prodotti di alta qualit\u00e0, resistenti e impermeabili. Supportiamo servizi personalizzati per soddisfare le esigenze dei diversi clienti, assicuriamo consegne tempestive e aiutiamo i clienti a far fronte alle condizioni meteorologiche avverse.<\/p>\n<ul>\n<li>Durata e protezione: Lo spessore del tessuto (0,22-0,23 mm) garantisce l'uso a lungo termine del prodotto, ha una forte resistenza all'usura, pu\u00f2 resistere efficacemente alle condizioni atmosferiche avverse e fornisce una protezione adeguata.<\/li>\n<li>Alta visibilit\u00e0: Le strisce riflettenti migliorano la visibilit\u00e0 di chi li indossa, anche in ambienti con scarsa illuminazione, come la notte o la nebbia, per garantire che chi li indossa sia chiaramente visibile, in particolare per i cantieri edili, la costruzione di strade e altri luoghi che richiedono un'elevata sicurezza.<\/li>\n<li>Impermeabile e antivento: Il tessuto Oxford rivestito in PU rende l'impermeabile impermeabile; anche in caso di pioggia intensa, \u00e8 in grado di mantenervi asciutti e allo stesso tempo, grazie alla permeabilit\u00e0 all'aria, evita il disagio di indossare l'impermeabile.<\/li>\n<li>Leggero e confortevole: Sebbene il tessuto sia resistente, l'impermeabile \u00e8 leggero e non risulta pesante n\u00e9 limita le attivit\u00e0 per lungo tempo, offrendo un'esperienza confortevole.<\/li>\n<li>Vantaggi del tessuto: Il tessuto Oxford 150D\/300D, con una forza e una resistenza all'usura estremamente elevate, \u00e8 in grado di sopportare ambienti difficili e un uso ripetuto. Il tessuto Oxford ha una resistenza superiore all'acqua, al vento e ai raggi UV, che lo rende adatto a condizioni climatiche estreme.<\/li>\n<li>Personalizzabile: supporta la personalizzazione e pu\u00f2 aggiungere un logo o regolare il colore o lo stile in base alle esigenze del cliente.<\/li>\n<\/ul>\n<table>\n<tbody>\n<tr>\n<td width=\"284\">ART NO.<\/td>\n<td width=\"374\">RS04<\/td>\n<\/tr>\n<tr>\n<td width=\"284\">Materiale<\/td>\n<td width=\"374\">Poliestere 170T con rivestimento in PVC.<\/td>\n<\/tr>\n<tr>\n<td width=\"284\">Spessore<\/td>\n<td width=\"374\">0,18 mm o personalizzato<\/td>\n<\/tr>\n<tr>\n<td width=\"284\">Colore<\/td>\n<td width=\"374\">Mimetico o personalizzato<\/td>\n<\/tr>\n<tr>\n<td width=\"284\">Dimensione<\/td>\n<td width=\"374\">S-XXXL CM.<\/td>\n<\/tr>\n<tr>\n<td width=\"284\">Logo<\/td>\n<td width=\"374\">Logo dell'etichetta del collo o stampa sull'impermeabile e sulla confezione<\/td>\n<\/tr>\n<tr>\n<td width=\"284\">Imballaggio<\/td>\n<td width=\"374\">1 pc per l'imballaggio della borsa dello stesso materiale<\/td>\n<\/tr>\n<tr>\n<td width=\"284\">MOQ<\/td>\n<td width=\"374\">500 SET<\/td>\n<\/tr>\n<\/tbody>\n<\/table>\n<p>TOPRISE supporta diversi stili di personalizzazione dell'abbigliamento antipioggia; fare clic su <a href=\"https:\/\/toprisesafety.com\/it\/categoria-prodotto\/personal-protective-equipment\/rain-wear\/\">vedere altri modelli di abbigliamento da pioggia.<\/a><\/p>\n<p>Se non trovate l'abbigliamento da pioggia richiesto, <a href=\"https:\/\/toprisesafety.com\/it\/contact-us\/\">contattateci<\/a>; supportiamo la personalizzazione speciale.<\/p>","protected":false},"excerpt":{"rendered":"<p>ART NO.RS04<\/p>\n<p>Materiale: poliestere 170T con rivestimento in PVC.<\/p>\n<p>Spessore: 0,18 mm di spessore o personalizzato<\/p>\n<p>Taglia: S-XXXL o personalizzata<\/p>\n<p>MOQ: 500 SET<\/p>\n<p>Supporto di dimensioni, logo e design personalizzati<\/p>","protected":false},"featured_media":11572,"template":"","meta":{"_acf_changed":false},"product_brand":[],"product_cat":[321],"product_tag":[],"class_list":{"0":"post-11571","1":"product","2":"type-product","3":"status-publish","4":"has-post-thumbnail","6":"product_cat-rain-wear","8":"first","9":"instock","10":"shipping-taxable","11":"product-type-simple"},"acf":[],"_links":{"self":[{"href":"https:\/\/toprisesafety.com\/it\/wp-json\/wp\/v2\/product\/11571"}],"collection":[{"href":"https:\/\/toprisesafety.com\/it\/wp-json\/wp\/v2\/product"}],"about":[{"href":"https:\/\/toprisesafety.com\/it\/wp-json\/wp\/v2\/types\/product"}],"wp:featuredmedia":[{"embeddable":true,"href":"https:\/\/toprisesafety.com\/it\/wp-json\/wp\/v2\/media\/11572"}],"wp:attachment":[{"href":"https:\/\/toprisesafety.com\/it\/wp-json\/wp\/v2\/media?parent=11571"}],"wp:term":[{"taxonomy":"product_brand","embeddable":true,"href":"https:\/\/toprisesafety.com\/it\/wp-json\/wp\/v2\/product_brand?post=11571"},{"taxonomy":"product_cat","embeddable":true,"href":"https:\/\/toprisesafety.com\/it\/wp-json\/wp\/v2\/product_cat?post=11571"},{"taxonomy":"product_tag","embeddable":true,"href":"https:\/\/toprisesafety.com\/it\/wp-json\/wp\/v2\/product_tag?post=11571"}],"curies":[{"name":"wp","href":"https:\/\/api.w.org\/{rel}","templated":true}]}}