{"id":11215,"date":"2025-03-11T06:32:30","date_gmt":"2025-03-11T06:32:30","guid":{"rendered":"https:\/\/toprisesafety.com\/?post_type=product&#038;p=11215"},"modified":"2025-03-11T07:31:03","modified_gmt":"2025-03-11T07:31:03","slug":"cowboy-boots","status":"publish","type":"product","link":"https:\/\/toprisesafety.com\/it\/prodotto\/cowboy-boots\/","title":{"rendered":"Stivali da cowboy"},"content":{"rendered":"<h2>Stivali da cowboy<\/h2>\n<p>Caratteristiche di questo stivali da cowboy:<\/p>\n<ul>\n<li>Stile classico del denim: Design unico del ricamo, elegante e pratico, adatto a tutti i tipi di occasioni casual.<\/li>\n<li>Vestibilit\u00e0 comoda: Morbida pelle per un comfort in tutte le stagioni.<\/li>\n<li>Suola resistente all'usura: La suola \u00e8 realizzata in materiale di gomma ad alta resistenza, resistente e antiscivolo, per garantire una camminata costante.<\/li>\n<li>Facile da indossare e da togliere: design semplice ad anello, facile da indossare e da togliere, comodo e veloce.<\/li>\n<li>Classico retr\u00f2: la combinazione di elementi tradizionali da cowboy, retr\u00f2 alla moda, si adatta a una variet\u00e0 di stili da cowboy.<\/li>\n<li>Applicabile a un'ampia gamma di occasioni: che si tratti di abbigliamento quotidiano o di attivit\u00e0 all'aperto, pu\u00f2 essere facilmente abbinato per aggiungere personalit\u00e0 e fascino.<\/li>\n<\/ul>\n<table>\n<tbody>\n<tr>\n<td width=\"279\">Art No.<\/td>\n<td width=\"280\">SB15<\/td>\n<\/tr>\n<tr>\n<td width=\"279\">Materiale<\/td>\n<td width=\"280\">Pelle di cavallo pazzo + suola a iniezione in PU<\/td>\n<\/tr>\n<tr>\n<td width=\"279\">Officina<\/td>\n<td width=\"280\">Suola a iniezione in PU<\/td>\n<\/tr>\n<tr>\n<td width=\"279\">Dimensione<\/td>\n<td width=\"280\">36-48<\/td>\n<\/tr>\n<tr>\n<td width=\"279\">Logo<\/td>\n<td width=\"280\">Il logo del cliente \u00e8 disponibile<\/td>\n<\/tr>\n<tr>\n<td width=\"279\">Personalizzazione<\/td>\n<td width=\"280\">Puntale in acciaio, intersuola in acciaio o intersuola in kevlar ecc. a scelta.<\/td>\n<\/tr>\n<tr>\n<td width=\"279\">Imballaggio<\/td>\n<td width=\"280\">Scatola da 1PR\/Colore, 10PRS\/CTN<\/td>\n<\/tr>\n<\/tbody>\n<\/table>\n<p>TOPRISE supporta diversi stili di personalizzazione delle calzature di sicurezza; fare clic per vedere <a href=\"https:\/\/toprisesafety.com\/it\/categoria-prodotto\/personal-protective-equipment\/foot-protection\/safety-shoes\/\">altri modelli di scarpe di sicurezza<\/a>.<\/p>\n<p>Se non trovate le scarpe antinfortunistiche desiderate, contattateci; siamo in grado di offrire una personalizzazione speciale.<\/p>","protected":false},"excerpt":{"rendered":"<p>Codice articolo: SB16<\/p>\n<p>Taglia: 36-48<\/p>\n<p>Materiale: Pelle di cavallo pazzo + suola in gomma<\/p>\n<p>Lavorazione: incollato<\/p>\n<p>MOQ: 1000PRS<\/p>\n<p>Possiamo supportare diversi standard di stivali di sicurezza.<\/p>","protected":false},"featured_media":11216,"template":"","meta":{"_acf_changed":false},"product_brand":[],"product_cat":[342,343],"product_tag":[],"class_list":{"0":"post-11215","1":"product","2":"type-product","3":"status-publish","4":"has-post-thumbnail","6":"product_cat-foot-protection","7":"product_cat-safety-shoes","9":"first","10":"instock","11":"shipping-taxable","12":"product-type-simple"},"acf":[],"_links":{"self":[{"href":"https:\/\/toprisesafety.com\/it\/wp-json\/wp\/v2\/product\/11215"}],"collection":[{"href":"https:\/\/toprisesafety.com\/it\/wp-json\/wp\/v2\/product"}],"about":[{"href":"https:\/\/toprisesafety.com\/it\/wp-json\/wp\/v2\/types\/product"}],"wp:featuredmedia":[{"embeddable":true,"href":"https:\/\/toprisesafety.com\/it\/wp-json\/wp\/v2\/media\/11216"}],"wp:attachment":[{"href":"https:\/\/toprisesafety.com\/it\/wp-json\/wp\/v2\/media?parent=11215"}],"wp:term":[{"taxonomy":"product_brand","embeddable":true,"href":"https:\/\/toprisesafety.com\/it\/wp-json\/wp\/v2\/product_brand?post=11215"},{"taxonomy":"product_cat","embeddable":true,"href":"https:\/\/toprisesafety.com\/it\/wp-json\/wp\/v2\/product_cat?post=11215"},{"taxonomy":"product_tag","embeddable":true,"href":"https:\/\/toprisesafety.com\/it\/wp-json\/wp\/v2\/product_tag?post=11215"}],"curies":[{"name":"wp","href":"https:\/\/api.w.org\/{rel}","templated":true}]}}