{"id":11148,"date":"2025-03-04T04:42:36","date_gmt":"2025-03-04T04:42:36","guid":{"rendered":"https:\/\/toprisesafety.com\/?post_type=product&#038;p=11148"},"modified":"2025-03-11T07:55:27","modified_gmt":"2025-03-11T07:55:27","slug":"slip-resistant-work-shoes","status":"publish","type":"product","link":"https:\/\/toprisesafety.com\/it\/prodotto\/slip-resistant-work-shoes\/","title":{"rendered":"Scarpe da lavoro antiscivolo"},"content":{"rendered":"<h2>Scarpe da lavoro antiscivolo<\/h2>\n<ul>\n<li><b><\/b><strong><b>Protezione eccellente<\/b><\/strong>: testa in acciaio anti-smash, fondo in acciaio anti-puntura, in linea con gli standard di sicurezza internazionali, per fornire un'eccellente protezione del piede, adatta per l'edilizia, la produzione, la logistica e altri settori ad alto rischio.<\/li>\n<li><b><\/b><strong><b>Resistente all'usura e durevole<\/b><\/strong>: La pelle scamosciata nubuck \u00e8 robusta e resistente all'usura, ha un'eccellente resistenza allo strappo ed \u00e8 traspirante per garantire il massimo comfort durante le lunghe ore di lavoro.<\/li>\n<li><b><\/b><strong><b>Leggero e ammortizzato<\/b><\/strong>: Suola ad iniezione in PU a stampaggio integrato, leggera e resistente all'usura, ammortizzante e smorzante, riduce l'affaticamento del piede e migliora l'efficienza lavorativa.<\/li>\n<li><b><\/b><strong><b>Antiscivolo e resistente all'olio<\/b><\/strong>: Le suole con texture profonda offrono una presa eccellente, si adattano a pavimenti scivolosi e grassi e riducono il rischio di lesioni.<\/li>\n<li><b><\/b><strong><b>Vestibilit\u00e0 comoda<\/b><\/strong>: La pelle nubuck ha una vestibilit\u00e0 morbida, una buona permeabilit\u00e0 all'aria e un design ergonomico che rende l'uso a lungo termine pi\u00f9 confortevole.<\/li>\n<li><b><\/b><strong><b>Stampaggio integrato, durevole e affidabile<\/b><\/strong>: Processo di stampaggio a iniezione in PU per garantire che la suola e il corpo della scarpa si combinino saldamente, non sia facile da scollare, migliori la durata, riduca i costi di approvvigionamento dell'impresa.<\/li>\n<li><b><\/b><strong><b>Supporto alla personalizzazione OEM<\/b><\/strong>: pu\u00f2 personalizzare il LOGO, l'imballaggio, ecc. per soddisfare le esigenze di branding dell'impresa e di approvvigionamento all'ingrosso.<\/li>\n<\/ul>\n<table>\n<tbody>\n<tr>\n<td width=\"279\">Art No.<\/td>\n<td width=\"280\">SB10<\/td>\n<\/tr>\n<tr>\n<td width=\"279\">Materiale<\/td>\n<td width=\"280\">Pelle nubuck + suola iniettata in PU<\/td>\n<\/tr>\n<tr>\n<td width=\"279\">Officina<\/td>\n<td width=\"280\">Iniezione di PU<\/td>\n<\/tr>\n<tr>\n<td width=\"279\">Dimensione<\/td>\n<td width=\"280\">35-46<\/td>\n<\/tr>\n<tr>\n<td width=\"279\">Livello di qualit\u00e0<\/td>\n<td width=\"280\">SB, SBP, S1, S2, S3<\/td>\n<\/tr>\n<tr>\n<td width=\"279\">Standard di qualit\u00e0<\/td>\n<td width=\"280\">CE EN 20345<\/td>\n<\/tr>\n<tr>\n<td width=\"279\">Logo<\/td>\n<td width=\"280\">Il logo del cliente \u00e8 disponibile<\/td>\n<\/tr>\n<tr>\n<td width=\"279\">Personalizzazione<\/td>\n<td width=\"280\">Puntale in acciaio, intersuola in acciaio o intersuola in kevlar ecc. a scelta.<\/td>\n<\/tr>\n<tr>\n<td width=\"279\">Imballaggio<\/td>\n<td width=\"280\">Scatola da 1PR\/Colore, 10PRS\/CTN<\/td>\n<\/tr>\n<\/tbody>\n<\/table>\n<p>TOPRISE supporta diversi stili di personalizzazione delle calzature di sicurezza; fare clic per vedere <a href=\"https:\/\/toprisesafety.com\/it\/categoria-prodotto\/personal-protective-equipment\/foot-protection\/safety-shoes\/\">altri modelli di scarpe di sicurezza<\/a>.<\/p>\n<p>Se non trovate le scarpe antinfortunistiche desiderate, contattateci; siamo in grado di offrire una personalizzazione speciale.<\/p>","protected":false},"excerpt":{"rendered":"<p>Codice articolo: SB10<\/p>\n<p>Taglia: 35-46<\/p>\n<p>Materiale: Pelle nabuk + suola iniettata in PU<\/p>\n<p>Lavorazione: Suola ad iniezione in PU<\/p>\n<p>MOQ: 500PRS<\/p>\n<p>Possiamo supportare diversi standard di scarpe di sicurezza<\/p>","protected":false},"featured_media":11149,"template":"","meta":{"_acf_changed":false},"product_brand":[],"product_cat":[343,342],"product_tag":[],"class_list":{"0":"post-11148","1":"product","2":"type-product","3":"status-publish","4":"has-post-thumbnail","6":"product_cat-safety-shoes","7":"product_cat-foot-protection","9":"first","10":"instock","11":"shipping-taxable","12":"product-type-simple"},"acf":[],"_links":{"self":[{"href":"https:\/\/toprisesafety.com\/it\/wp-json\/wp\/v2\/product\/11148"}],"collection":[{"href":"https:\/\/toprisesafety.com\/it\/wp-json\/wp\/v2\/product"}],"about":[{"href":"https:\/\/toprisesafety.com\/it\/wp-json\/wp\/v2\/types\/product"}],"wp:featuredmedia":[{"embeddable":true,"href":"https:\/\/toprisesafety.com\/it\/wp-json\/wp\/v2\/media\/11149"}],"wp:attachment":[{"href":"https:\/\/toprisesafety.com\/it\/wp-json\/wp\/v2\/media?parent=11148"}],"wp:term":[{"taxonomy":"product_brand","embeddable":true,"href":"https:\/\/toprisesafety.com\/it\/wp-json\/wp\/v2\/product_brand?post=11148"},{"taxonomy":"product_cat","embeddable":true,"href":"https:\/\/toprisesafety.com\/it\/wp-json\/wp\/v2\/product_cat?post=11148"},{"taxonomy":"product_tag","embeddable":true,"href":"https:\/\/toprisesafety.com\/it\/wp-json\/wp\/v2\/product_tag?post=11148"}],"curies":[{"name":"wp","href":"https:\/\/api.w.org\/{rel}","templated":true}]}}