{"id":11125,"date":"2025-03-03T03:53:22","date_gmt":"2025-03-03T03:53:22","guid":{"rendered":"https:\/\/toprisesafety.com\/?post_type=product&#038;p=11125"},"modified":"2025-03-11T08:01:10","modified_gmt":"2025-03-11T08:01:10","slug":"safety-shoes-for-men","status":"publish","type":"product","link":"https:\/\/toprisesafety.com\/it\/prodotto\/safety-shoes-for-men\/","title":{"rendered":"Scarpe di sicurezza per uomo"},"content":{"rendered":"<h1>Scarpe di sicurezza per uomo<\/h1>\n<h2><strong><b>Caratteristiche della scarpa di sicurezza da uomo:<\/b><\/strong><\/h2>\n<ul>\n<li>Protezione ad alta resistenza: fondo in acciaio standard opzionale, che garantisce un'eccellente resistenza agli urti e alle forature; \u00e8 disponibile anche una suola in Kevlar opzionale, leggera e sicura.<\/li>\n<li>Vera pelle bovina a due strati di alta qualit\u00e0: materiale leggero, resistenza all'usura e ai graffi, facile da pulire, si adatta a vari ambienti di lavoro, mantiene un aspetto professionale.<\/li>\n<li>Suola in gomma antiscivolo: design a forte aderenza, adatto a terreni scivolosi e complessi, riduce il rischio di scivolamento e migliora la sicurezza sul lavoro.<\/li>\n<li>Varie opzioni di altezza: 21CM e 30CM due altezze per soddisfare le esigenze di diversi tipi di lavoro, per fornire un supporto e una protezione della caviglia pi\u00f9 completi.<\/li>\n<li>Servizio personalizzato: Supporto alla personalizzazione del cliente, compresi materiali, specifiche, logo del marchio, ecc. per soddisfare le diverse esigenze dei clienti.<\/li>\n<\/ul>\n<h2><strong><b>Settori e usi applicabili:<\/b><\/strong><\/h2>\n<ul>\n<li>Costruzione: Fornire una protezione per la testa in acciaio per evitare che gli oggetti pesanti vengano feriti, adatta al personale di cantiere.<\/li>\n<li>Sicurezza: design a punta alta, supporto avanzato per la caviglia, adatto per la sicurezza, la polizia, le pattuglie e altri settori.<\/li>\n<li>Industria manifatturiera\/pesante: Eccellente resistenza alla perforazione e allo scivolamento, adatta a luoghi ad alto rischio come il pavimento della fabbrica e il funzionamento dei macchinari.<\/li>\n<li>Funzionamento all'aperto: suola in gomma antiscivolo, adatta all'esplorazione dei campi, alla silvicoltura, all'estrazione mineraria e ad altri ambienti difficili.<\/li>\n<li>Trasporto logistico: confortevole e resistente all'usura, adatto alla permanenza in piedi per lunghi periodi e alla movimentazione delle merci.<\/li>\n<li>Con eccellenti prestazioni di sicurezza e durata, questa scarpa da lavoro \u00e8 ampiamente utilizzata in una variet\u00e0 di scenari lavorativi ad alto rischio e ad alta intensit\u00e0, fornendo una protezione professionale del piede alle imprese e ai lavoratori.<\/li>\n<\/ul>\n<table>\n<tbody>\n<tr>\n<td width=\"279\">Art No.<\/td>\n<td width=\"280\">SB06<\/td>\n<\/tr>\n<tr>\n<td width=\"279\">Materiale<\/td>\n<td width=\"280\">Pelle di genuiene, suola di gomma, fodera in campela.<\/td>\n<\/tr>\n<tr>\n<td width=\"279\">Officina<\/td>\n<td width=\"280\">Incollato.<\/td>\n<\/tr>\n<tr>\n<td width=\"279\">Dimensione<\/td>\n<td width=\"280\">36-47<\/td>\n<\/tr>\n<tr>\n<td width=\"279\">Altezza<\/td>\n<td width=\"280\">21CM o 30 CM.<\/td>\n<\/tr>\n<tr>\n<td width=\"279\">Livello di qualit\u00e0<\/td>\n<td width=\"280\">SB, SBP, S1, S2, S3<\/td>\n<\/tr>\n<tr>\n<td width=\"279\">Standard di qualit\u00e0<\/td>\n<td width=\"280\">CE EN 20345<\/td>\n<\/tr>\n<tr>\n<td width=\"279\">Logo<\/td>\n<td width=\"280\">Il logo del cliente \u00e8 disponibile<\/td>\n<\/tr>\n<tr>\n<td width=\"279\">Imballaggio<\/td>\n<td width=\"280\">Scatola da 1PR\/Colore, 10PRS\/CTN<\/td>\n<\/tr>\n<\/tbody>\n<\/table>\n<p>TOPRISE supporta diversi stili di personalizzazione delle calzature di sicurezza; fare clic per vedere <a href=\"https:\/\/toprisesafety.com\/it\/categoria-prodotto\/personal-protective-equipment\/foot-protection\/safety-shoes\/\">altri modelli di scarpe di sicurezza<\/a>.<\/p>\n<p>Se non trovate le scarpe antinfortunistiche desiderate, contattateci; siamo in grado di offrire una personalizzazione speciale.<\/p>\n<p><strong>Abbiamo due diverse altezze di scarpe antinfortunistiche da uomo da scegliere:\u00a0<\/strong><\/p>\n<ul>\n<li>21CM<\/li>\n<li>30CM<\/li>\n<\/ul>\n<p><img fetchpriority=\"high\" decoding=\"async\" class=\"alignnone size-medium wp-image-11131\" src=\"https:\/\/toprisesafety.com\/wp-content\/uploads\/2025\/03\/Safety-shoes-for-men-1-300x300.jpg\" alt=\"\" width=\"300\" height=\"300\" srcset=\"https:\/\/toprisesafety.com\/wp-content\/uploads\/2025\/03\/Safety-shoes-for-men-1-300x300.jpg 300w, https:\/\/toprisesafety.com\/wp-content\/uploads\/2025\/03\/Safety-shoes-for-men-1-150x150.jpg 150w, https:\/\/toprisesafety.com\/wp-content\/uploads\/2025\/03\/Safety-shoes-for-men-1-768x768.jpg 768w, https:\/\/toprisesafety.com\/wp-content\/uploads\/2025\/03\/Safety-shoes-for-men-1-600x600.jpg 600w, https:\/\/toprisesafety.com\/wp-content\/uploads\/2025\/03\/Safety-shoes-for-men-1-100x100.jpg 100w, https:\/\/toprisesafety.com\/wp-content\/uploads\/2025\/03\/Safety-shoes-for-men-1.jpg 800w\" sizes=\"(max-width: 300px) 100vw, 300px\" \/> <img decoding=\"async\" class=\"alignnone size-medium wp-image-11132\" src=\"https:\/\/toprisesafety.com\/wp-content\/uploads\/2025\/03\/Safety-shoes-for-men-5-300x300.jpg\" alt=\"\" width=\"300\" height=\"300\" srcset=\"https:\/\/toprisesafety.com\/wp-content\/uploads\/2025\/03\/Safety-shoes-for-men-5-300x300.jpg 300w, https:\/\/toprisesafety.com\/wp-content\/uploads\/2025\/03\/Safety-shoes-for-men-5-1024x1024.jpg 1024w, https:\/\/toprisesafety.com\/wp-content\/uploads\/2025\/03\/Safety-shoes-for-men-5-150x150.jpg 150w, https:\/\/toprisesafety.com\/wp-content\/uploads\/2025\/03\/Safety-shoes-for-men-5-768x768.jpg 768w, https:\/\/toprisesafety.com\/wp-content\/uploads\/2025\/03\/Safety-shoes-for-men-5-1536x1536.jpg 1536w, https:\/\/toprisesafety.com\/wp-content\/uploads\/2025\/03\/Safety-shoes-for-men-5-2048x2048.jpg 2048w, https:\/\/toprisesafety.com\/wp-content\/uploads\/2025\/03\/Safety-shoes-for-men-5-600x600.jpg 600w, https:\/\/toprisesafety.com\/wp-content\/uploads\/2025\/03\/Safety-shoes-for-men-5-100x100.jpg 100w\" sizes=\"(max-width: 300px) 100vw, 300px\" \/><\/p>\n<p><strong>Possiamo supportare diversi standard di scarpe di sicurezza per uomo.<\/strong><\/p>\n<table>\n<tbody>\n<tr>\n<td width=\"121\"><strong><b>Standard<\/b><\/strong><\/td>\n<td width=\"239\"><strong><b>Interno<\/b><\/strong><\/td>\n<td width=\"366\"><strong><b>Funzione<\/b><\/strong><\/td>\n<\/tr>\n<tr>\n<td width=\"121\">SB<\/td>\n<td width=\"239\">Puntale in acciaio<\/td>\n<td width=\"366\">Resistente agli urti, agli oli e agli acidi<\/td>\n<\/tr>\n<tr>\n<td width=\"121\">SBP<\/td>\n<td width=\"239\">Puntale e piastra in acciaio<\/td>\n<td width=\"366\">Antischiacciamento, antiperforazione, resistente agli urti, agli oli e agli acidi<\/td>\n<\/tr>\n<tr>\n<td width=\"121\">S1<\/td>\n<td width=\"239\">Puntale in acciaio<\/td>\n<td width=\"366\">Anti-smash, antistatico, resistente agli urti, agli oli e agli acidi<\/td>\n<\/tr>\n<tr>\n<td width=\"121\">S1P<\/td>\n<td width=\"239\">Puntale e piastra in acciaio<\/td>\n<td width=\"366\">Antischiacciamento, antiperforazione, antistatico, resistente agli urti, resistente agli oli e agli acidi<\/td>\n<\/tr>\n<tr>\n<td width=\"121\">S2<\/td>\n<td width=\"239\">Puntale in acciaio<\/td>\n<td width=\"366\">Impermeabile, antisfondamento, antistatico, resistente agli urti, agli oli e agli acidi<\/td>\n<\/tr>\n<tr>\n<td width=\"121\">S3<\/td>\n<td width=\"239\">Puntale e piastra in acciaio<\/td>\n<td width=\"366\">Impermeabile, anti-smash, anti-puntura, antistatico, resistente agli urti, all'olio e agli acidi<\/td>\n<\/tr>\n<\/tbody>\n<\/table>","protected":false},"excerpt":{"rendered":"<p>Codice articolo: SB06<\/p>\n<p>Taglia: 36-47<\/p>\n<p>Materiale: Pelle genuiene + suola in gomma + fodera in tessuto<\/p>\n<p>Lavorazione: incollato su gomma<\/p>\n<p>MOQ: 1000PRS<\/p>\n<p>Supporto per ordini personalizzati.<\/p>","protected":false},"featured_media":11126,"template":"","meta":{"_acf_changed":false},"product_brand":[],"product_cat":[343,342],"product_tag":[385,386],"class_list":{"0":"post-11125","1":"product","2":"type-product","3":"status-publish","4":"has-post-thumbnail","6":"product_cat-safety-shoes","7":"product_cat-foot-protection","8":"product_tag-safety-boots","9":"product_tag-safety-shoes","11":"first","12":"instock","13":"shipping-taxable","14":"product-type-simple"},"acf":[],"_links":{"self":[{"href":"https:\/\/toprisesafety.com\/it\/wp-json\/wp\/v2\/product\/11125"}],"collection":[{"href":"https:\/\/toprisesafety.com\/it\/wp-json\/wp\/v2\/product"}],"about":[{"href":"https:\/\/toprisesafety.com\/it\/wp-json\/wp\/v2\/types\/product"}],"wp:featuredmedia":[{"embeddable":true,"href":"https:\/\/toprisesafety.com\/it\/wp-json\/wp\/v2\/media\/11126"}],"wp:attachment":[{"href":"https:\/\/toprisesafety.com\/it\/wp-json\/wp\/v2\/media?parent=11125"}],"wp:term":[{"taxonomy":"product_brand","embeddable":true,"href":"https:\/\/toprisesafety.com\/it\/wp-json\/wp\/v2\/product_brand?post=11125"},{"taxonomy":"product_cat","embeddable":true,"href":"https:\/\/toprisesafety.com\/it\/wp-json\/wp\/v2\/product_cat?post=11125"},{"taxonomy":"product_tag","embeddable":true,"href":"https:\/\/toprisesafety.com\/it\/wp-json\/wp\/v2\/product_tag?post=11125"}],"curies":[{"name":"wp","href":"https:\/\/api.w.org\/{rel}","templated":true}]}}