{"id":9858,"date":"2024-12-02T08:24:03","date_gmt":"2024-12-02T08:24:03","guid":{"rendered":"https:\/\/toprisesafety.com\/?post_type=product&#038;p=9858"},"modified":"2025-03-17T04:01:01","modified_gmt":"2025-03-17T04:01:01","slug":"sports-goggles","status":"publish","type":"product","link":"https:\/\/toprisesafety.com\/fr\/produit\/sports-goggles\/","title":{"rendered":"Lunettes de sport"},"content":{"rendered":"<h2><strong><b>S<\/b><\/strong><strong><b>ports <\/b><\/strong><strong><b>G<\/b><\/strong><strong><b>ogives<\/b><\/strong><\/h2>\n<table>\n<tbody>\n<tr>\n<td width=\"284\">ART NO.<\/td>\n<td width=\"329\">SG23<\/td>\n<\/tr>\n<tr>\n<td width=\"284\">Mat\u00e9riau<\/td>\n<td width=\"329\">Monture TPU + lentille PC<\/td>\n<\/tr>\n<tr>\n<td width=\"284\">Taille<\/td>\n<td width=\"329\">Taille adulte standard<\/td>\n<\/tr>\n<tr>\n<td width=\"284\">Couleur<\/td>\n<td width=\"329\">Kaki\/noir\/vert + lentille claire\/jaune\/noir\/gris etc.<\/td>\n<\/tr>\n<tr>\n<td width=\"284\">Emballage<\/td>\n<td width=\"329\">Sac en poly\u00e9thyl\u00e8ne, carte de t\u00eate, bo\u00eete blister, bo\u00eete de couleur, etc.<\/td>\n<\/tr>\n<tr>\n<td width=\"284\">Application<\/td>\n<td width=\"329\">Voyage, v\u00e9lo, chasse, champ, CS et autres sports de plein air<\/td>\n<\/tr>\n<\/tbody>\n<\/table>\n<p>TOPRISE prend en charge diff\u00e9rents styles de personnalisation des lunettes de protection. <a href=\"https:\/\/toprisesafety.com\/fr\/categorie-produit\/personal-protective-equipment\/eye-protection\/safety-goggles\/\">voir d'autres mod\u00e8les de lunettes de protection<\/a>.<\/p>\n<p>Si vous ne trouvez pas les lunettes de s\u00e9curit\u00e9 n\u00e9cessaires, vous pouvez les utiliser, <a href=\"https:\/\/toprisesafety.com\/fr\/contact-us\/\">nous contacter<\/a>; nous prenons en charge la personnalisation sp\u00e9ciale.<\/p>","protected":false},"excerpt":{"rendered":"<p>No. d'art : SG23<\/p>\n<p>Mat\u00e9riau : Monture TPU + lentille PC<\/p>\n<p>Couleur : kaki\/noir\/vert + lentille claire\/jaune\/noir\/gris etc.<\/p>\n<p>Prise en charge des paquets personnalis\u00e9s<\/p>\n<p>MOQ : 1000PCS, couleur sp\u00e9ciale 3000PCS<\/p>","protected":false},"featured_media":9859,"template":"","meta":{"_acf_changed":false},"product_brand":[],"product_cat":[357,358],"product_tag":[],"class_list":{"0":"post-9858","1":"product","2":"type-product","3":"status-publish","4":"has-post-thumbnail","6":"product_cat-eye-protection","7":"product_cat-safety-goggles","9":"first","10":"instock","11":"shipping-taxable","12":"product-type-simple"},"acf":[],"_links":{"self":[{"href":"https:\/\/toprisesafety.com\/fr\/wp-json\/wp\/v2\/product\/9858"}],"collection":[{"href":"https:\/\/toprisesafety.com\/fr\/wp-json\/wp\/v2\/product"}],"about":[{"href":"https:\/\/toprisesafety.com\/fr\/wp-json\/wp\/v2\/types\/product"}],"wp:featuredmedia":[{"embeddable":true,"href":"https:\/\/toprisesafety.com\/fr\/wp-json\/wp\/v2\/media\/9859"}],"wp:attachment":[{"href":"https:\/\/toprisesafety.com\/fr\/wp-json\/wp\/v2\/media?parent=9858"}],"wp:term":[{"taxonomy":"product_brand","embeddable":true,"href":"https:\/\/toprisesafety.com\/fr\/wp-json\/wp\/v2\/product_brand?post=9858"},{"taxonomy":"product_cat","embeddable":true,"href":"https:\/\/toprisesafety.com\/fr\/wp-json\/wp\/v2\/product_cat?post=9858"},{"taxonomy":"product_tag","embeddable":true,"href":"https:\/\/toprisesafety.com\/fr\/wp-json\/wp\/v2\/product_tag?post=9858"}],"curies":[{"name":"wp","href":"https:\/\/api.w.org\/{rel}","templated":true}]}}