{"id":9664,"date":"2024-11-28T05:48:37","date_gmt":"2024-11-28T05:48:37","guid":{"rendered":"https:\/\/toprisesafety.com\/?post_type=product&#038;p=9664"},"modified":"2025-03-14T07:03:40","modified_gmt":"2025-03-14T07:03:40","slug":"custom-safety-glasses","status":"publish","type":"product","link":"https:\/\/toprisesafety.com\/fr\/produit\/custom-safety-glasses\/","title":{"rendered":"Lunettes de s\u00e9curit\u00e9 personnalis\u00e9es"},"content":{"rendered":"<h2><strong><b>Lunettes de s\u00e9curit\u00e9 personnalis\u00e9es<\/b><\/strong><\/h2>\n<table>\n<tbody>\n<tr>\n<td width=\"284\">ART NO.<\/td>\n<td width=\"284\">SG15<\/td>\n<\/tr>\n<tr>\n<td width=\"284\">Mat\u00e9riau<\/td>\n<td width=\"284\">Lentille et branches en PC, plaquette nasale en caoutchouc souple<\/td>\n<\/tr>\n<tr>\n<td width=\"284\">Fonction<\/td>\n<td width=\"284\">Anti-UV, anti-rayures, anti-bu\u00e9e au choix<\/td>\n<\/tr>\n<tr>\n<td width=\"284\">Taille<\/td>\n<td width=\"284\">Taille adulte standard<\/td>\n<\/tr>\n<tr>\n<td width=\"284\">Couleur<\/td>\n<td width=\"284\">Clair, gris fonc\u00e9, jaune, bleu, fauve<\/td>\n<\/tr>\n<tr>\n<td width=\"284\">Emballage<\/td>\n<td width=\"284\">Sac en poly\u00e9thyl\u00e8ne, carte de t\u00eate, bo\u00eete blister, bo\u00eete de couleur, etc.<\/td>\n<\/tr>\n<tr>\n<td width=\"284\">Application<\/td>\n<td width=\"284\">Construction, industrie, exploitation mini\u00e8re, agriculture, \u00e9quitation, laboratoire, arm\u00e9e, p\u00e9trole, etc.<\/td>\n<\/tr>\n<\/tbody>\n<\/table>\n<p>TOPRISE prend en charge la personnalisation de diff\u00e9rents styles de lunettes de s\u00e9curit\u00e9 et de lunettes de soudure. <a href=\"https:\/\/toprisesafety.com\/fr\/categorie-produit\/personal-protective-equipment\/eye-protection\/safety-glasses\/\">voir d'autres mod\u00e8les de lunettes de s\u00e9curit\u00e9 et de lunettes de soudure<\/a>.<\/p>\n<p>Si vous ne trouvez pas les lunettes de s\u00e9curit\u00e9 et de soudure dont vous avez besoin, <a href=\"https:\/\/toprisesafety.com\/fr\/contact-us\/\">nous contacter<\/a>; nous prenons en charge la personnalisation sp\u00e9ciale.<\/p>\n<p>&nbsp;<\/p>","protected":false},"excerpt":{"rendered":"<p>No. d'art : SG15<\/p>\n<p>Mat\u00e9riau : Lentille et branches en PC, coussinet nasal en caoutchouc souple<\/p>\n<p>Couleur : transparent, gris fonc\u00e9, jaune, bleu, etc.<\/p>\n<p>Caract\u00e9ristiques : Anti-UV, anti-rayures, anti-bu\u00e9e au choix<\/p>\n<p>Prise en charge des paquets personnalis\u00e9s<\/p>\n<p>MOQ : 1200PCS, couleur sp\u00e9ciale 3600PCS<\/p>","protected":false},"featured_media":9665,"template":"","meta":{"_acf_changed":false},"product_brand":[],"product_cat":[357,360],"product_tag":[],"class_list":{"0":"post-9664","1":"product","2":"type-product","3":"status-publish","4":"has-post-thumbnail","6":"product_cat-eye-protection","7":"product_cat-safety-glasses","9":"first","10":"instock","11":"shipping-taxable","12":"product-type-simple"},"acf":[],"_links":{"self":[{"href":"https:\/\/toprisesafety.com\/fr\/wp-json\/wp\/v2\/product\/9664"}],"collection":[{"href":"https:\/\/toprisesafety.com\/fr\/wp-json\/wp\/v2\/product"}],"about":[{"href":"https:\/\/toprisesafety.com\/fr\/wp-json\/wp\/v2\/types\/product"}],"wp:featuredmedia":[{"embeddable":true,"href":"https:\/\/toprisesafety.com\/fr\/wp-json\/wp\/v2\/media\/9665"}],"wp:attachment":[{"href":"https:\/\/toprisesafety.com\/fr\/wp-json\/wp\/v2\/media?parent=9664"}],"wp:term":[{"taxonomy":"product_brand","embeddable":true,"href":"https:\/\/toprisesafety.com\/fr\/wp-json\/wp\/v2\/product_brand?post=9664"},{"taxonomy":"product_cat","embeddable":true,"href":"https:\/\/toprisesafety.com\/fr\/wp-json\/wp\/v2\/product_cat?post=9664"},{"taxonomy":"product_tag","embeddable":true,"href":"https:\/\/toprisesafety.com\/fr\/wp-json\/wp\/v2\/product_tag?post=9664"}],"curies":[{"name":"wp","href":"https:\/\/api.w.org\/{rel}","templated":true}]}}