{"id":9206,"date":"2024-11-12T06:44:21","date_gmt":"2024-11-12T06:44:21","guid":{"rendered":"https:\/\/toprisesafety.com\/?post_type=product&#038;p=9206"},"modified":"2025-03-24T04:41:50","modified_gmt":"2025-03-24T04:41:50","slug":"best-welding-mask-auto-darkening","status":"publish","type":"product","link":"https:\/\/toprisesafety.com\/fr\/produit\/best-welding-mask-auto-darkening\/","title":{"rendered":"Meilleur masque de soudage \u00e0 assombrissement automatique"},"content":{"rendered":"<h2><strong><b>Meilleur masque de soudage \u00e0 assombrissement automatique<\/b><\/strong><\/h2>\n<table>\n<tbody>\n<tr>\n<td width=\"284\">ART NO.<\/td>\n<td width=\"284\">WMA08<\/td>\n<\/tr>\n<tr>\n<td width=\"284\">Taille du filtre<\/td>\n<td width=\"284\">110\u00d790\u00d710mm<\/td>\n<\/tr>\n<tr>\n<td width=\"284\">Zone de visualisation active<\/td>\n<td width=\"284\">93\u00d743MM<\/td>\n<\/tr>\n<tr>\n<td width=\"284\">Abat-jour<\/td>\n<td width=\"284\">DIN3<\/td>\n<\/tr>\n<tr>\n<td width=\"284\">Teinte fonc\u00e9e<\/td>\n<td width=\"284\">DIN9-13<\/td>\n<\/tr>\n<tr>\n<td width=\"284\">Ajustement de l'\u00e9tat d'obscurit\u00e9<\/td>\n<td width=\"284\">Oui<\/td>\n<\/tr>\n<tr>\n<td width=\"284\">R\u00e9glage de la sensibilit\u00e9<\/td>\n<td width=\"284\">Oui<\/td>\n<\/tr>\n<tr>\n<td width=\"284\">Temps de commutation<\/td>\n<td width=\"284\">1\/25000S<\/td>\n<\/tr>\n<tr>\n<td width=\"284\">Temps de retard<\/td>\n<td width=\"284\">0,01ms<\/td>\n<\/tr>\n<tr>\n<td width=\"284\">Alimentation \u00e9lectrique<\/td>\n<td width=\"284\">Pile au lithium et alimentation solaire<\/td>\n<\/tr>\n<tr>\n<td width=\"284\">Capacit\u00e9 connexe de la pile au lithium<\/td>\n<td width=\"284\">60mAh<\/td>\n<\/tr>\n<tr>\n<td width=\"284\">Qualit\u00e9 de fonctionnement contre les UVB<\/td>\n<td width=\"284\">DIN16<\/td>\n<\/tr>\n<tr>\n<td width=\"284\">Poids<\/td>\n<td width=\"284\">400G\/PC<\/td>\n<\/tr>\n<tr>\n<td width=\"284\">Emballage<\/td>\n<td width=\"284\">Chaque pi\u00e8ce par couleur est emball\u00e9e dans une bo\u00eete ,20PCS\/CTN<\/td>\n<\/tr>\n<tr>\n<td width=\"284\">Taille du carton<\/td>\n<td width=\"284\">53\u00d750\u00d750CM<\/td>\n<\/tr>\n<tr>\n<td width=\"284\">N\/G.W<\/td>\n<td width=\"284\">8\/10KGS<\/td>\n<\/tr>\n<tr>\n<td width=\"284\">Service OEM<\/td>\n<td width=\"284\">Oui<\/td>\n<\/tr>\n<\/tbody>\n<\/table>\n<p>TOPRISE prend en charge diff\u00e9rents styles de masques et de casques de soudure personnalisables.<a href=\"https:\/\/toprisesafety.com\/fr\/categorie-produit\/personal-protective-equipment\/face-protection\/welding-helmet\/\"> voir d'autres mod\u00e8les de masques et de casques de soudure.<\/a><\/p>\n<p>Si vous ne trouvez pas les masques et les casques de soudure dont vous avez besoin, <a href=\"https:\/\/toprisesafety.com\/fr\/contact-us\/\">nous contacter<\/a>; nous prenons en charge la personnalisation sp\u00e9ciale.<\/p>","protected":false},"excerpt":{"rendered":"<p>Best Welding Mask Auto Darkening ART NO. WMA08 Filter Size 110\u00d790\u00d710mm Active Viewing Area 93\u00d743MM Light Shade DIN3 Dark Shade DIN9-13 Dark State Adjustment Yes SenSitivity Adjustment Yes Switching Time 1\/25000S Delay Time 0.01ms Power Supply Lithium battery &amp; Solar Supply Related Capcity of Lithium Battery 60mAh Operating Gradeaginst UVB DIN16 Weight 400G\/PC Packing Each [&hellip;]<\/p>\n","protected":false},"featured_media":9207,"template":"","meta":{"_acf_changed":false},"product_brand":[],"product_cat":[361,363,362],"product_tag":[],"class_list":{"0":"post-9206","1":"product","2":"type-product","3":"status-publish","4":"has-post-thumbnail","6":"product_cat-face-protection","7":"product_cat-auto-welding-helmet","8":"product_cat-welding-helmet","10":"first","11":"instock","12":"shipping-taxable","13":"product-type-simple"},"acf":[],"_links":{"self":[{"href":"https:\/\/toprisesafety.com\/fr\/wp-json\/wp\/v2\/product\/9206","targetHints":{"allow":["GET"]}}],"collection":[{"href":"https:\/\/toprisesafety.com\/fr\/wp-json\/wp\/v2\/product"}],"about":[{"href":"https:\/\/toprisesafety.com\/fr\/wp-json\/wp\/v2\/types\/product"}],"wp:featuredmedia":[{"embeddable":true,"href":"https:\/\/toprisesafety.com\/fr\/wp-json\/wp\/v2\/media\/9207"}],"wp:attachment":[{"href":"https:\/\/toprisesafety.com\/fr\/wp-json\/wp\/v2\/media?parent=9206"}],"wp:term":[{"taxonomy":"product_brand","embeddable":true,"href":"https:\/\/toprisesafety.com\/fr\/wp-json\/wp\/v2\/product_brand?post=9206"},{"taxonomy":"product_cat","embeddable":true,"href":"https:\/\/toprisesafety.com\/fr\/wp-json\/wp\/v2\/product_cat?post=9206"},{"taxonomy":"product_tag","embeddable":true,"href":"https:\/\/toprisesafety.com\/fr\/wp-json\/wp\/v2\/product_tag?post=9206"}],"curies":[{"name":"wp","href":"https:\/\/api.w.org\/{rel}","templated":true}]}}