{"id":9159,"date":"2024-11-12T02:10:44","date_gmt":"2024-11-12T02:10:44","guid":{"rendered":"https:\/\/toprisesafety.com\/?post_type=product&#038;p=9159"},"modified":"2025-03-24T04:45:08","modified_gmt":"2025-03-24T04:45:08","slug":"personalised-welding-mask","status":"publish","type":"product","link":"https:\/\/toprisesafety.com\/fr\/produit\/personalised-welding-mask\/","title":{"rendered":"Masque de soudure personnalis\u00e9"},"content":{"rendered":"<h2>Masque de soudure personnalis\u00e9<\/h2>\n<table>\n<tbody>\n<tr>\n<td width=\"284\">ART NO.<\/td>\n<td width=\"284\">WM10<\/td>\n<\/tr>\n<tr>\n<td width=\"284\">Mat\u00e9riau<\/td>\n<td width=\"284\">PC<\/td>\n<\/tr>\n<tr>\n<td width=\"284\">No. de la teinte<\/td>\n<td width=\"284\">#7 noir (#7-#14 au choix)<\/td>\n<\/tr>\n<tr>\n<td width=\"284\">Taille du produit<\/td>\n<td width=\"284\">18.8\u00d717.8CM<\/td>\n<\/tr>\n<tr>\n<td width=\"284\">Qt\u00e9 de carton<\/td>\n<td width=\"284\">1PC par bo\u00eete de couleur neutre, 25PCS par carton<\/td>\n<\/tr>\n<tr>\n<td width=\"284\">Taille du carton<\/td>\n<td width=\"284\">50\u00d740\u00d740CM<\/td>\n<\/tr>\n<tr>\n<td width=\"284\">N\/G.W<\/td>\n<td width=\"284\">6.04\/6.5KGS<\/td>\n<\/tr>\n<tr>\n<td width=\"284\">Application<\/td>\n<td width=\"284\">Protection, soudage, coupage, ing\u00e9nierie<\/td>\n<\/tr>\n<\/tbody>\n<\/table>\n<p>TOPRISE prend en charge diff\u00e9rents styles de masques et de casques de soudure personnalisables.<a href=\"https:\/\/toprisesafety.com\/fr\/categorie-produit\/personal-protective-equipment\/face-protection\/welding-helmet\/\"> voir d'autres mod\u00e8les de masques et de casques de soudure.<\/a><\/p>\n<p>Si vous ne trouvez pas les masques et les casques de soudure dont vous avez besoin, <a href=\"https:\/\/toprisesafety.com\/fr\/contact-us\/\">nous contacter<\/a>; nous prenons en charge la personnalisation sp\u00e9ciale.<\/p>","protected":false},"excerpt":{"rendered":"<p>No. d'art : WM10<\/p>\n<p>Mat\u00e9riau : PC<\/p>\n<p>Couleur : Noir<\/p>\n<p>No. d'abat-jour : #7<\/p>\n<p>MOQ : 500PCS( Si le num\u00e9ro de la nuance est personnalis\u00e9, le MOQ doit \u00eatre de 1000 pcs)<\/p>","protected":false},"featured_media":9160,"template":"","meta":{"_acf_changed":false},"product_brand":[],"product_cat":[361,364,362],"product_tag":[],"class_list":{"0":"post-9159","1":"product","2":"type-product","3":"status-publish","4":"has-post-thumbnail","6":"product_cat-face-protection","7":"product_cat-normal-welding-helmet","8":"product_cat-welding-helmet","10":"first","11":"instock","12":"shipping-taxable","13":"product-type-simple"},"acf":[],"_links":{"self":[{"href":"https:\/\/toprisesafety.com\/fr\/wp-json\/wp\/v2\/product\/9159","targetHints":{"allow":["GET"]}}],"collection":[{"href":"https:\/\/toprisesafety.com\/fr\/wp-json\/wp\/v2\/product"}],"about":[{"href":"https:\/\/toprisesafety.com\/fr\/wp-json\/wp\/v2\/types\/product"}],"wp:featuredmedia":[{"embeddable":true,"href":"https:\/\/toprisesafety.com\/fr\/wp-json\/wp\/v2\/media\/9160"}],"wp:attachment":[{"href":"https:\/\/toprisesafety.com\/fr\/wp-json\/wp\/v2\/media?parent=9159"}],"wp:term":[{"taxonomy":"product_brand","embeddable":true,"href":"https:\/\/toprisesafety.com\/fr\/wp-json\/wp\/v2\/product_brand?post=9159"},{"taxonomy":"product_cat","embeddable":true,"href":"https:\/\/toprisesafety.com\/fr\/wp-json\/wp\/v2\/product_cat?post=9159"},{"taxonomy":"product_tag","embeddable":true,"href":"https:\/\/toprisesafety.com\/fr\/wp-json\/wp\/v2\/product_tag?post=9159"}],"curies":[{"name":"wp","href":"https:\/\/api.w.org\/{rel}","templated":true}]}}