{"id":9081,"date":"2024-11-08T06:42:28","date_gmt":"2024-11-08T06:42:28","guid":{"rendered":"https:\/\/toprisesafety.com\/?post_type=product&#038;p=9081"},"modified":"2025-03-24T04:29:53","modified_gmt":"2025-03-24T04:29:53","slug":"garden-face-shield","status":"publish","type":"product","link":"https:\/\/toprisesafety.com\/fr\/produit\/garden-face-shield\/","title":{"rendered":"\u00c9cran facial de jardin"},"content":{"rendered":"<h2><strong><b>\u00c9cran facial de jardin <\/b><\/strong><\/h2>\n<table>\n<tbody>\n<tr>\n<td width=\"284\"><strong><b>ART NO.<\/b><\/strong><\/td>\n<td width=\"284\">FS11<\/td>\n<\/tr>\n<tr>\n<td width=\"284\"><strong><b>Haut de page<\/b><\/strong><strong><b>\u00a0Mat\u00e9riau <\/b><\/strong><\/td>\n<td width=\"284\">PP<\/td>\n<\/tr>\n<tr>\n<td width=\"284\"><strong><b>Mat\u00e9riau de la visi\u00e8re <\/b><\/strong><\/td>\n<td width=\"284\">Clear PVC+black steel wire mesh<\/td>\n<\/tr>\n<tr>\n<td width=\"284\"><strong><b>Taille de la visi\u00e8re<\/b><\/strong><\/td>\n<td width=\"284\">33.5\u00d720.0CM<\/td>\n<\/tr>\n<tr>\n<td width=\"284\"><strong><b>Couleur de la visi\u00e8re<\/b><\/strong><\/td>\n<td width=\"284\">Noir<\/td>\n<\/tr>\n<tr>\n<td width=\"284\"><strong><b>Equipement de t\u00eate<\/b><\/strong><\/td>\n<td width=\"284\">Tourbillon \u00e0 cliquet<\/td>\n<\/tr>\n<tr>\n<td width=\"284\"><strong><b>Application<\/b><\/strong><\/td>\n<td width=\"284\">Protect against dust and sand<\/td>\n<\/tr>\n<tr>\n<td width=\"284\"><strong><b>Zone utilis\u00e9e<\/b><\/strong><\/td>\n<td width=\"284\">Garden, timber,building etc.<\/td>\n<\/tr>\n<tr>\n<td width=\"284\"><strong><b>Emballage<\/b><\/strong><\/td>\n<td width=\"284\">1PC per opp bag, 50 PCS per carton<\/td>\n<\/tr>\n<tr>\n<td width=\"284\"><strong><b>Taille du carton<\/b><\/strong><\/td>\n<td width=\"284\">58\u00d756\u00d747CM<\/td>\n<\/tr>\n<tr>\n<td width=\"284\"><strong><b>N\/G.W<\/b><\/strong><\/td>\n<td width=\"284\">12.1\/12.6KGS<\/td>\n<\/tr>\n<\/tbody>\n<\/table>\n<p>TOPRISE prend en charge diff\u00e9rents styles de personnalisation des \u00e9crans faciaux ; cliquez pour <a href=\"https:\/\/toprisesafety.com\/fr\/categorie-produit\/personal-protective-equipment\/face-protection\/face-shield\/\">voir d'autres mod\u00e8les d'\u00e9crans faciaux<\/a>.<\/p>\n<p>Si vous ne trouvez pas les \u00e9crans faciaux requis, <a href=\"https:\/\/toprisesafety.com\/fr\/contact-us\/\">nous contacter<\/a>; nous prenons en charge la personnalisation sp\u00e9ciale.<\/p>","protected":false},"excerpt":{"rendered":"<p><strong><b>Art No.<\/b><\/strong>\u00a0:FS11<\/p>\n<p><strong><b>Haut de page<\/b><\/strong><strong><b>\u00a0mat\u00e9riel<\/b><\/strong>: PP<\/p>\n<p><strong><b>Mat\u00e9riau de la visi\u00e8re<\/b><\/strong>\u00a0: Clear PVC+ black steel wire mesh<\/p>\n<p><strong><b>Taille de la visi\u00e8re<\/b><\/strong>: 33.5*20.0CM<\/p>\n<p><strong><b>Coiffure<\/b><\/strong>Le syst\u00e8me d'alerte est un syst\u00e8me d'alerte \u00e0 l'aide d'une cl\u00e9 \u00e0 cliquet : le cliquet tourne en arri\u00e8re<\/p>\n<p><strong><b>MOQ<\/b><\/strong>: 500 PCS<\/p>","protected":false},"featured_media":9082,"template":"","meta":{"_acf_changed":false},"product_brand":[],"product_cat":[365,361],"product_tag":[],"class_list":{"0":"post-9081","1":"product","2":"type-product","3":"status-publish","4":"has-post-thumbnail","6":"product_cat-face-shield","7":"product_cat-face-protection","9":"first","10":"instock","11":"shipping-taxable","12":"product-type-simple"},"acf":[],"_links":{"self":[{"href":"https:\/\/toprisesafety.com\/fr\/wp-json\/wp\/v2\/product\/9081"}],"collection":[{"href":"https:\/\/toprisesafety.com\/fr\/wp-json\/wp\/v2\/product"}],"about":[{"href":"https:\/\/toprisesafety.com\/fr\/wp-json\/wp\/v2\/types\/product"}],"wp:featuredmedia":[{"embeddable":true,"href":"https:\/\/toprisesafety.com\/fr\/wp-json\/wp\/v2\/media\/9082"}],"wp:attachment":[{"href":"https:\/\/toprisesafety.com\/fr\/wp-json\/wp\/v2\/media?parent=9081"}],"wp:term":[{"taxonomy":"product_brand","embeddable":true,"href":"https:\/\/toprisesafety.com\/fr\/wp-json\/wp\/v2\/product_brand?post=9081"},{"taxonomy":"product_cat","embeddable":true,"href":"https:\/\/toprisesafety.com\/fr\/wp-json\/wp\/v2\/product_cat?post=9081"},{"taxonomy":"product_tag","embeddable":true,"href":"https:\/\/toprisesafety.com\/fr\/wp-json\/wp\/v2\/product_tag?post=9081"}],"curies":[{"name":"wp","href":"https:\/\/api.w.org\/{rel}","templated":true}]}}