{"id":9077,"date":"2024-11-08T06:39:04","date_gmt":"2024-11-08T06:39:04","guid":{"rendered":"https:\/\/toprisesafety.com\/?post_type=product&#038;p=9077"},"modified":"2025-03-24T04:28:00","modified_gmt":"2025-03-24T04:28:00","slug":"protective-shield-face","status":"publish","type":"product","link":"https:\/\/toprisesafety.com\/fr\/produit\/protective-shield-face\/","title":{"rendered":"\u00c9cran de protection Visage"},"content":{"rendered":"<h2><strong><b>\u00c9cran de protection Visage<\/b><\/strong><\/h2>\n<table>\n<tbody>\n<tr>\n<td width=\"284\"><strong><b>ART NO.<\/b><\/strong><\/td>\n<td width=\"284\">FS10<\/td>\n<\/tr>\n<tr>\n<td width=\"284\"><strong><b>Mat\u00e9riau <\/b><\/strong><\/td>\n<td width=\"284\">PP<\/td>\n<\/tr>\n<tr>\n<td width=\"284\"><strong><b>Couleur de la visi\u00e8re<\/b><\/strong><\/td>\n<td width=\"284\">Clair\/bleu\/taupe<\/td>\n<\/tr>\n<tr>\n<td width=\"284\"><strong><b>T\u00eate<\/b><\/strong><strong><b>g<\/b><\/strong><strong><b>oreille<\/b><\/strong><\/td>\n<td width=\"284\">Boucle \u00e0 ardillon<\/td>\n<\/tr>\n<tr>\n<td width=\"284\"><strong><b>Application<\/b><\/strong><\/td>\n<td width=\"284\">Protection contre la lumi\u00e8re intense, les \u00e9claboussures de produits chimiques et la poussi\u00e8re<\/td>\n<\/tr>\n<tr>\n<td width=\"284\"><strong><b>Zone utilis\u00e9e<\/b><\/strong><\/td>\n<td width=\"284\">Protection contre la poussi\u00e8re et le sable.<\/td>\n<\/tr>\n<tr>\n<td width=\"284\"><strong><b>Emballage<\/b><\/strong><\/td>\n<td width=\"284\">1PC par sac opp, 60 PCS par carton<\/td>\n<\/tr>\n<tr>\n<td width=\"284\"><strong><b>Taille du carton<\/b><\/strong><\/td>\n<td width=\"284\">53\u00d741\u00d761CM<\/td>\n<\/tr>\n<tr>\n<td width=\"284\"><strong><b>N\/G.W<\/b><\/strong><\/td>\n<td width=\"284\">23\/24KGS<\/td>\n<\/tr>\n<\/tbody>\n<\/table>\n<p>TOPRISE prend en charge diff\u00e9rents styles de personnalisation des \u00e9crans faciaux ; cliquez pour <a href=\"https:\/\/toprisesafety.com\/fr\/categorie-produit\/personal-protective-equipment\/face-protection\/face-shield\/\">voir d'autres mod\u00e8les d'\u00e9crans faciaux<\/a>.<\/p>\n<p>Si vous ne trouvez pas les \u00e9crans faciaux requis, <a href=\"https:\/\/toprisesafety.com\/fr\/contact-us\/\">nous contacter<\/a>; nous prenons en charge la personnalisation sp\u00e9ciale.<\/p>","protected":false},"excerpt":{"rendered":"<p><strong><b>Art No.<\/b><\/strong>\u00a0:FS10<\/p>\n<p><strong><b>M<\/b><\/strong><strong><b>aterial<\/b><\/strong>:  PC<\/p>\n<p><strong><b>Visi\u00e8re <\/b><\/strong><strong><b>couleur :<\/b><\/strong>\u00a0clair\/bleu\/taupe<\/p>\n<p><strong><b>Taille de la visi\u00e8re<\/b><\/strong>: 31*22.5CM<\/p>\n<p><strong><b>Coiffure<\/b><\/strong>Boucle \u00e0 ardillon : boucle \u00e0 ardillon<\/p>\n<p><strong><b>MOQ<\/b><\/strong>: 500 PCS<\/p>","protected":false},"featured_media":9078,"template":"","meta":{"_acf_changed":false},"product_brand":[],"product_cat":[365,361],"product_tag":[],"class_list":{"0":"post-9077","1":"product","2":"type-product","3":"status-publish","4":"has-post-thumbnail","6":"product_cat-face-shield","7":"product_cat-face-protection","9":"first","10":"instock","11":"shipping-taxable","12":"product-type-simple"},"acf":[],"_links":{"self":[{"href":"https:\/\/toprisesafety.com\/fr\/wp-json\/wp\/v2\/product\/9077"}],"collection":[{"href":"https:\/\/toprisesafety.com\/fr\/wp-json\/wp\/v2\/product"}],"about":[{"href":"https:\/\/toprisesafety.com\/fr\/wp-json\/wp\/v2\/types\/product"}],"wp:featuredmedia":[{"embeddable":true,"href":"https:\/\/toprisesafety.com\/fr\/wp-json\/wp\/v2\/media\/9078"}],"wp:attachment":[{"href":"https:\/\/toprisesafety.com\/fr\/wp-json\/wp\/v2\/media?parent=9077"}],"wp:term":[{"taxonomy":"product_brand","embeddable":true,"href":"https:\/\/toprisesafety.com\/fr\/wp-json\/wp\/v2\/product_brand?post=9077"},{"taxonomy":"product_cat","embeddable":true,"href":"https:\/\/toprisesafety.com\/fr\/wp-json\/wp\/v2\/product_cat?post=9077"},{"taxonomy":"product_tag","embeddable":true,"href":"https:\/\/toprisesafety.com\/fr\/wp-json\/wp\/v2\/product_tag?post=9077"}],"curies":[{"name":"wp","href":"https:\/\/api.w.org\/{rel}","templated":true}]}}