{"id":9072,"date":"2024-11-08T06:36:09","date_gmt":"2024-11-08T06:36:09","guid":{"rendered":"https:\/\/toprisesafety.com\/?post_type=product&#038;p=9072"},"modified":"2025-03-24T04:29:44","modified_gmt":"2025-03-24T04:29:44","slug":"hard-hat-face-shield","status":"publish","type":"product","link":"https:\/\/toprisesafety.com\/fr\/produit\/hard-hat-face-shield\/","title":{"rendered":"Casque de s\u00e9curit\u00e9 \u00c9cran facial"},"content":{"rendered":"<h2><strong><b>Casque de s\u00e9curit\u00e9 \u00c9cran facial<\/b><\/strong><\/h2>\n<table>\n<tbody>\n<tr>\n<td width=\"284\"><strong><b>ART NO.<\/b><\/strong><\/td>\n<td width=\"284\">FS09<\/td>\n<\/tr>\n<tr>\n<td width=\"284\"><strong><b>Cadre<\/b><\/strong><strong><b>\u00a0Mat\u00e9riau <\/b><\/strong><\/td>\n<td width=\"284\">Aluminium<\/td>\n<\/tr>\n<tr>\n<td width=\"284\"><strong><b>Mat\u00e9riau de la visi\u00e8re <\/b><\/strong><\/td>\n<td width=\"284\">Maille<\/td>\n<\/tr>\n<tr>\n<td width=\"284\"><strong><b>Taille de la visi\u00e8re<\/b><\/strong><\/td>\n<td width=\"284\">28\u00d725CM<\/td>\n<\/tr>\n<tr>\n<td width=\"284\"><strong><b>Couleur de la visi\u00e8re<\/b><\/strong><\/td>\n<td width=\"284\">Noir<\/td>\n<\/tr>\n<tr>\n<td width=\"284\"><strong><b>Utilisation<\/b><\/strong><\/td>\n<td width=\"284\">A porter avec un casque de protection<\/td>\n<\/tr>\n<tr>\n<td width=\"284\"><strong><b>Application<\/b><\/strong><\/td>\n<td width=\"284\">Tonte de jardin, exploitation foresti\u00e8re, travail en plein air<\/td>\n<\/tr>\n<tr>\n<td width=\"284\"><strong><b>Zone utilis\u00e9e<\/b><\/strong><\/td>\n<td width=\"284\">Soudage, construction, laboratoire, exploitation mini\u00e8re, industrie, jardin, etc.<\/td>\n<\/tr>\n<tr>\n<td width=\"284\"><strong><b>Emballage<\/b><\/strong><\/td>\n<td width=\"284\">1PC par sac opp, 200 PCS par carton<\/td>\n<\/tr>\n<tr>\n<td width=\"284\"><strong><b>Taille du carton<\/b><\/strong><\/td>\n<td width=\"284\">51\u00d742\u00d764CM<\/td>\n<\/tr>\n<tr>\n<td width=\"284\"><strong><b>N\/G.W<\/b><\/strong><\/td>\n<td width=\"284\">9.8\/10.5KGS<\/td>\n<\/tr>\n<\/tbody>\n<\/table>\n<p>TOPRISE prend en charge diff\u00e9rents styles de personnalisation des \u00e9crans faciaux ; cliquez pour <a href=\"https:\/\/toprisesafety.com\/fr\/categorie-produit\/personal-protective-equipment\/face-protection\/face-shield\/\">voir d'autres mod\u00e8les d'\u00e9crans faciaux<\/a>.<\/p>\n<p>Si vous ne trouvez pas les \u00e9crans faciaux requis, <a href=\"https:\/\/toprisesafety.com\/fr\/contact-us\/\">nous contacter<\/a>; nous prenons en charge la personnalisation sp\u00e9ciale.<\/p>","protected":false},"excerpt":{"rendered":"<p><strong><b>Art No.<\/b><\/strong>\u00a0:FS09<\/p>\n<p><strong><b>Cadre<\/b><\/strong><strong><b>\u00a0mat\u00e9riel<\/b><\/strong>: Aluminium<\/p>\n<p><strong><b>Mat\u00e9riau de la visi\u00e8re<\/b><\/strong>\u00a0: Maille<\/p>\n<p><strong><b>Taille de la visi\u00e8re<\/b><\/strong>28*25CM<\/p>\n<p><strong><b>Utilisation :<\/b><\/strong>\u00a0\u00e0 porter avec un casque de protection<\/p>\n<p><strong><b>MOQ<\/b><\/strong>: 500 PCS<\/p>","protected":false},"featured_media":9073,"template":"","meta":{"_acf_changed":false},"product_brand":[],"product_cat":[361,365],"product_tag":[],"class_list":{"0":"post-9072","1":"product","2":"type-product","3":"status-publish","4":"has-post-thumbnail","6":"product_cat-face-protection","7":"product_cat-face-shield","9":"first","10":"instock","11":"shipping-taxable","12":"product-type-simple"},"acf":[],"_links":{"self":[{"href":"https:\/\/toprisesafety.com\/fr\/wp-json\/wp\/v2\/product\/9072"}],"collection":[{"href":"https:\/\/toprisesafety.com\/fr\/wp-json\/wp\/v2\/product"}],"about":[{"href":"https:\/\/toprisesafety.com\/fr\/wp-json\/wp\/v2\/types\/product"}],"wp:featuredmedia":[{"embeddable":true,"href":"https:\/\/toprisesafety.com\/fr\/wp-json\/wp\/v2\/media\/9073"}],"wp:attachment":[{"href":"https:\/\/toprisesafety.com\/fr\/wp-json\/wp\/v2\/media?parent=9072"}],"wp:term":[{"taxonomy":"product_brand","embeddable":true,"href":"https:\/\/toprisesafety.com\/fr\/wp-json\/wp\/v2\/product_brand?post=9072"},{"taxonomy":"product_cat","embeddable":true,"href":"https:\/\/toprisesafety.com\/fr\/wp-json\/wp\/v2\/product_cat?post=9072"},{"taxonomy":"product_tag","embeddable":true,"href":"https:\/\/toprisesafety.com\/fr\/wp-json\/wp\/v2\/product_tag?post=9072"}],"curies":[{"name":"wp","href":"https:\/\/api.w.org\/{rel}","templated":true}]}}