{"id":9067,"date":"2024-11-08T06:32:51","date_gmt":"2024-11-08T06:32:51","guid":{"rendered":"https:\/\/toprisesafety.com\/?post_type=product&#038;p=9067"},"modified":"2025-03-24T04:31:01","modified_gmt":"2025-03-24T04:31:01","slug":"half-face-mask","status":"publish","type":"product","link":"https:\/\/toprisesafety.com\/fr\/produit\/half-face-mask\/","title":{"rendered":"Demi-masque"},"content":{"rendered":"<h2><strong><b>Demi-masque<\/b><\/strong><\/h2>\n<table style=\"height: 626px;\" width=\"702\">\n<tbody>\n<tr>\n<td width=\"284\"><strong><b>ART NO.<\/b><\/strong><\/td>\n<td width=\"284\">FS08<\/td>\n<\/tr>\n<tr>\n<td width=\"284\"><strong><b>Cadre<\/b><\/strong><strong><b>\u00a0Mat\u00e9riau <\/b><\/strong><\/td>\n<td width=\"284\">PP<\/td>\n<\/tr>\n<tr>\n<td width=\"284\"><strong><b>Mat\u00e9riau de la visi\u00e8re <\/b><\/strong><\/td>\n<td width=\"284\">PET verre organique<\/td>\n<\/tr>\n<tr>\n<td width=\"284\"><strong><b>Taille de la visi\u00e8re<\/b><\/strong><\/td>\n<td width=\"284\">22.5\u00d722.0CM<\/td>\n<\/tr>\n<tr>\n<td width=\"284\"><strong><b>Couleur de la visi\u00e8re<\/b><\/strong><\/td>\n<td width=\"284\">Clair\/brun fonc\u00e9<\/td>\n<\/tr>\n<tr>\n<td width=\"284\"><strong><b>Equipement de t\u00eate<\/b><\/strong><\/td>\n<td width=\"284\">Boucle \u00e0 ardillon<\/td>\n<\/tr>\n<tr>\n<td width=\"284\"><strong><b>Application<\/b><\/strong><\/td>\n<td width=\"284\">Protection contre la lumi\u00e8re intense, les \u00e9claboussures de produits chimiques et la poussi\u00e8re<\/td>\n<\/tr>\n<tr>\n<td width=\"284\"><strong><b>Zone utilis\u00e9e<\/b><\/strong><\/td>\n<td width=\"284\">Soudage, construction, laboratoire, exploitation mini\u00e8re, industrie, jardin, etc.<\/td>\n<\/tr>\n<tr>\n<td width=\"284\"><strong><b>Emballage<\/b><\/strong><\/td>\n<td width=\"284\">1PC par sac opp, 60 PCS par carton<\/td>\n<\/tr>\n<tr>\n<td width=\"284\"><strong><b>Taille du carton<\/b><\/strong><\/td>\n<td width=\"284\">46\u00d742\u00d742CM<\/td>\n<\/tr>\n<tr>\n<td width=\"284\"><strong><b>N\/G.W<\/b><\/strong><\/td>\n<td width=\"284\">11\/11.5KGS<\/td>\n<\/tr>\n<\/tbody>\n<\/table>\n<p>TOPRISE prend en charge diff\u00e9rents styles de personnalisation des \u00e9crans faciaux ; cliquez pour <a href=\"https:\/\/toprisesafety.com\/fr\/categorie-produit\/personal-protective-equipment\/face-protection\/face-shield\/\">voir d'autres mod\u00e8les d'\u00e9crans faciaux<\/a>.<\/p>\n<p>Si vous ne trouvez pas les \u00e9crans faciaux requis, <a href=\"https:\/\/toprisesafety.com\/fr\/contact-us\/\">nous contacter<\/a>; nous prenons en charge la personnalisation sp\u00e9ciale.<\/p>","protected":false},"excerpt":{"rendered":"<p><strong><b>Art No.<\/b><\/strong>\u00a0:FS08<\/p>\n<p><strong><b>Cadre<\/b><\/strong><strong><b>\u00a0mat\u00e9riel<\/b><\/strong>: PP<\/p>\n<p><strong><b>Mat\u00e9riau de la visi\u00e8re<\/b><\/strong>\u00a0PET verre organique<\/p>\n<p><strong><b>Taille de la visi\u00e8re<\/b><\/strong>22*20,5CM<\/p>\n<p><strong><b>Coiffure<\/b><\/strong>Boucle \u00e0 ardillon : boucle \u00e0 ardillon<\/p>\n<p><strong><b>MOQ<\/b><\/strong>: 500 PCS<\/p>","protected":false},"featured_media":9068,"template":"","meta":{"_acf_changed":false},"product_brand":[],"product_cat":[361,365],"product_tag":[],"class_list":{"0":"post-9067","1":"product","2":"type-product","3":"status-publish","4":"has-post-thumbnail","6":"product_cat-face-protection","7":"product_cat-face-shield","9":"first","10":"instock","11":"shipping-taxable","12":"product-type-simple"},"acf":[],"_links":{"self":[{"href":"https:\/\/toprisesafety.com\/fr\/wp-json\/wp\/v2\/product\/9067"}],"collection":[{"href":"https:\/\/toprisesafety.com\/fr\/wp-json\/wp\/v2\/product"}],"about":[{"href":"https:\/\/toprisesafety.com\/fr\/wp-json\/wp\/v2\/types\/product"}],"wp:featuredmedia":[{"embeddable":true,"href":"https:\/\/toprisesafety.com\/fr\/wp-json\/wp\/v2\/media\/9068"}],"wp:attachment":[{"href":"https:\/\/toprisesafety.com\/fr\/wp-json\/wp\/v2\/media?parent=9067"}],"wp:term":[{"taxonomy":"product_brand","embeddable":true,"href":"https:\/\/toprisesafety.com\/fr\/wp-json\/wp\/v2\/product_brand?post=9067"},{"taxonomy":"product_cat","embeddable":true,"href":"https:\/\/toprisesafety.com\/fr\/wp-json\/wp\/v2\/product_cat?post=9067"},{"taxonomy":"product_tag","embeddable":true,"href":"https:\/\/toprisesafety.com\/fr\/wp-json\/wp\/v2\/product_tag?post=9067"}],"curies":[{"name":"wp","href":"https:\/\/api.w.org\/{rel}","templated":true}]}}