{"id":8971,"date":"2024-11-07T07:02:59","date_gmt":"2024-11-07T07:02:59","guid":{"rendered":"https:\/\/toprisesafety.com\/?post_type=product&#038;p=8971"},"modified":"2025-03-14T05:37:55","modified_gmt":"2025-03-14T05:37:55","slug":"helmet-with-glasses","status":"publish","type":"product","link":"https:\/\/toprisesafety.com\/fr\/produit\/helmet-with-glasses\/","title":{"rendered":"Casque avec lunettes"},"content":{"rendered":"<p><iframe title=\"Casque avec lunettes\" width=\"800\" height=\"450\" src=\"https:\/\/www.youtube.com\/embed\/R6eh8Srz6yo?feature=oembed\" frameborder=\"0\" allow=\"accelerometer; autoplay; clipboard-write; encrypted-media; gyroscope; picture-in-picture; web-share\" referrerpolicy=\"strict-origin-when-cross-origin\" allowfullscreen><\/iframe><\/p>\n<p><strong><b>Casque avec lunettes<\/b><\/strong><\/p>\n<table>\n<tbody>\n<tr>\n<td width=\"98\"><strong><b>Art No.<\/b><\/strong><\/td>\n<td width=\"558\">SH18<\/td>\n<\/tr>\n<tr>\n<td width=\"98\"><strong><b>Marque<\/b><\/strong><\/td>\n<td width=\"558\">Soutenir la marque du client<\/td>\n<\/tr>\n<tr>\n<td width=\"98\"><strong><b>Mat\u00e9riau<\/b><\/strong><\/td>\n<td width=\"558\">Casque en ABS, lunettes en PC<\/td>\n<\/tr>\n<tr>\n<td width=\"98\"><strong><b>Poids<\/b><\/strong><\/td>\n<td width=\"558\">Casque 470 G\/PC, lunettes ajout\u00e9es poids total 550G\/PC<\/td>\n<\/tr>\n<tr>\n<td width=\"98\"><strong><b>Doublure<\/b><\/strong><\/td>\n<td width=\"558\">Doublure en plastique \u00e0 six points de suspension, cliquet r\u00e9glable pour un port confortable<\/td>\n<\/tr>\n<tr>\n<td width=\"98\"><strong><b>Mentonni\u00e8re<\/b><\/strong><\/td>\n<td width=\"558\">Y compris<\/td>\n<\/tr>\n<tr>\n<td width=\"98\"><strong><b>Couleur<\/b><\/strong><\/td>\n<td width=\"558\">Blanc, jaune, bleu, vert, orange, rouge, etc.<\/td>\n<\/tr>\n<tr>\n<td width=\"98\"><strong><b>MOQ<\/b><\/strong><\/td>\n<td width=\"558\">100PCS\/COLOR<\/td>\n<\/tr>\n<tr>\n<td width=\"98\"><strong><b>Emballage<\/b><\/strong><\/td>\n<td width=\"558\">20 PCS\/CTN<\/td>\n<\/tr>\n<tr>\n<td width=\"98\"><strong><b>Taille du carton<\/b><\/strong><\/td>\n<td width=\"558\">56\u00d745\u00d751CM<\/td>\n<\/tr>\n<tr>\n<td width=\"98\"><strong><b>Application<\/b><\/strong><\/td>\n<td width=\"558\">Protection industrielle, construction, transport, chimie, p\u00e9trole, travaux en haute altitude, etc.<\/td>\n<\/tr>\n<\/tbody>\n<\/table>\n<p>TOPRISE prend en charge diff\u00e9rents styles de personnalisation des casques de s\u00e9curit\u00e9 ; cliquez pour <a href=\"https:\/\/toprisesafety.com\/fr\/categorie-produit\/personal-protective-equipment\/head-protection\/safety-helmet\/\">voir d'autres mod\u00e8les de casques de s\u00e9curit\u00e9.<\/a><\/p>\n<p>Si vous ne trouvez pas les casques de s\u00e9curit\u00e9 requis, <a href=\"https:\/\/toprisesafety.com\/fr\/contact-us\/\">nous contacter<\/a>; nous prenons en charge la personnalisation sp\u00e9ciale.<\/p>","protected":false},"excerpt":{"rendered":"<p><strong><b>Art No.<\/b><\/strong>: SH18<\/p>\n<p><strong><b>Mat\u00e9riau<\/b><\/strong>: Casque en ABS, lunettes en PC<\/p>\n<p><strong><b>Couleur<\/b><\/strong>: Blanc, jaune, bleu, orange, vert fluo, noir, rouge, etc.<\/p>\n<p><strong><b>Poids<\/b><\/strong><strong><b>\u00a0: <\/b><\/strong>550G\/PC<\/p>\n<p><strong><b>Emballage<\/b><\/strong>: 1PC\/sac en plastique, 20PCS\/CTN<\/p>\n<p><strong><b>Logo<\/b><\/strong>: impression ou autocollant, etc.<\/p>\n<p><strong><b>MOQ<\/b><\/strong>Les couleurs sont disponibles \u00e0 l'unit\u00e9 : 200 PCS par couleur.<\/p>","protected":false},"featured_media":8972,"template":"","meta":{"_acf_changed":false},"product_brand":[],"product_cat":[367,366],"product_tag":[],"class_list":{"0":"post-8971","1":"product","2":"type-product","3":"status-publish","4":"has-post-thumbnail","6":"product_cat-safety-helmet","7":"product_cat-head-protection","9":"first","10":"instock","11":"shipping-taxable","12":"product-type-simple"},"acf":[],"_links":{"self":[{"href":"https:\/\/toprisesafety.com\/fr\/wp-json\/wp\/v2\/product\/8971","targetHints":{"allow":["GET"]}}],"collection":[{"href":"https:\/\/toprisesafety.com\/fr\/wp-json\/wp\/v2\/product"}],"about":[{"href":"https:\/\/toprisesafety.com\/fr\/wp-json\/wp\/v2\/types\/product"}],"wp:featuredmedia":[{"embeddable":true,"href":"https:\/\/toprisesafety.com\/fr\/wp-json\/wp\/v2\/media\/8972"}],"wp:attachment":[{"href":"https:\/\/toprisesafety.com\/fr\/wp-json\/wp\/v2\/media?parent=8971"}],"wp:term":[{"taxonomy":"product_brand","embeddable":true,"href":"https:\/\/toprisesafety.com\/fr\/wp-json\/wp\/v2\/product_brand?post=8971"},{"taxonomy":"product_cat","embeddable":true,"href":"https:\/\/toprisesafety.com\/fr\/wp-json\/wp\/v2\/product_cat?post=8971"},{"taxonomy":"product_tag","embeddable":true,"href":"https:\/\/toprisesafety.com\/fr\/wp-json\/wp\/v2\/product_tag?post=8971"}],"curies":[{"name":"wp","href":"https:\/\/api.w.org\/{rel}","templated":true}]}}