{"id":8953,"date":"2024-11-07T06:48:54","date_gmt":"2024-11-07T06:48:54","guid":{"rendered":"https:\/\/toprisesafety.com\/?post_type=product&#038;p=8953"},"modified":"2025-03-14T05:42:12","modified_gmt":"2025-03-14T05:42:12","slug":"work-helmet","status":"publish","type":"product","link":"https:\/\/toprisesafety.com\/fr\/produit\/work-helmet\/","title":{"rendered":"Casque de travail"},"content":{"rendered":"<h2><strong><b>Casque de travail<\/b><\/strong><\/h2>\n<table>\n<tbody>\n<tr>\n<td width=\"98\"><strong><b>Art No.<\/b><\/strong><\/td>\n<td width=\"558\">SH15<\/td>\n<\/tr>\n<tr>\n<td width=\"98\"><strong><b>Marque<\/b><\/strong><\/td>\n<td width=\"558\">Soutenir la marque du client<\/td>\n<\/tr>\n<tr>\n<td width=\"98\"><strong><b>Mat\u00e9riau<\/b><\/strong><\/td>\n<td width=\"558\">ABS<\/td>\n<\/tr>\n<tr>\n<td width=\"98\"><strong><b>Poids<\/b><\/strong><\/td>\n<td width=\"558\">415G\/PC<\/td>\n<\/tr>\n<tr>\n<td width=\"98\"><strong><b>Doublure<\/b><\/strong><\/td>\n<td width=\"558\">Doublure en plastique \u00e0 quatre points de suspension, r\u00e9glable \u00e0 l'aide d'un cliquet ou d'un bouton pour un port confortable<\/td>\n<\/tr>\n<tr>\n<td width=\"98\"><strong><b>Mentonni\u00e8re<\/b><\/strong><\/td>\n<td width=\"558\">Y compris<\/td>\n<\/tr>\n<tr>\n<td width=\"98\"><strong><b>Couleur<\/b><\/strong><\/td>\n<td width=\"558\">Blanc, jaune, bleu, vert, orange, rouge, etc.<\/td>\n<\/tr>\n<tr>\n<td width=\"98\"><strong><b>MOQ<\/b><\/strong><\/td>\n<td width=\"558\">200PCS\/COLOR<\/td>\n<\/tr>\n<tr>\n<td width=\"98\"><strong><b>Emballage<\/b><\/strong><\/td>\n<td width=\"558\">50 PCS\/CTN<\/td>\n<\/tr>\n<tr>\n<td width=\"98\"><strong><b>Taille du carton<\/b><\/strong><\/td>\n<td width=\"558\">72\u00d728\u00d788CM<\/td>\n<\/tr>\n<tr>\n<td width=\"98\"><strong><b>Application<\/b><\/strong><\/td>\n<td width=\"558\">Construction, mines, agriculture, industrie, p\u00e9trole, etc.<\/td>\n<\/tr>\n<\/tbody>\n<\/table>\n<p>&nbsp;<\/p>\n<p>TOPRISE prend en charge diff\u00e9rents styles de personnalisation des casques de s\u00e9curit\u00e9 ; cliquez pour <a href=\"https:\/\/toprisesafety.com\/fr\/categorie-produit\/personal-protective-equipment\/head-protection\/safety-helmet\/\">voir d'autres mod\u00e8les de casques de s\u00e9curit\u00e9.<\/a><\/p>\n<p>Si vous ne trouvez pas les casques de s\u00e9curit\u00e9 requis, <a href=\"https:\/\/toprisesafety.com\/fr\/contact-us\/\">nous contacter<\/a>; nous prenons en charge la personnalisation sp\u00e9ciale.<\/p>","protected":false},"excerpt":{"rendered":"<p><strong><b>Art No.<\/b><\/strong>: SH15<\/p>\n<p><strong><b>Mat\u00e9riau<\/b><\/strong>: ABS<\/p>\n<p><strong><b>Couleur<\/b><\/strong>: Rouge\/Blanc\/Bleu\/Vert\/Orange etc.<\/p>\n<p><strong><b>Poids<\/b><\/strong>: 415G\/PC<\/p>\n<p><strong><b>Emballage<\/b><\/strong>: 1PC\/sac en poly\u00e9thyl\u00e8ne, 50PCS\/CTN<\/p>\n<p><strong><b>Logo<\/b><\/strong>: impression ou autocollant, etc.<\/p>\n<p><strong><b>MOQ<\/b><\/strong>Les couleurs sont disponibles \u00e0 l'unit\u00e9 : 200 PCS par couleur.<\/p>","protected":false},"featured_media":9005,"template":"","meta":{"_acf_changed":false},"product_brand":[],"product_cat":[367,366],"product_tag":[],"class_list":{"0":"post-8953","1":"product","2":"type-product","3":"status-publish","4":"has-post-thumbnail","6":"product_cat-safety-helmet","7":"product_cat-head-protection","9":"first","10":"instock","11":"shipping-taxable","12":"product-type-simple"},"acf":[],"_links":{"self":[{"href":"https:\/\/toprisesafety.com\/fr\/wp-json\/wp\/v2\/product\/8953"}],"collection":[{"href":"https:\/\/toprisesafety.com\/fr\/wp-json\/wp\/v2\/product"}],"about":[{"href":"https:\/\/toprisesafety.com\/fr\/wp-json\/wp\/v2\/types\/product"}],"wp:featuredmedia":[{"embeddable":true,"href":"https:\/\/toprisesafety.com\/fr\/wp-json\/wp\/v2\/media\/9005"}],"wp:attachment":[{"href":"https:\/\/toprisesafety.com\/fr\/wp-json\/wp\/v2\/media?parent=8953"}],"wp:term":[{"taxonomy":"product_brand","embeddable":true,"href":"https:\/\/toprisesafety.com\/fr\/wp-json\/wp\/v2\/product_brand?post=8953"},{"taxonomy":"product_cat","embeddable":true,"href":"https:\/\/toprisesafety.com\/fr\/wp-json\/wp\/v2\/product_cat?post=8953"},{"taxonomy":"product_tag","embeddable":true,"href":"https:\/\/toprisesafety.com\/fr\/wp-json\/wp\/v2\/product_tag?post=8953"}],"curies":[{"name":"wp","href":"https:\/\/api.w.org\/{rel}","templated":true}]}}