{"id":8922,"date":"2024-11-07T06:26:36","date_gmt":"2024-11-07T06:26:36","guid":{"rendered":"https:\/\/toprisesafety.com\/?post_type=product&#038;p=8922"},"modified":"2025-03-14T05:48:03","modified_gmt":"2025-03-14T05:48:03","slug":"ventilated-safety-helmet","status":"publish","type":"product","link":"https:\/\/toprisesafety.com\/fr\/produit\/ventilated-safety-helmet\/","title":{"rendered":"Casque de s\u00e9curit\u00e9 ventil\u00e9"},"content":{"rendered":"<p><iframe title=\"Casque de s\u00e9curit\u00e9 ventil\u00e9 Fabricant chinois\" width=\"800\" height=\"450\" src=\"https:\/\/www.youtube.com\/embed\/eRgF9Wfa58w?feature=oembed\" frameborder=\"0\" allow=\"accelerometer; autoplay; clipboard-write; encrypted-media; gyroscope; picture-in-picture; web-share\" referrerpolicy=\"strict-origin-when-cross-origin\" allowfullscreen><\/iframe><\/p>\n<table>\n<tbody>\n<tr>\n<td width=\"98\"><strong><b>Art No.<\/b><\/strong><\/td>\n<td width=\"558\">SH09-P (PE) ; SH09-A (ABS)<\/td>\n<\/tr>\n<tr>\n<td width=\"98\"><strong><b>Marque<\/b><\/strong><\/td>\n<td width=\"558\">Soutenir la marque du client<\/td>\n<\/tr>\n<tr>\n<td width=\"98\"><strong><b>Mat\u00e9riau<\/b><\/strong><\/td>\n<td width=\"558\">PE\/ABS<\/td>\n<\/tr>\n<tr>\n<td width=\"98\"><strong><b>Poids<\/b><\/strong><\/td>\n<td width=\"558\">PE:350G\/PC, ABS:400G\/PC<\/td>\n<\/tr>\n<tr>\n<td width=\"98\"><strong><b>Doublure<\/b><\/strong><\/td>\n<td width=\"558\">Doublure en plastique \u00e0 quatre points de suspension, r\u00e9glable \u00e0 l'aide d'un cliquet ou d'un bouton pour un port confortable<\/td>\n<\/tr>\n<tr>\n<td width=\"98\"><strong><b>Mentonni\u00e8re<\/b><\/strong><\/td>\n<td width=\"558\">Y compris<\/td>\n<\/tr>\n<tr>\n<td width=\"98\"><strong><b>Couleur<\/b><\/strong><\/td>\n<td width=\"558\">Blanc, jaune, bleu, vert, orange, rouge, etc.<\/td>\n<\/tr>\n<tr>\n<td width=\"98\"><strong><b>MOQ<\/b><\/strong><\/td>\n<td width=\"558\">200PCS\/COLOR<\/td>\n<\/tr>\n<tr>\n<td width=\"98\"><strong><b>Emballage<\/b><\/strong><\/td>\n<td width=\"558\">50 PCS\/CTN<\/td>\n<\/tr>\n<tr>\n<td width=\"98\"><strong><b>Taille du carton<\/b><\/strong><\/td>\n<td width=\"558\">72\u00d728\u00d788CM<\/td>\n<\/tr>\n<tr>\n<td width=\"98\"><strong><b>Application<\/b><\/strong><\/td>\n<td width=\"558\">Construction, mines, agriculture, industrie, p\u00e9trole, etc.<\/td>\n<\/tr>\n<\/tbody>\n<\/table>\n<p>TOPRISE prend en charge diff\u00e9rents styles de personnalisation des casques de s\u00e9curit\u00e9 ; cliquez pour <a href=\"https:\/\/toprisesafety.com\/fr\/categorie-produit\/personal-protective-equipment\/head-protection\/safety-helmet\/\">voir d'autres mod\u00e8les de casques de s\u00e9curit\u00e9.<\/a><\/p>\n<p>Si vous ne trouvez pas les casques de s\u00e9curit\u00e9 requis, <a href=\"https:\/\/toprisesafety.com\/fr\/contact-us\/\">nous contacter<\/a>; nous prenons en charge la personnalisation sp\u00e9ciale.<\/p>\n<p>&nbsp;<\/p>","protected":false},"excerpt":{"rendered":"<p><strong><b>Art No.<\/b><\/strong>: SH09-P (PE) ; SH09-A (ABS)<\/p>\n<p><strong><b>Mat\u00e9riau<\/b><\/strong>: PE ou ABS<\/p>\n<p><strong><b>Couleur<\/b><\/strong>: Rouge\/Blanc\/Bleu\/Vert\/Orange etc.<\/p>\n<p><strong><b>Poids<\/b><\/strong>:PE 350G\/PC ; ABS : 400G\/PC<\/p>\n<p><strong><b>Emballage<\/b><\/strong>: 1PC\/sac en poly\u00e9thyl\u00e8ne, 50PCS\/CTN<\/p>\n<p><strong><b>Logo<\/b><\/strong>: impression ou autocollant, etc.<\/p>\n<p><strong><b>MOQ<\/b><\/strong>Les couleurs sont disponibles \u00e0 l'unit\u00e9 : 200 PCS par couleur.<\/p>","protected":false},"featured_media":8923,"template":"","meta":{"_acf_changed":false},"product_brand":[],"product_cat":[367,366],"product_tag":[376],"class_list":{"0":"post-8922","1":"product","2":"type-product","3":"status-publish","4":"has-post-thumbnail","6":"product_cat-safety-helmet","7":"product_cat-head-protection","8":"product_tag-safety-helmet-hard-hat","10":"first","11":"instock","12":"shipping-taxable","13":"product-type-simple"},"acf":[],"_links":{"self":[{"href":"https:\/\/toprisesafety.com\/fr\/wp-json\/wp\/v2\/product\/8922"}],"collection":[{"href":"https:\/\/toprisesafety.com\/fr\/wp-json\/wp\/v2\/product"}],"about":[{"href":"https:\/\/toprisesafety.com\/fr\/wp-json\/wp\/v2\/types\/product"}],"wp:featuredmedia":[{"embeddable":true,"href":"https:\/\/toprisesafety.com\/fr\/wp-json\/wp\/v2\/media\/8923"}],"wp:attachment":[{"href":"https:\/\/toprisesafety.com\/fr\/wp-json\/wp\/v2\/media?parent=8922"}],"wp:term":[{"taxonomy":"product_brand","embeddable":true,"href":"https:\/\/toprisesafety.com\/fr\/wp-json\/wp\/v2\/product_brand?post=8922"},{"taxonomy":"product_cat","embeddable":true,"href":"https:\/\/toprisesafety.com\/fr\/wp-json\/wp\/v2\/product_cat?post=8922"},{"taxonomy":"product_tag","embeddable":true,"href":"https:\/\/toprisesafety.com\/fr\/wp-json\/wp\/v2\/product_tag?post=8922"}],"curies":[{"name":"wp","href":"https:\/\/api.w.org\/{rel}","templated":true}]}}