{"id":8915,"date":"2024-11-07T06:20:39","date_gmt":"2024-11-07T06:20:39","guid":{"rendered":"https:\/\/toprisesafety.com\/?post_type=product&#038;p=8915"},"modified":"2025-03-14T06:10:33","modified_gmt":"2025-03-14T06:10:33","slug":"personalized-construction-hat","status":"publish","type":"product","link":"https:\/\/toprisesafety.com\/fr\/produit\/personalized-construction-hat\/","title":{"rendered":"Chapeau de chantier personnalis\u00e9"},"content":{"rendered":"<h2><strong><b>Chapeau de chantier personnalis\u00e9<\/b><\/strong><\/h2>\n<table>\n<tbody>\n<tr>\n<td width=\"98\"><strong><b>Art No.<\/b><\/strong><\/td>\n<td width=\"558\">SH08<\/td>\n<\/tr>\n<tr>\n<td width=\"98\"><strong><b>Marque<\/b><\/strong><\/td>\n<td width=\"558\">Soutenir la marque du client<\/td>\n<\/tr>\n<tr>\n<td width=\"98\"><strong><b>Mat\u00e9riau<\/b><\/strong><\/td>\n<td width=\"558\">PEHD<\/td>\n<\/tr>\n<tr>\n<td width=\"98\"><strong><b>Poids<\/b><\/strong><\/td>\n<td width=\"558\">460G\/PC<\/td>\n<\/tr>\n<tr>\n<td width=\"98\"><strong><b>Doublure<\/b><\/strong><\/td>\n<td width=\"558\">Doublure en plastique \u00e0 six points de suspension, r\u00e9glable \u00e0 l'aide d'un cliquet ou d'un bouton pour un port confortable<\/td>\n<\/tr>\n<tr>\n<td width=\"98\"><strong><b>Mentonni\u00e8re<\/b><\/strong><\/td>\n<td width=\"558\">Y compris<\/td>\n<\/tr>\n<tr>\n<td width=\"98\"><strong><b>Couleur<\/b><\/strong><\/td>\n<td width=\"558\">Blanc, jaune, bleu, vert, orange, rouge, etc.<\/td>\n<\/tr>\n<tr>\n<td width=\"98\"><strong><b>MOQ<\/b><\/strong><\/td>\n<td width=\"558\">500PCS\/COLOR<\/td>\n<\/tr>\n<tr>\n<td width=\"98\"><strong><b>Emballage<\/b><\/strong><\/td>\n<td width=\"558\">20 PCS\/CTN<\/td>\n<\/tr>\n<tr>\n<td width=\"98\"><strong><b>Taille du carton<\/b><\/strong><\/td>\n<td width=\"558\">62\u00d754\u00d750CM<\/td>\n<\/tr>\n<tr>\n<td width=\"98\"><strong><b>Application<\/b><\/strong><\/td>\n<td width=\"558\">Construction, mines, agriculture, industrie, p\u00e9trole, etc.<\/td>\n<\/tr>\n<\/tbody>\n<\/table>\n<p>TOPRISE prend en charge diff\u00e9rents styles de personnalisation des casques de s\u00e9curit\u00e9 ; cliquez pour <a href=\"https:\/\/toprisesafety.com\/fr\/categorie-produit\/personal-protective-equipment\/head-protection\/safety-helmet\/\">voir d'autres mod\u00e8les de casques de s\u00e9curit\u00e9.<\/a><\/p>\n<p>Si vous ne trouvez pas les casques de s\u00e9curit\u00e9 requis, <a href=\"https:\/\/toprisesafety.com\/fr\/contact-us\/\">nous contacter<\/a>; nous prenons en charge la personnalisation sp\u00e9ciale.<\/p>\n<p>&nbsp;<\/p>","protected":false},"excerpt":{"rendered":"<p><strong><b>Art No.<\/b><\/strong>: SH08<\/p>\n<p><strong><b>Mat\u00e9riau<\/b><\/strong>: PEHD<\/p>\n<p><strong><b>Couleur<\/b><\/strong>: Rouge\/Blanc\/Bleu\/Vert\/Orange etc.<\/p>\n<p><strong><b>Poids<\/b><\/strong>:460G\/PC<\/p>\n<p><strong><b>Emballage<\/b><\/strong>: 1PC\/sac en plastique, 20PCS\/CTN<\/p>\n<p><strong><b>Logo<\/b><\/strong>: impression ou autocollant, etc.<\/p>\n<p><strong><b>MOQ<\/b><\/strong>: 500 PCS par couleur.<\/p>","protected":false},"featured_media":8916,"template":"","meta":{"_acf_changed":false},"product_brand":[],"product_cat":[367,366],"product_tag":[377,376],"class_list":{"0":"post-8915","1":"product","2":"type-product","3":"status-publish","4":"has-post-thumbnail","6":"product_cat-safety-helmet","7":"product_cat-head-protection","8":"product_tag-construction-hat","9":"product_tag-safety-helmet-hard-hat","11":"first","12":"instock","13":"shipping-taxable","14":"product-type-simple"},"acf":[],"_links":{"self":[{"href":"https:\/\/toprisesafety.com\/fr\/wp-json\/wp\/v2\/product\/8915","targetHints":{"allow":["GET"]}}],"collection":[{"href":"https:\/\/toprisesafety.com\/fr\/wp-json\/wp\/v2\/product"}],"about":[{"href":"https:\/\/toprisesafety.com\/fr\/wp-json\/wp\/v2\/types\/product"}],"wp:featuredmedia":[{"embeddable":true,"href":"https:\/\/toprisesafety.com\/fr\/wp-json\/wp\/v2\/media\/8916"}],"wp:attachment":[{"href":"https:\/\/toprisesafety.com\/fr\/wp-json\/wp\/v2\/media?parent=8915"}],"wp:term":[{"taxonomy":"product_brand","embeddable":true,"href":"https:\/\/toprisesafety.com\/fr\/wp-json\/wp\/v2\/product_brand?post=8915"},{"taxonomy":"product_cat","embeddable":true,"href":"https:\/\/toprisesafety.com\/fr\/wp-json\/wp\/v2\/product_cat?post=8915"},{"taxonomy":"product_tag","embeddable":true,"href":"https:\/\/toprisesafety.com\/fr\/wp-json\/wp\/v2\/product_tag?post=8915"}],"curies":[{"name":"wp","href":"https:\/\/api.w.org\/{rel}","templated":true}]}}