{"id":6110,"date":"2018-02-22T03:42:04","date_gmt":"2018-02-22T03:42:04","guid":{"rendered":"https:\/\/toprisesafety.com\/product\/pe-tarpaulin-rolls\/"},"modified":"2024-11-11T08:10:45","modified_gmt":"2024-11-11T08:10:45","slug":"pe-tarpaulin-rolls","status":"publish","type":"product","link":"https:\/\/toprisesafety.com\/fr\/produit\/pe-tarpaulin-rolls\/","title":{"rendered":"B\u00e2che PE en rouleaux"},"content":{"rendered":"<p><strong>B\u00e2che PE en rouleaux\u00a0<\/strong><br \/>\nNos b\u00e2ches noires en PE en rouleaux sont fabriqu\u00e9es \u00e0 partir du nouveau mat\u00e9riau PE 100%, les b\u00e2ches en PE sont compos\u00e9es de trois couches, dont la couche centrale est un tissu avec un film PE lamin\u00e9 des deux c\u00f4t\u00e9s. Elles sont l\u00e9g\u00e8res, tr\u00e8s r\u00e9sistantes, d'apparence originale, color\u00e9es, autonettoyantes, antisalissures, antivieillissement, r\u00e9sistance des couleurs, longue dur\u00e9e de vie, r\u00e9sistance \u00e9lev\u00e9e au d\u00e9chirement et au pelage et autres caract\u00e9ristiques.<\/p>\n<table border=\"1\" align=\"center\">\n<tbody>\n<tr>\n<td valign=\"center\"><span data-spm-anchor-id=\"a2700.details.pronpeci14.i0.43582a2cqElvlH\">Produit<\/span><\/td>\n<td valign=\"center\">B\u00e2che PE en rouleaux<\/td>\n<\/tr>\n<tr>\n<td valign=\"center\">Mat\u00e9riau<\/td>\n<td valign=\"center\">PEHD+ PEBD<\/td>\n<\/tr>\n<tr>\n<td valign=\"center\">Couleur<\/td>\n<td valign=\"center\">Double blanc, double bleu, double argent, double noir, noir\/blanc, bleu\/blanc, camouflage ou selon les exigences du client.<\/td>\n<\/tr>\n<tr>\n<td valign=\"center\">Largeur<\/td>\n<td valign=\"center\">Les largeurs habituelles sont de 2,1 m\u00e8tres, 2,44 m\u00e8tres, 3,6 m\u00e8tres et 4 m\u00e8tres. D'autres largeurs sont disponibles et peuvent \u00eatre adapt\u00e9es aux besoins du client.<\/td>\n<\/tr>\n<tr>\n<td valign=\"center\">Longueur<\/td>\n<td valign=\"center\">Selon les exigences du client<\/td>\n<\/tr>\n<tr>\n<td valign=\"center\">Maille<\/td>\n<td valign=\"center\">5*5-18*18<\/td>\n<\/tr>\n<tr>\n<td valign=\"center\">N\u00e9gationniste<\/td>\n<td valign=\"center\">650D \u00e0 2000D<\/td>\n<\/tr>\n<tr>\n<td valign=\"center\">GSM<\/td>\n<td valign=\"center\">&nbsp;<\/p>\n<p data-spm-anchor-id=\"a2700.details.pronpeci14.i3.43582a2cqElvlH\">40-400gsm<\/p>\n<p>&nbsp;<\/td>\n<\/tr>\n<tr>\n<td valign=\"center\">Traitement<\/td>\n<td valign=\"center\"><span data-spm-anchor-id=\"a2700.details.pronpeci14.i4.43582a2cqElvlH\">1.<\/span>Retardateur de feu\/ Protection contre les UV\/ Retardateur de cadre<\/p>\n<p>2. Impression : Max. 3 couleurs<\/td>\n<\/tr>\n<tr>\n<td valign=\"center\">Traitement de surface<\/td>\n<td valign=\"center\">LDPE lamin\u00e9 des deux c\u00f4t\u00e9s<\/td>\n<\/tr>\n<tr>\n<td valign=\"center\">Application<\/td>\n<td valign=\"center\">Largement utilis\u00e9e pour l'auvent des camions, les navires, les couvertures et le stockage ou le transport des marchandises dans les usines mini\u00e8res et les ports, la b\u00e2che peut \u00e9galement \u00eatre utilis\u00e9e comme tente \u00e0 l'ext\u00e9rieur, en voyage et en cas de calamit\u00e9.<\/td>\n<\/tr>\n<tr>\n<td rowspan=\"3\" valign=\"center\">Personnages<\/td>\n<td valign=\"center\">1. R\u00e9sistant \u00e0 la reliure, r\u00e9sistant \u00e0 la pression.<\/td>\n<\/tr>\n<tr>\n<td valign=\"center\">2. Imperm\u00e9able, r\u00e9sistant au soleil, anti-\u00e2ge, r\u00e9sistant aux d\u00e9chirures.<\/td>\n<\/tr>\n<tr>\n<td valign=\"center\">3. Antigel, r\u00e9sistant \u00e0 la corrosion.<\/td>\n<\/tr>\n<tr>\n<td valign=\"center\">Emballage<\/td>\n<td valign=\"center\">En rouleau<\/td>\n<\/tr>\n<tr>\n<td valign=\"center\">MOQ<\/td>\n<td valign=\"center\">5 tonnes<\/td>\n<\/tr>\n<\/tbody>\n<\/table>\n<p>&nbsp;<\/p>\n<h2><strong>B\u00c2CHE PE EN ROULEAUX PROGR\u00c8S DE LA PRODUCTION<\/strong><img fetchpriority=\"high\" decoding=\"async\" class=\"alignnone size-full wp-image-551\" src=\"https:\/\/toprisesafety.com\/wp-content\/uploads\/2024\/08\/pe-tarpaulin-process-.png\" alt=\"\" width=\"738\" height=\"594\" \/><\/h2>\n<ol>\n<li style=\"list-style-type: none;\">\n<ol>\n<li>MAT\u00c9RIEL BRUT<\/li>\n<\/ol>\n<\/li>\n<\/ol>\n<ol>\n<li style=\"list-style-type: none;\">\n<ol>\n<li>LIGNE DE PRODUCTION DE FILS<\/li>\n<\/ol>\n<\/li>\n<\/ol>\n<ol>\n<li style=\"list-style-type: none;\">\n<ol>\n<li>LIGNE DE MACHINES \u00c0 TISSER<\/li>\n<\/ol>\n<\/li>\n<\/ol>\n<ol>\n<li style=\"list-style-type: none;\">\n<ol>\n<li>LIGNE D'ENDUCTION<\/li>\n<\/ol>\n<\/li>\n<\/ol>\n<ol>\n<li style=\"list-style-type: none;\">\n<ol>\n<li>LIGNE DE SOUDURE<\/li>\n<\/ol>\n<\/li>\n<\/ol>\n<p><strong>DOMAINES D'APPLICATION :<\/strong><\/p>\n<ul>\n<li style=\"list-style-type: none;\">\n<ul>\n<li>Couverture g\u00e9n\u00e9rale, couverture du mat\u00e9riel de construction et des machines<\/li>\n<\/ul>\n<\/li>\n<\/ul>\n<ul>\n<li style=\"list-style-type: none;\">\n<ul>\n<li>Couvre les marchandises entrepos\u00e9es \u00e0 l'air libre, les camions, les automobiles, les bateaux, etc.<\/li>\n<\/ul>\n<\/li>\n<\/ul>\n<ul>\n<li style=\"list-style-type: none;\">\n<ul>\n<li>Couvertures pour piscines et meubles de jardin, etc.<\/li>\n<\/ul>\n<\/li>\n<\/ul>\n<ul>\n<li style=\"list-style-type: none;\">\n<ul>\n<li>Mat\u00e9riaux de rev\u00eatement pour r\u00e9servoirs et conteneurs de stockage<\/li>\n<\/ul>\n<\/li>\n<\/ul>\n<ul>\n<li style=\"list-style-type: none;\">\n<ul>\n<li>Mat\u00e9riau de rev\u00eatement pour les canaux d'irrigation et les silos \u00e0 grains<\/li>\n<\/ul>\n<\/li>\n<\/ul>\n<ul>\n<li style=\"list-style-type: none;\">\n<ul>\n<li>Couvertures industrielles, tens, tapis de pique-nique, etc.<\/li>\n<\/ul>\n<\/li>\n<\/ul>\n<p><img decoding=\"async\" class=\"alignnone size-full wp-image-566\" src=\"https:\/\/toprisesafety.com\/wp-content\/uploads\/2024\/08\/3-1.jpg\" alt=\"\" width=\"750\" height=\"534\" \/><\/p>\n<p><img decoding=\"async\" class=\"alignnone size-full wp-image-567\" src=\"https:\/\/toprisesafety.com\/wp-content\/uploads\/2024\/08\/PACKING.jpg\" alt=\"\" width=\"755\" height=\"627\" \/><\/p>\n<p><a href=\".https:\/\/toprisesafety.com\/product\/black-pe-tarpaulin-for-trampoline\/\">https:\/\/toprisesafety.com\/product\/black-pe-tarpaulin-for-trampoline\/<\/a><\/p>\n<p><a href=\"https:\/\/toprisesafety.com\/fr\/produit\/pe-tarpaulin\/\">https:\/\/toprisesafety.com\/product\/pe-tarpaulin\/<\/a><\/p>","protected":false},"excerpt":{"rendered":"<p><strong>B\u00e2che PE en rouleaux<\/strong><\/p>\n<p><strong>Mat\u00e9riau<\/strong>: 100% nouveau PE<\/p>\n<p><strong>Couleur<\/strong>: Vert, bleu, jaune, orange jaune, bleu orange, etc.<\/p>\n<p><strong>MOQ<\/strong>: 5 TON<\/p>\n<p><strong>Taille<\/strong>Selon l'exigence du client<\/p>\n<p><strong>Poids<\/strong>: 40-400G\/SQM<\/p>","protected":false},"featured_media":6114,"template":"","meta":{"_acf_changed":false},"product_brand":[],"product_cat":[319],"product_tag":[315],"class_list":{"0":"post-6110","1":"product","2":"type-product","3":"status-publish","4":"has-post-thumbnail","6":"product_cat-tarpaulin","7":"product_tag-pe-tarpaulin-in-rolls","9":"first","10":"instock","11":"product-type-simple"},"acf":[],"_links":{"self":[{"href":"https:\/\/toprisesafety.com\/fr\/wp-json\/wp\/v2\/product\/6110"}],"collection":[{"href":"https:\/\/toprisesafety.com\/fr\/wp-json\/wp\/v2\/product"}],"about":[{"href":"https:\/\/toprisesafety.com\/fr\/wp-json\/wp\/v2\/types\/product"}],"wp:featuredmedia":[{"embeddable":true,"href":"https:\/\/toprisesafety.com\/fr\/wp-json\/wp\/v2\/media\/6114"}],"wp:attachment":[{"href":"https:\/\/toprisesafety.com\/fr\/wp-json\/wp\/v2\/media?parent=6110"}],"wp:term":[{"taxonomy":"product_brand","embeddable":true,"href":"https:\/\/toprisesafety.com\/fr\/wp-json\/wp\/v2\/product_brand?post=6110"},{"taxonomy":"product_cat","embeddable":true,"href":"https:\/\/toprisesafety.com\/fr\/wp-json\/wp\/v2\/product_cat?post=6110"},{"taxonomy":"product_tag","embeddable":true,"href":"https:\/\/toprisesafety.com\/fr\/wp-json\/wp\/v2\/product_tag?post=6110"}],"curies":[{"name":"wp","href":"https:\/\/api.w.org\/{rel}","templated":true}]}}