{"id":6100,"date":"2018-02-23T05:12:38","date_gmt":"2018-02-23T05:12:38","guid":{"rendered":"https:\/\/toprisesafety.com\/product\/new-breathable-safety-helmet-pe-abs\/"},"modified":"2025-03-14T06:14:47","modified_gmt":"2025-03-14T06:14:47","slug":"new-breathable-hard-helmet","status":"publish","type":"product","link":"https:\/\/toprisesafety.com\/fr\/produit\/new-breathable-hard-helmet\/","title":{"rendered":"Nouveau casque respirant"},"content":{"rendered":"<h2><a href=\"https:\/\/toprisesafety.com\/fr\/categorie-produit\/personal-protective-equipment\/head-protection\/safety-helmet\/\">Nouveau casque respirant<\/a><\/h2>\n<ul>\n<li style=\"list-style-type: none;\"><\/li>\n<\/ul>\n<table>\n<tbody>\n<tr>\n<td width=\"257\">Art No.<\/td>\n<td width=\"257\">SH04-P(PE); SH04-A(ABS)<\/td>\n<\/tr>\n<tr>\n<td width=\"257\">Marque<\/td>\n<td width=\"257\">Soutenir la marque du client<\/td>\n<\/tr>\n<tr>\n<td width=\"257\">Mat\u00e9riau<\/td>\n<td width=\"257\">PE \/ABS<\/td>\n<\/tr>\n<tr>\n<td width=\"257\">Poids<\/td>\n<td width=\"257\">PE:385G\/PC, ABS: 430G\/PC<\/td>\n<\/tr>\n<tr>\n<td width=\"257\">Doublure<\/td>\n<td width=\"257\">Four points suspension fabric lining with ratchet\u00a0back for comfortable wear<\/td>\n<\/tr>\n<tr>\n<td width=\"257\">Mentonni\u00e8re<\/td>\n<td width=\"257\">Y compris<\/td>\n<\/tr>\n<tr>\n<td width=\"257\">Couleur<\/td>\n<td width=\"257\">Blanc, jaune, bleu, vert, orange, rouge, etc.<\/td>\n<\/tr>\n<tr>\n<td width=\"257\">Normes de qualit\u00e9<\/td>\n<td width=\"257\">CE EN397<\/td>\n<\/tr>\n<tr>\n<td width=\"257\">MOQ<\/td>\n<td width=\"257\">500PCS \/Couleur, 1000PCS\/Commande<\/td>\n<\/tr>\n<tr>\n<td width=\"257\">Emballage<\/td>\n<td width=\"257\">1PC\/sac en poly\u00e9thyl\u00e8ne, 50PCS\/CTN<\/td>\n<\/tr>\n<tr>\n<td width=\"257\">Taille du carton<\/td>\n<td width=\"257\">52*46*60CM<\/td>\n<\/tr>\n<tr>\n<td width=\"257\">Application<\/td>\n<td width=\"257\">Construction, mines, agriculture, industrie, p\u00e9trole, etc.<\/td>\n<\/tr>\n<\/tbody>\n<\/table>\n<p>TOPRISE prend en charge diff\u00e9rents styles de personnalisation des casques de s\u00e9curit\u00e9 ; cliquez pour <a href=\"https:\/\/toprisesafety.com\/fr\/categorie-produit\/personal-protective-equipment\/head-protection\/safety-helmet\/\">voir d'autres mod\u00e8les de casques de s\u00e9curit\u00e9.<\/a><\/p>\n<p>Si vous ne trouvez pas les casques de s\u00e9curit\u00e9 requis, <a href=\"https:\/\/toprisesafety.com\/fr\/contact-us\/\">nous contacter<\/a>; nous prenons en charge la personnalisation sp\u00e9ciale.<\/p>\n<p>&nbsp;<\/p>","protected":false},"excerpt":{"rendered":"<p><strong>Art No.:<\/strong>SH04-P(PE); SH04-A(ABS)<\/p>\n<p><strong>Mat\u00e9riau<\/strong>: PE or ABS<\/p>\n<p><strong>Couleur<\/strong>: Rouge\/Blanc\/Bleu\/Vert\/Orange etc.<\/p>\n<p><strong>Poids<\/strong>:PE 385G\/PC ; ABS: 430G\/PC<\/p>\n<p><strong>Emballage<\/strong>: 1PC\/sac en poly\u00e9thyl\u00e8ne, 50PCS\/CTN<\/p>\n<p><strong>Logo<\/strong>: impression ou autocollant, etc.<\/p>","protected":false},"featured_media":6101,"template":"","meta":{"_acf_changed":false},"product_brand":[],"product_cat":[366,367],"product_tag":[312],"class_list":{"0":"post-6100","1":"product","2":"type-product","3":"status-publish","4":"has-post-thumbnail","6":"product_cat-head-protection","7":"product_cat-safety-helmet","8":"product_tag-new-breathable-safety-helmet","10":"first","11":"instock","12":"product-type-simple"},"acf":[],"_links":{"self":[{"href":"https:\/\/toprisesafety.com\/fr\/wp-json\/wp\/v2\/product\/6100","targetHints":{"allow":["GET"]}}],"collection":[{"href":"https:\/\/toprisesafety.com\/fr\/wp-json\/wp\/v2\/product"}],"about":[{"href":"https:\/\/toprisesafety.com\/fr\/wp-json\/wp\/v2\/types\/product"}],"wp:featuredmedia":[{"embeddable":true,"href":"https:\/\/toprisesafety.com\/fr\/wp-json\/wp\/v2\/media\/6101"}],"wp:attachment":[{"href":"https:\/\/toprisesafety.com\/fr\/wp-json\/wp\/v2\/media?parent=6100"}],"wp:term":[{"taxonomy":"product_brand","embeddable":true,"href":"https:\/\/toprisesafety.com\/fr\/wp-json\/wp\/v2\/product_brand?post=6100"},{"taxonomy":"product_cat","embeddable":true,"href":"https:\/\/toprisesafety.com\/fr\/wp-json\/wp\/v2\/product_cat?post=6100"},{"taxonomy":"product_tag","embeddable":true,"href":"https:\/\/toprisesafety.com\/fr\/wp-json\/wp\/v2\/product_tag?post=6100"}],"curies":[{"name":"wp","href":"https:\/\/api.w.org\/{rel}","templated":true}]}}