{"id":6095,"date":"2018-02-23T06:11:36","date_gmt":"2018-02-23T06:11:36","guid":{"rendered":"https:\/\/toprisesafety.com\/product\/ce-en397-safety-helmet\/"},"modified":"2025-03-14T06:13:09","modified_gmt":"2025-03-14T06:13:09","slug":"ce-en397-safety-helmet","status":"publish","type":"product","link":"https:\/\/toprisesafety.com\/fr\/produit\/ce-en397-safety-helmet\/","title":{"rendered":"Casque de s\u00e9curit\u00e9 CE EN397 avec mentonni\u00e8re"},"content":{"rendered":"<h2><a href=\"https:\/\/toprisesafety.com\/fr\/categorie-produit\/personal-protective-equipment\/head-protection\/safety-helmet\/\">Casque de s\u00e9curit\u00e9 CE EN397 avec mentonni\u00e8re<\/a><\/h2>\n<ul>\n<li style=\"list-style-type: none;\"><\/li>\n<\/ul>\n<table>\n<tbody>\n<tr>\n<td width=\"257\">Art No.<\/td>\n<td width=\"257\">SH02 (PE) \/ SH02 (ABS)<\/td>\n<\/tr>\n<tr>\n<td width=\"257\">Marque<\/td>\n<td width=\"257\">Soutenir la marque du client<\/td>\n<\/tr>\n<tr>\n<td width=\"257\">Mat\u00e9riau<\/td>\n<td width=\"257\">PE \/ABS<\/td>\n<\/tr>\n<tr>\n<td width=\"257\">Poids<\/td>\n<td width=\"257\">PE:330G\/PC, ABS: 410G\/PC<\/td>\n<\/tr>\n<tr>\n<td width=\"257\">Doublure<\/td>\n<td width=\"257\">six points suspension fabric lining with pin points back for adjustment<\/td>\n<\/tr>\n<tr>\n<td width=\"257\">Mentonni\u00e8re<\/td>\n<td width=\"257\">Y compris<\/td>\n<\/tr>\n<tr>\n<td width=\"257\">Couleur<\/td>\n<td width=\"257\">Blanc, jaune, bleu, vert, orange, rouge, etc.<\/td>\n<\/tr>\n<tr>\n<td width=\"257\">Normes de qualit\u00e9<\/td>\n<td width=\"257\">CE EN397<\/td>\n<\/tr>\n<tr>\n<td width=\"257\">MOQ<\/td>\n<td width=\"257\">600PCS \/Color, 1200PCS\/Order<\/td>\n<\/tr>\n<tr>\n<td width=\"257\">Emballage<\/td>\n<td width=\"257\">1PC\/Poly-bag, 30PCS\/CTN<\/td>\n<\/tr>\n<tr>\n<td width=\"257\">Taille du carton<\/td>\n<td width=\"257\">64*30* 55 CM<\/td>\n<\/tr>\n<tr>\n<td width=\"257\">Application<\/td>\n<td width=\"257\">Construction, mines, agriculture, industrie, p\u00e9trole, etc.<\/td>\n<\/tr>\n<\/tbody>\n<\/table>\n<p>&nbsp;<\/p>\n<p>TOPRISE prend en charge diff\u00e9rents styles de personnalisation des casques de s\u00e9curit\u00e9 ; cliquez pour <a href=\"https:\/\/toprisesafety.com\/fr\/categorie-produit\/personal-protective-equipment\/head-protection\/safety-helmet\/\">voir d'autres mod\u00e8les de casques de s\u00e9curit\u00e9.<\/a><\/p>\n<p>Si vous ne trouvez pas les casques de s\u00e9curit\u00e9 requis, <a href=\"https:\/\/toprisesafety.com\/fr\/contact-us\/\">nous contacter<\/a>; nous prenons en charge la personnalisation sp\u00e9ciale.<\/p>\n<p><img fetchpriority=\"high\" decoding=\"async\" class=\"alignnone size-full wp-image-687\" src=\"https:\/\/toprisesafety.com\/wp-content\/uploads\/2024\/08\/hb02-safety-helmet-.jpg\" alt=\"\" width=\"500\" height=\"500\" \/><\/p>\n<p>&nbsp;<\/p>","protected":false},"excerpt":{"rendered":"<p>&nbsp;<\/p>\n<p>Art No.: SH02 (PE) \/ SH02 (ABS)<\/p>\n<p>Mat\u00e9riau : PE ou ABS<\/p>\n<p>Color:\u00a0Red\/White\/Blue\/Green\/Orange etc.<\/p>\n<p>Weight:PE 330G\/PC ; ABS: 410G\/PC<\/p>\n<p>Packing: 1PC\/Poly-bag, 30PCS\/CTN<\/p>\n<p>Logo : impression ou autocollant, etc.<\/p>","protected":false},"featured_media":6096,"template":"","meta":{"_acf_changed":false},"product_brand":[],"product_cat":[366,367],"product_tag":[],"class_list":{"0":"post-6095","1":"product","2":"type-product","3":"status-publish","4":"has-post-thumbnail","6":"product_cat-head-protection","7":"product_cat-safety-helmet","9":"first","10":"instock","11":"product-type-simple"},"acf":[],"_links":{"self":[{"href":"https:\/\/toprisesafety.com\/fr\/wp-json\/wp\/v2\/product\/6095","targetHints":{"allow":["GET"]}}],"collection":[{"href":"https:\/\/toprisesafety.com\/fr\/wp-json\/wp\/v2\/product"}],"about":[{"href":"https:\/\/toprisesafety.com\/fr\/wp-json\/wp\/v2\/types\/product"}],"wp:featuredmedia":[{"embeddable":true,"href":"https:\/\/toprisesafety.com\/fr\/wp-json\/wp\/v2\/media\/6096"}],"wp:attachment":[{"href":"https:\/\/toprisesafety.com\/fr\/wp-json\/wp\/v2\/media?parent=6095"}],"wp:term":[{"taxonomy":"product_brand","embeddable":true,"href":"https:\/\/toprisesafety.com\/fr\/wp-json\/wp\/v2\/product_brand?post=6095"},{"taxonomy":"product_cat","embeddable":true,"href":"https:\/\/toprisesafety.com\/fr\/wp-json\/wp\/v2\/product_cat?post=6095"},{"taxonomy":"product_tag","embeddable":true,"href":"https:\/\/toprisesafety.com\/fr\/wp-json\/wp\/v2\/product_tag?post=6095"}],"curies":[{"name":"wp","href":"https:\/\/api.w.org\/{rel}","templated":true}]}}