{"id":6092,"date":"2018-02-23T06:23:01","date_gmt":"2018-02-23T06:23:01","guid":{"rendered":"https:\/\/toprisesafety.com\/product\/jsp-style-safety-helmet\/"},"modified":"2025-03-14T06:12:19","modified_gmt":"2025-03-14T06:12:19","slug":"jsp-style-safety-helmet","status":"publish","type":"product","link":"https:\/\/toprisesafety.com\/fr\/produit\/jsp-style-safety-helmet\/","title":{"rendered":"Casque de s\u00e9curit\u00e9 de type JSP"},"content":{"rendered":"<h2><a href=\"https:\/\/toprisesafety.com\/fr\/categorie-produit\/personal-protective-equipment\/head-protection\/\"><strong><span style=\"font-size: 130%;\">Casque de s\u00e9curit\u00e9 de type JSP<\/span><\/strong><\/a><\/h2>\n<ul>\n<li style=\"list-style-type: none;\">\n<ul>\n<li>Copy&#8221; JSP&#8221; Safety helmet, PE material, plastic lining white color\uff0c335g\/pc ,with chin buckle, CE EN397<\/li>\n<\/ul>\n<\/li>\n<\/ul>\n<ul>\n<li style=\"list-style-type: none;\">\n<ul>\n<li>100%new PE material, high impact resistant<\/li>\n<\/ul>\n<\/li>\n<\/ul>\n<ul>\n<li style=\"list-style-type: none;\">\n<ul>\n<li>Support for customer own logo printing in front or curved on helmet or put a sticker on helmet<\/li>\n<\/ul>\n<\/li>\n<\/ul>\n<ul>\n<li style=\"list-style-type: none;\">\n<ul>\n<li>Durable quality<\/li>\n<\/ul>\n<\/li>\n<\/ul>\n<ul>\n<li style=\"list-style-type: none;\">\n<ul>\n<li>Support for special packing such as printed poly-bag etc.<\/li>\n<\/ul>\n<\/li>\n<\/ul>\n<table>\n<tbody>\n<tr>\n<td width=\"257\">Art No.<\/td>\n<td width=\"257\">SH01<\/td>\n<\/tr>\n<tr>\n<td width=\"257\">Marque<\/td>\n<td width=\"257\">Soutenir la marque du client<\/td>\n<\/tr>\n<tr>\n<td width=\"257\">Mat\u00e9riau<\/td>\n<td width=\"257\">PE<\/td>\n<\/tr>\n<tr>\n<td width=\"257\">Poids<\/td>\n<td width=\"257\">PE:335G\/PC<\/td>\n<\/tr>\n<tr>\n<td width=\"257\">Doublure<\/td>\n<td width=\"257\">Six points suspension plastic lining with pin-point back for comfortable wear<\/td>\n<\/tr>\n<tr>\n<td width=\"257\">Mentonni\u00e8re<\/td>\n<td width=\"257\">Y compris<\/td>\n<\/tr>\n<tr>\n<td width=\"257\">Couleur<\/td>\n<td width=\"257\">Blanc, jaune, bleu, vert, orange, rouge, etc.<\/td>\n<\/tr>\n<tr>\n<td width=\"257\">Normes de qualit\u00e9<\/td>\n<td width=\"257\">CE EN397<\/td>\n<\/tr>\n<tr>\n<td width=\"257\">MOQ<\/td>\n<td width=\"257\">500PCS \/Couleur, 1000PCS\/Commande<\/td>\n<\/tr>\n<tr>\n<td width=\"257\">Emballage<\/td>\n<td width=\"257\">1PC\/sac en poly\u00e9thyl\u00e8ne, 50PCS\/CTN<\/td>\n<\/tr>\n<tr>\n<td width=\"257\">Taille du carton<\/td>\n<td width=\"257\">52*46*60CM<\/td>\n<\/tr>\n<tr>\n<td width=\"257\">Application<\/td>\n<td width=\"257\">Construction, mines, agriculture, industrie, p\u00e9trole, etc.<\/td>\n<\/tr>\n<\/tbody>\n<\/table>\n<p>&nbsp;<\/p>\n<figure id=\"attachment_684\" class=\"wp-caption alignnone\" style=\"width: 500px;\" aria-describedby=\"caption-attachment-684\">\n<div class=\"elementor-element elementor-element-260f1d0 elementor-widget elementor-widget-heading\" data-id=\"260f1d0\" data-element_type=\"widget\" data-widget_type=\"heading.default\">\n<div class=\"elementor-widget-container\">\n<p>TOPRISE prend en charge diff\u00e9rents styles de personnalisation des casques de s\u00e9curit\u00e9 ; cliquez pour <a href=\"https:\/\/toprisesafety.com\/fr\/categorie-produit\/personal-protective-equipment\/head-protection\/safety-helmet\/\">voir d'autres mod\u00e8les de casques de s\u00e9curit\u00e9.<\/a><\/p>\n<p>Si vous ne trouvez pas les casques de s\u00e9curit\u00e9 requis, <a href=\"https:\/\/toprisesafety.com\/fr\/contact-us\/\">nous contacter<\/a>; nous prenons en charge la personnalisation sp\u00e9ciale.<\/p>\n<\/div>\n<\/div>\n<div class=\"elementor-element elementor-element-adf484f elementor-widget elementor-widget-text-editor\" data-id=\"adf484f\" data-element_type=\"widget\" data-widget_type=\"text-editor.default\">\n<div class=\"elementor-widget-container\">\n<p>&nbsp;<\/p>\n<\/div>\n<\/div><figcaption id=\"caption-attachment-684\" class=\"wp-caption-text\"><\/figcaption><\/figure>\n<p>&nbsp;<\/p>","protected":false},"excerpt":{"rendered":"<p><strong>Art No.<\/strong>: SH01<\/p>\n<p><strong>Mat\u00e9riau<\/strong>: PE<\/p>\n<p><strong>Couleur<\/strong>: Rouge\/Blanc\/Bleu\/Vert\/Orange etc.<\/p>\n<p><strong>Poids<\/strong>:PE 335G\/PC ;<\/p>\n<p><strong>Emballage<\/strong>: 1PC\/sac en poly\u00e9thyl\u00e8ne, 50PCS\/CTN<\/p>\n<p><strong>Logo<\/strong>: impression ou autocollant, etc.<\/p>\n<p><strong>MOQ<\/strong>: 500 PCS par couleur.<\/p>","protected":false},"featured_media":6093,"template":"","meta":{"_acf_changed":false},"product_brand":[],"product_cat":[366,367],"product_tag":[308],"class_list":{"0":"post-6092","1":"product","2":"type-product","3":"status-publish","4":"has-post-thumbnail","6":"product_cat-head-protection","7":"product_cat-safety-helmet","8":"product_tag-jsp-style-safety-helmet","10":"first","11":"instock","12":"product-type-simple"},"acf":[],"_links":{"self":[{"href":"https:\/\/toprisesafety.com\/fr\/wp-json\/wp\/v2\/product\/6092","targetHints":{"allow":["GET"]}}],"collection":[{"href":"https:\/\/toprisesafety.com\/fr\/wp-json\/wp\/v2\/product"}],"about":[{"href":"https:\/\/toprisesafety.com\/fr\/wp-json\/wp\/v2\/types\/product"}],"wp:featuredmedia":[{"embeddable":true,"href":"https:\/\/toprisesafety.com\/fr\/wp-json\/wp\/v2\/media\/6093"}],"wp:attachment":[{"href":"https:\/\/toprisesafety.com\/fr\/wp-json\/wp\/v2\/media?parent=6092"}],"wp:term":[{"taxonomy":"product_brand","embeddable":true,"href":"https:\/\/toprisesafety.com\/fr\/wp-json\/wp\/v2\/product_brand?post=6092"},{"taxonomy":"product_cat","embeddable":true,"href":"https:\/\/toprisesafety.com\/fr\/wp-json\/wp\/v2\/product_cat?post=6092"},{"taxonomy":"product_tag","embeddable":true,"href":"https:\/\/toprisesafety.com\/fr\/wp-json\/wp\/v2\/product_tag?post=6092"}],"curies":[{"name":"wp","href":"https:\/\/api.w.org\/{rel}","templated":true}]}}