{"id":6090,"date":"2018-02-23T09:51:46","date_gmt":"2018-02-23T09:51:46","guid":{"rendered":"https:\/\/toprisesafety.com\/product\/mesh-face-shield\/"},"modified":"2025-03-24T04:33:44","modified_gmt":"2025-03-24T04:33:44","slug":"protective-face-sheild","status":"publish","type":"product","link":"https:\/\/toprisesafety.com\/fr\/produit\/protective-face-sheild\/","title":{"rendered":"\u00c9cran facial protecteur"},"content":{"rendered":"<h2><strong><span style=\"font-size: 130%;\">\u00c9cran facial protecteur<\/span><\/strong><\/h2>\n<ul>\n<li style=\"list-style-type: none;\"><\/li>\n<\/ul>\n<table>\n<tbody>\n<tr>\n<td width=\"284\">Art No.<\/td>\n<td width=\"284\">FSM02<\/td>\n<\/tr>\n<tr>\n<td width=\"284\">Mat\u00e9riau sup\u00e9rieur<\/td>\n<td width=\"284\">PP ou ABS<\/td>\n<\/tr>\n<tr>\n<td width=\"284\">Mat\u00e9riau de la visi\u00e8re<\/td>\n<td width=\"284\">Maille noire<\/td>\n<\/tr>\n<tr>\n<td width=\"284\">Taille de la visi\u00e8re<\/td>\n<td width=\"284\">38CM de longueur *20CM de largeur<\/td>\n<\/tr>\n<tr>\n<td width=\"284\">Coiffure<\/td>\n<td width=\"284\">Tourbillon \u00e0 cliquet<\/td>\n<\/tr>\n<tr>\n<td width=\"284\">Application<\/td>\n<td width=\"284\">Prot\u00e9ger contre la poussi\u00e8re<\/td>\n<\/tr>\n<tr>\n<td width=\"284\">Zone utilis\u00e9e<\/td>\n<td width=\"284\">Construction, exploitation mini\u00e8re, industrie, jardin, etc.<\/td>\n<\/tr>\n<tr>\n<td width=\"284\">Emballage<\/td>\n<td width=\"284\">1PC\/sac en plastique, 40PCS\/CTN.<\/td>\n<\/tr>\n<tr>\n<td width=\"284\">Taille du carton<\/td>\n<td width=\"284\">51*42*64CM<\/td>\n<\/tr>\n<tr>\n<td width=\"284\">N\/G.W<\/td>\n<td width=\"284\">12\/11KGS<\/td>\n<\/tr>\n<\/tbody>\n<\/table>\n<p>TOPRISE prend en charge diff\u00e9rents styles de personnalisation des \u00e9crans faciaux ; cliquez pour <a href=\"https:\/\/toprisesafety.com\/fr\/categorie-produit\/personal-protective-equipment\/face-protection\/face-shield\/\">voir d'autres mod\u00e8les d'\u00e9crans faciaux<\/a>.<\/p>\n<p>Si vous ne trouvez pas les \u00e9crans faciaux requis, <a href=\"https:\/\/toprisesafety.com\/fr\/contact-us\/\">nous contacter<\/a>; nous prenons en charge la personnalisation sp\u00e9ciale.<\/p>","protected":false},"excerpt":{"rendered":"<p><strong>Art No.<\/strong>: FSM02<\/p>\n<p><strong>Mat\u00e9riau sup\u00e9rieur<\/strong>:  PP ou ABS<\/p>\n<p><strong>Mat\u00e9riau de la visi\u00e8re<\/strong> : Maille noire<\/p>\n<p><strong>Taille de la visi\u00e8re<\/strong>: 38*20CM<\/p>\n<p><strong>Coiffure<\/strong>Le syst\u00e8me d'alerte est un syst\u00e8me d'alerte \u00e0 l'aide d'une cl\u00e9 \u00e0 cliquet : le cliquet tourne en arri\u00e8re<\/p>\n<p><strong>MOQ<\/strong>: 520 PCS<\/p>","protected":false},"featured_media":6086,"template":"","meta":{"_acf_changed":false},"product_brand":[],"product_cat":[361,365],"product_tag":[],"class_list":{"0":"post-6090","1":"product","2":"type-product","3":"status-publish","4":"has-post-thumbnail","6":"product_cat-face-protection","7":"product_cat-face-shield","9":"first","10":"instock","11":"product-type-simple"},"acf":[],"_links":{"self":[{"href":"https:\/\/toprisesafety.com\/fr\/wp-json\/wp\/v2\/product\/6090"}],"collection":[{"href":"https:\/\/toprisesafety.com\/fr\/wp-json\/wp\/v2\/product"}],"about":[{"href":"https:\/\/toprisesafety.com\/fr\/wp-json\/wp\/v2\/types\/product"}],"wp:featuredmedia":[{"embeddable":true,"href":"https:\/\/toprisesafety.com\/fr\/wp-json\/wp\/v2\/media\/6086"}],"wp:attachment":[{"href":"https:\/\/toprisesafety.com\/fr\/wp-json\/wp\/v2\/media?parent=6090"}],"wp:term":[{"taxonomy":"product_brand","embeddable":true,"href":"https:\/\/toprisesafety.com\/fr\/wp-json\/wp\/v2\/product_brand?post=6090"},{"taxonomy":"product_cat","embeddable":true,"href":"https:\/\/toprisesafety.com\/fr\/wp-json\/wp\/v2\/product_cat?post=6090"},{"taxonomy":"product_tag","embeddable":true,"href":"https:\/\/toprisesafety.com\/fr\/wp-json\/wp\/v2\/product_tag?post=6090"}],"curies":[{"name":"wp","href":"https:\/\/api.w.org\/{rel}","templated":true}]}}