{"id":6079,"date":"2018-02-23T12:10:56","date_gmt":"2018-02-23T12:10:56","guid":{"rendered":"https:\/\/toprisesafety.com\/product\/german-style-welding-mask\/"},"modified":"2025-03-24T04:52:39","modified_gmt":"2025-03-24T04:52:39","slug":"welding-masks","status":"publish","type":"product","link":"https:\/\/toprisesafety.com\/fr\/produit\/welding-masks\/","title":{"rendered":"Masques de soudure"},"content":{"rendered":"<h2>Masques de soudure<\/h2>\n<p align=\"left\"><strong>Description<\/strong>:<\/p>\n<ul>\n<li style=\"list-style-type: none;\">\n<ul>\n<li><span data-spm-anchor-id=\"a2700.details.pronpeci14.i1.11693f93svzaKe\">\u00a0Mat\u00e9riau : polypropyl\u00e8ne (PP) r\u00e9sistant \u00e0 l'usure et \u00e0 l'humidit\u00e9,<\/span><\/li>\n<\/ul>\n<\/li>\n<\/ul>\n<ul>\n<li style=\"list-style-type: none;\">\n<ul>\n<li>Coque plus \u00e9paisse et plus durable, type de masque de soudure personnalis\u00e9 le plus populaire<\/li>\n<\/ul>\n<\/li>\n<\/ul>\n<ul>\n<li style=\"list-style-type: none;\">\n<ul>\n<li data-spm-anchor-id=\"a2700.details.pronpeci14.i0.11693f93svzaKe\">Surface d'affichage:108x50mm , taille du harnais:53-63cm<\/li>\n<\/ul>\n<\/li>\n<\/ul>\n<ul>\n<li style=\"list-style-type: none;\">\n<ul>\n<li data-spm-anchor-id=\"a2700.details.pronpeci14.i0.11693f93svzaKe\">Ajustement du dos \u00e0 cliquet pour un port confortable<\/li>\n<\/ul>\n<\/li>\n<\/ul>\n<ul>\n<li style=\"list-style-type: none;\">\n<ul>\n<li data-spm-anchor-id=\"a2700.details.pronpeci14.i0.11693f93svzaKe\">Bandeau de transpiration pour un port confortable<\/li>\n<\/ul>\n<\/li>\n<\/ul>\n<p><b>Caract\u00e9ristiques :<\/b><\/p>\n<ul>\n<li style=\"list-style-type: none;\">\n<ul>\n<li data-spm-anchor-id=\"a2700.details.pronpeci14.i0.1f233fe1eHmcyo\">Protection des yeux : double filtre de lumi\u00e8re, emp\u00eachant les rayons ultraviolets et infrarouges nocifs de l'arc.<\/li>\n<\/ul>\n<\/li>\n<\/ul>\n<ul>\n<li style=\"list-style-type: none;\">\n<ul>\n<li data-spm-anchor-id=\"a2700.details.pronpeci14.i0.1f233fe1eHmcyo\">Protection faciale : pr\u00e9vention efficace des \u00e9claboussures et des corps nocifs pendant le fonctionnement, r\u00e9duction des br\u00fblures cutan\u00e9es.<\/li>\n<\/ul>\n<\/li>\n<\/ul>\n<ul>\n<li style=\"list-style-type: none;\">\n<ul>\n<li data-spm-anchor-id=\"a2700.details.pronpeci14.i0.1f233fe1eHmcyo\">Protection respiratoire : orientation du flux d'air, r\u00e9duction efficace des gaz et poussi\u00e8res nocifs caus\u00e9s par le soudage, etc.<\/li>\n<\/ul>\n<\/li>\n<\/ul>\n<table>\n<tbody>\n<tr>\n<td width=\"284\">Art No.<\/td>\n<td width=\"284\">WM02<\/td>\n<\/tr>\n<tr>\n<td width=\"284\">Mat\u00e9riau<\/td>\n<td width=\"284\">100%new PP<\/td>\n<\/tr>\n<tr>\n<td width=\"284\">Voir la zone<\/td>\n<td width=\"284\">Lunettes de soudage taille 108*50*3mm<\/td>\n<\/tr>\n<tr>\n<td width=\"284\">No. de la teinte<\/td>\n<td width=\"284\">#11 noir (#7-#14 au choix)<\/td>\n<\/tr>\n<tr>\n<td width=\"284\">Structure<\/td>\n<td width=\"284\">Dos \u00e0 cliquet pour un ajustement confortable<\/td>\n<\/tr>\n<tr>\n<td width=\"284\">Conception<\/td>\n<td width=\"284\">Mod\u00e8le de remplissage<\/td>\n<\/tr>\n<tr>\n<td width=\"284\">Emballage<\/td>\n<td width=\"284\">1PC\/sac en poly\u00e9thyl\u00e8ne, 25PCS\/CTN<\/td>\n<\/tr>\n<tr>\n<td width=\"284\">Taille du carton<\/td>\n<td width=\"284\">52*45*52CM<\/td>\n<\/tr>\n<tr>\n<td width=\"284\">N\/G.W<\/td>\n<td width=\"284\">11\/12KGS<\/td>\n<\/tr>\n<\/tbody>\n<\/table>\n<p>TOPRISE prend en charge diff\u00e9rents styles de masques et de casques de soudure personnalisables.<a href=\"https:\/\/toprisesafety.com\/fr\/categorie-produit\/personal-protective-equipment\/face-protection\/welding-helmet\/\"> voir d'autres mod\u00e8les de masques et de casques de soudure.<\/a><\/p>\n<p>Si vous ne trouvez pas les masques et les casques de soudure dont vous avez besoin, <a href=\"https:\/\/toprisesafety.com\/fr\/contact-us\/\">nous contacter<\/a>; nous prenons en charge la personnalisation sp\u00e9ciale.<\/p>","protected":false},"excerpt":{"rendered":"<p>N\u00b0 d'art : WM02<\/p>\n<p>Mat\u00e9riau : 100% nouveau PP<\/p>\n<p>Couleur : Noir<\/p>\n<p>N\u00b0 d'abat-jour : #11 (#7-#14 au choix)<\/p>\n<p>MOQ : 500PCS<\/p>","protected":false},"featured_media":9170,"template":"","meta":{"_acf_changed":false},"product_brand":[],"product_cat":[361,362],"product_tag":[297],"class_list":{"0":"post-6079","1":"product","2":"type-product","3":"status-publish","4":"has-post-thumbnail","6":"product_cat-face-protection","7":"product_cat-welding-helmet","8":"product_tag-german-style-welding-mask","10":"first","11":"instock","12":"product-type-simple"},"acf":[],"_links":{"self":[{"href":"https:\/\/toprisesafety.com\/fr\/wp-json\/wp\/v2\/product\/6079"}],"collection":[{"href":"https:\/\/toprisesafety.com\/fr\/wp-json\/wp\/v2\/product"}],"about":[{"href":"https:\/\/toprisesafety.com\/fr\/wp-json\/wp\/v2\/types\/product"}],"wp:featuredmedia":[{"embeddable":true,"href":"https:\/\/toprisesafety.com\/fr\/wp-json\/wp\/v2\/media\/9170"}],"wp:attachment":[{"href":"https:\/\/toprisesafety.com\/fr\/wp-json\/wp\/v2\/media?parent=6079"}],"wp:term":[{"taxonomy":"product_brand","embeddable":true,"href":"https:\/\/toprisesafety.com\/fr\/wp-json\/wp\/v2\/product_brand?post=6079"},{"taxonomy":"product_cat","embeddable":true,"href":"https:\/\/toprisesafety.com\/fr\/wp-json\/wp\/v2\/product_cat?post=6079"},{"taxonomy":"product_tag","embeddable":true,"href":"https:\/\/toprisesafety.com\/fr\/wp-json\/wp\/v2\/product_tag?post=6079"}],"curies":[{"name":"wp","href":"https:\/\/api.w.org\/{rel}","templated":true}]}}