{"id":6069,"date":"2018-02-23T12:54:54","date_gmt":"2018-02-23T12:54:54","guid":{"rendered":"https:\/\/toprisesafety.com\/product\/welding-mask-match-helmet\/"},"modified":"2025-03-24T04:49:29","modified_gmt":"2025-03-24T04:49:29","slug":"welding-mask-match-helmet","status":"publish","type":"product","link":"https:\/\/toprisesafety.com\/fr\/produit\/welding-mask-match-helmet\/","title":{"rendered":"Masque de soudage compatible avec le casque"},"content":{"rendered":"<h2><strong><span style=\"font-size: 130%;\">Masque de soudage compatible avec le casque<\/span><\/strong><\/h2>\n<ul>\n<li style=\"list-style-type: none;\">\n<ul>\n<li>Coque r\u00e9sistante aux chocs, mat\u00e9riau PP<\/li>\n<\/ul>\n<\/li>\n<\/ul>\n<ul>\n<li style=\"list-style-type: none;\">\n<ul>\n<li><span data-spm-anchor-id=\"a2700.details.pronpeci14.i1.76ef6f9601YwsX\">Taille de la zone de visualisation : 108 mm x 50 mm<\/span><\/li>\n<\/ul>\n<\/li>\n<\/ul>\n<ul>\n<li style=\"list-style-type: none;\">\n<ul>\n<li>Compatible avec le casque de s\u00e9curit\u00e9<\/li>\n<\/ul>\n<\/li>\n<\/ul>\n<ul>\n<li style=\"list-style-type: none;\">\n<ul>\n<li>\u00a0Adapt\u00e9 au soudage, au d\u00e9coupage, \u00e0 la d\u00e9coupe au gaz, etc.<\/li>\n<\/ul>\n<\/li>\n<\/ul>\n<ul>\n<li style=\"list-style-type: none;\">\n<ul>\n<li>L'adoption de lentilles anti-UV et IR permet de prot\u00e9ger efficacement les yeux de l'utilisateur.<\/li>\n<\/ul>\n<\/li>\n<\/ul>\n<ul>\n<li style=\"list-style-type: none;\">\n<ul>\n<li data-spm-anchor-id=\"a2700.details.pronpeci14.i0.76ef6f9601YwsX\">Le logo du client est disponible en ajoutant un autocollant<\/li>\n<\/ul>\n<\/li>\n<\/ul>\n<ul>\n<li style=\"list-style-type: none;\">\n<ul>\n<li data-spm-anchor-id=\"a2700.details.pronpeci14.i0.76ef6f9601YwsX\">Design de remplissage \u00e0 l'avant<\/li>\n<\/ul>\n<\/li>\n<\/ul>\n<ul>\n<li style=\"list-style-type: none;\">\n<ul>\n<li data-spm-anchor-id=\"a2700.details.pronpeci14.i0.76ef6f9601YwsX\">Remplacement rapide et facile des lentilles :<strong>\u00a0<\/strong>Gr\u00e2ce \u00e0 la conception brevet\u00e9e, les lentilles de filtre et les lentilles de couverture peuvent \u00eatre install\u00e9es et retir\u00e9es facilement et rapidement.<\/li>\n<\/ul>\n<\/li>\n<\/ul>\n<ul>\n<li style=\"list-style-type: none;\">\n<ul>\n<li data-spm-anchor-id=\"a2700.details.pronpeci14.i0.76ef6f9601YwsX\">Comprend la r\u00e9sistance aux chocs frontaux et lat\u00e9raux.<\/li>\n<\/ul>\n<\/li>\n<\/ul>\n<ul>\n<li style=\"list-style-type: none;\">\n<ul>\n<li data-spm-anchor-id=\"a2700.details.pronpeci14.i0.76ef6f9601YwsX\">Att\u00e9nuation de la lumi\u00e8re :<strong>\u00a0<\/strong>La coque du casque de soudage peut bloquer la lumi\u00e8re nocive pendant le processus de soudage, et aucune lumi\u00e8re non surveill\u00e9e n'est visible dans n'importe quelle position du casque de soudage.<\/li>\n<\/ul>\n<\/li>\n<\/ul>\n<table>\n<tbody>\n<tr>\n<td width=\"284\">Art No.<\/td>\n<td width=\"284\">WM06<\/td>\n<\/tr>\n<tr>\n<td width=\"284\">Mat\u00e9riau<\/td>\n<td width=\"284\">PP<\/td>\n<\/tr>\n<tr>\n<td width=\"284\">Voir la zone<\/td>\n<td width=\"284\">Lunettes de soudage taille 108*50*3mm<\/td>\n<\/tr>\n<tr>\n<td width=\"284\">No. de la teinte<\/td>\n<td width=\"284\">#11 noir (#7-#14 au choix)<\/td>\n<\/tr>\n<tr>\n<td width=\"284\">Structure<\/td>\n<td width=\"284\">Compatible avec le casque de s\u00e9curit\u00e9<\/td>\n<\/tr>\n<tr>\n<td width=\"284\">Conception<\/td>\n<td width=\"284\">Mod\u00e8le de remplissage<\/td>\n<\/tr>\n<tr>\n<td width=\"284\">Emballage<\/td>\n<td width=\"284\">1PC\/sac en poly\u00e9thyl\u00e8ne, 20PCS\/CTN<\/td>\n<\/tr>\n<tr>\n<td width=\"284\">Taille du carton<\/td>\n<td width=\"284\">49*44*38CM<\/td>\n<\/tr>\n<tr>\n<td width=\"284\">N\/G.W<\/td>\n<td width=\"284\">18\/16KGS<\/td>\n<\/tr>\n<\/tbody>\n<\/table>\n<p>TOPRISE prend en charge diff\u00e9rents styles de masques et de casques de soudure personnalisables.<a href=\"https:\/\/toprisesafety.com\/fr\/categorie-produit\/personal-protective-equipment\/face-protection\/welding-helmet\/\"> voir d'autres mod\u00e8les de masques et de casques de soudure.<\/a><\/p>\n<p>Si vous ne trouvez pas les masques et les casques de soudure dont vous avez besoin, <a href=\"https:\/\/toprisesafety.com\/fr\/contact-us\/\">nous contacter<\/a>; nous prenons en charge la personnalisation sp\u00e9ciale.<\/p>","protected":false},"excerpt":{"rendered":"<p>N\u00b0 d'art : WM06<\/p>\n<p>Mat\u00e9riau : PP<\/p>\n<p>Couleur : Noir<\/p>\n<p>N\u00b0 d'abat-jour : #11 (#7-#14 au choix)<\/p>\n<p>MOQ : 500PCS<\/p>","protected":false},"featured_media":6071,"template":"","meta":{"_acf_changed":false},"product_brand":[],"product_cat":[361,364,362],"product_tag":[291],"class_list":{"0":"post-6069","1":"product","2":"type-product","3":"status-publish","4":"has-post-thumbnail","6":"product_cat-face-protection","7":"product_cat-normal-welding-helmet","8":"product_cat-welding-helmet","9":"product_tag-welding-mask-match-with-helmet","11":"first","12":"instock","13":"product-type-simple"},"acf":[],"_links":{"self":[{"href":"https:\/\/toprisesafety.com\/fr\/wp-json\/wp\/v2\/product\/6069"}],"collection":[{"href":"https:\/\/toprisesafety.com\/fr\/wp-json\/wp\/v2\/product"}],"about":[{"href":"https:\/\/toprisesafety.com\/fr\/wp-json\/wp\/v2\/types\/product"}],"wp:featuredmedia":[{"embeddable":true,"href":"https:\/\/toprisesafety.com\/fr\/wp-json\/wp\/v2\/media\/6071"}],"wp:attachment":[{"href":"https:\/\/toprisesafety.com\/fr\/wp-json\/wp\/v2\/media?parent=6069"}],"wp:term":[{"taxonomy":"product_brand","embeddable":true,"href":"https:\/\/toprisesafety.com\/fr\/wp-json\/wp\/v2\/product_brand?post=6069"},{"taxonomy":"product_cat","embeddable":true,"href":"https:\/\/toprisesafety.com\/fr\/wp-json\/wp\/v2\/product_cat?post=6069"},{"taxonomy":"product_tag","embeddable":true,"href":"https:\/\/toprisesafety.com\/fr\/wp-json\/wp\/v2\/product_tag?post=6069"}],"curies":[{"name":"wp","href":"https:\/\/api.w.org\/{rel}","templated":true}]}}