{"id":6062,"date":"2018-02-24T02:19:12","date_gmt":"2018-02-24T02:19:12","guid":{"rendered":"https:\/\/toprisesafety.com\/product\/new-auto-darkening-welding-mask\/"},"modified":"2025-03-24T04:48:04","modified_gmt":"2025-03-24T04:48:04","slug":"new-auto-darkening-welding-mask","status":"publish","type":"product","link":"https:\/\/toprisesafety.com\/fr\/produit\/new-auto-darkening-welding-mask\/","title":{"rendered":"Nouveau masque de soudage \u00e0 obscurcissement automatique"},"content":{"rendered":"<p><strong><span style=\"font-size: 130%;\">Nouveau masque de soudage \u00e0 obscurcissement automatique<\/span><\/strong><\/p>\n<p>Les masques de soudage sont con\u00e7us pour prot\u00e9ger les yeux et le visage des \u00e9tincelles, des projections et des radiations nocives dans des conditions normales de soudage. Le filtre d'assombrissement automatique passe automatiquement d'un \u00e9tat clair \u00e0 un \u00e9tat sombre lorsqu'un arc est produit, et revient \u00e0 l'\u00e9tat clair lorsque le soudage s'arr\u00eate. Ce casque de soudage automatique \u00e0 \u00e9cran LCD de haute qualit\u00e9 est fabriqu\u00e9 \u00e0 partir de mat\u00e9riaux robustes et durables qui garantissent sa long\u00e9vit\u00e9 et sa r\u00e9sistance jour apr\u00e8s jour. Gr\u00e2ce \u00e0 sa grande surface de visualisation, il vous permet de voir votre soudure sous tous les angles. Ce casque peut \u00e9galement \u00eatre utilis\u00e9 pour couper, avec une gamme de teintes DIN9-13, et il sert \u00e9galement d'\u00e9cran de protection en ne s'assombrissant pas pendant le meulage.<\/p>\n<h2><strong>Sp\u00e9cification du nouveau masque de soudage \u00e0 assombrissement automatique :<\/strong><\/h2>\n<table>\n<tbody>\n<tr>\n<td width=\"284\">Art No.<\/td>\n<td width=\"284\">WMA04<\/td>\n<\/tr>\n<tr>\n<td width=\"284\">Ombrage variable<\/td>\n<td width=\"284\">Din9-13<\/td>\n<\/tr>\n<tr>\n<td width=\"284\">R\u00e9glage de l'obscurit\u00e9<\/td>\n<td width=\"284\">Externe<\/td>\n<\/tr>\n<tr>\n<td width=\"284\">Zone de visualisation<\/td>\n<td width=\"284\">98*44CM<\/td>\n<\/tr>\n<tr>\n<td width=\"284\">Temps de commutation de l'\u00e9cran des casques de s\u00e9curit\u00e9<\/td>\n<td width=\"284\">a) De clair \u00e0 fonc\u00e9 : 1\/25 000s.<\/p>\n<p>b) De l'obscurit\u00e9 \u00e0 la lumi\u00e8re : 0,1~1s.<\/td>\n<\/tr>\n<tr>\n<td width=\"284\">Sensibilit\u00e9<\/td>\n<td width=\"284\">Basse et haute, r\u00e9glable en continu<\/td>\n<\/tr>\n<tr>\n<td width=\"284\">\u00c9tat de la lumi\u00e8re<\/td>\n<td width=\"284\">Abat-jour DIN 4<\/td>\n<\/tr>\n<tr>\n<td width=\"284\">Protection UV\/IR<\/td>\n<td width=\"284\">Jusqu'\u00e0 la nuance DIN 16 en permanence<\/td>\n<\/tr>\n<tr>\n<td width=\"284\">Mise sous tension\/hors tension<\/td>\n<td width=\"284\">Automatique<\/td>\n<\/tr>\n<tr>\n<td width=\"284\">Alimentation \u00e9lectrique<\/td>\n<td width=\"284\">Grandes cellules solaires, deux batteries au lithium<\/td>\n<\/tr>\n<tr>\n<td width=\"284\">Mode<\/td>\n<td width=\"284\">Soudure et rectification<\/td>\n<\/tr>\n<tr>\n<td width=\"284\">Garantie<\/td>\n<td width=\"284\">2 ans<\/td>\n<\/tr>\n<tr>\n<td width=\"284\">Mat\u00e9riau et poids<\/td>\n<td width=\"284\">PP, 0.48kgs.<\/td>\n<\/tr>\n<tr>\n<td width=\"284\">R\u00e9sistance au feu<\/td>\n<td width=\"284\">Oui<\/td>\n<\/tr>\n<tr>\n<td width=\"284\">Dimension<\/td>\n<td width=\"284\">360mm*240mm*230mm<\/td>\n<\/tr>\n<tr>\n<td width=\"284\">Temp\u00e9rature de fonctionnement<\/td>\n<td width=\"284\">-10\u2103~\uff0b55\u2103<\/td>\n<\/tr>\n<tr>\n<td width=\"284\">Temp\u00e9rature de stockage<\/td>\n<td width=\"284\">-20\u2103~\uff0b70\u2103.<\/td>\n<\/tr>\n<\/tbody>\n<\/table>\n<p>&nbsp;<\/p>\n<div><strong><span style=\"font-size: 200%;\">Atelier d'usine :<\/span><\/strong><\/div>\n<div><img fetchpriority=\"high\" decoding=\"async\" class=\"alignnone size-full wp-image-737\" src=\"https:\/\/toprisesafety.com\/wp-content\/uploads\/2024\/08\/AUTO-WELDING-HELMET-FACTORY-PHOTOS-.jpg\" alt=\"\" width=\"687\" height=\"687\" \/><\/div>\n<div>\n<p>TOPRISE prend en charge diff\u00e9rents styles de masques et de casques de soudure personnalisables.<a href=\"https:\/\/toprisesafety.com\/fr\/categorie-produit\/personal-protective-equipment\/face-protection\/welding-helmet\/\"> voir d'autres mod\u00e8les de masques et de casques de soudure.<\/a><\/p>\n<p>Si vous ne trouvez pas les masques et les casques de soudure dont vous avez besoin, <a href=\"https:\/\/toprisesafety.com\/fr\/contact-us\/\">nous contacter<\/a>; nous prenons en charge la personnalisation sp\u00e9ciale.<\/p>\n<\/div>","protected":false},"excerpt":{"rendered":"<p>N\u00b0 d'art : WMA04<\/p>\n<p>Couleur : dos<\/p>\n<p>Zone de visualisation : 98*44CM<\/p>\n<p>Teinte variable :  DIN9-13<\/p>\n<p>MOQ : 60PCS<\/p>","protected":false},"featured_media":6064,"template":"","meta":{"_acf_changed":false},"product_brand":[],"product_cat":[363,361,362],"product_tag":[287],"class_list":{"0":"post-6062","1":"product","2":"type-product","3":"status-publish","4":"has-post-thumbnail","6":"product_cat-auto-welding-helmet","7":"product_cat-face-protection","8":"product_cat-welding-helmet","9":"product_tag-new-auto-darkening-welding-mask","11":"first","12":"instock","13":"product-type-simple"},"acf":[],"_links":{"self":[{"href":"https:\/\/toprisesafety.com\/fr\/wp-json\/wp\/v2\/product\/6062"}],"collection":[{"href":"https:\/\/toprisesafety.com\/fr\/wp-json\/wp\/v2\/product"}],"about":[{"href":"https:\/\/toprisesafety.com\/fr\/wp-json\/wp\/v2\/types\/product"}],"wp:featuredmedia":[{"embeddable":true,"href":"https:\/\/toprisesafety.com\/fr\/wp-json\/wp\/v2\/media\/6064"}],"wp:attachment":[{"href":"https:\/\/toprisesafety.com\/fr\/wp-json\/wp\/v2\/media?parent=6062"}],"wp:term":[{"taxonomy":"product_brand","embeddable":true,"href":"https:\/\/toprisesafety.com\/fr\/wp-json\/wp\/v2\/product_brand?post=6062"},{"taxonomy":"product_cat","embeddable":true,"href":"https:\/\/toprisesafety.com\/fr\/wp-json\/wp\/v2\/product_cat?post=6062"},{"taxonomy":"product_tag","embeddable":true,"href":"https:\/\/toprisesafety.com\/fr\/wp-json\/wp\/v2\/product_tag?post=6062"}],"curies":[{"name":"wp","href":"https:\/\/api.w.org\/{rel}","templated":true}]}}