{"id":6044,"date":"2018-02-24T04:21:55","date_gmt":"2018-02-24T04:21:55","guid":{"rendered":"https:\/\/toprisesafety.com\/product\/new-fashion-safety-glasses\/"},"modified":"2025-03-14T07:09:17","modified_gmt":"2025-03-14T07:09:17","slug":"clear-safety-glasses","status":"publish","type":"product","link":"https:\/\/toprisesafety.com\/fr\/produit\/clear-safety-glasses\/","title":{"rendered":"Lunettes de s\u00e9curit\u00e9 transparentes"},"content":{"rendered":"<h2>Lunettes de s\u00e9curit\u00e9 transparentes<\/h2>\n<ul>\n<li style=\"list-style-type: none;\">\n<ul>\n<li data-spm-anchor-id=\"a2700.details.pronpeci14.i1.27d3343eMQ2sgq\">Mod\u00e8le sport, lentilles en PC et plaquettes de nez en caoutchouc souple pour les jambes<\/li>\n<\/ul>\n<\/li>\n<\/ul>\n<ul>\n<li style=\"list-style-type: none;\">\n<ul>\n<li>Lentille monobloc, L\u00e9g\u00e8ret\u00e9<\/li>\n<\/ul>\n<\/li>\n<\/ul>\n<ul>\n<li style=\"list-style-type: none;\">\n<ul>\n<li>Couleur des lentilles : transparentes, grises, jaunes, rouges, bleues, etc.<\/li>\n<\/ul>\n<\/li>\n<\/ul>\n<ul>\n<li style=\"list-style-type: none;\">\n<ul>\n<li>Oculaire en polycarbonate r\u00e9sistant aux rayures et aux chocs<\/li>\n<\/ul>\n<\/li>\n<\/ul>\n<ul>\n<li style=\"list-style-type: none;\">\n<ul>\n<li>Lentilles trait\u00e9es anti-bu\u00e9e pour les applications chimiques et m\u00e9dicales (en option)<\/li>\n<\/ul>\n<\/li>\n<\/ul>\n<ul>\n<li style=\"list-style-type: none;\">\n<ul>\n<li>Protection UV400, conforme aux normes CE et ANSI<\/li>\n<\/ul>\n<\/li>\n<\/ul>\n<ul>\n<li style=\"list-style-type: none;\">\n<ul>\n<li>Ajustement confortable et s\u00fbr de la largeur de la jambe<\/li>\n<\/ul>\n<\/li>\n<\/ul>\n<p align=\"left\"><strong>Caract\u00e9ristiques des lentilles de diff\u00e9rentes couleurs :<\/strong><\/p>\n<ul>\n<li style=\"list-style-type: none;\">\n<ul>\n<li>Gris : Ext\u00e9rieur. 100% Protection UVA&amp;UVB<\/li>\n<\/ul>\n<\/li>\n<\/ul>\n<ul>\n<li style=\"list-style-type: none;\">\n<ul>\n<li>Clair : Usage g\u00e9n\u00e9ral<\/li>\n<\/ul>\n<\/li>\n<\/ul>\n<ul>\n<li style=\"list-style-type: none;\">\n<ul>\n<li>Jaune : Conduite de nuit et pilotage. L'absorption de la lumi\u00e8re bleue dans le domaine visible permet d'am\u00e9liorer le contraste.<\/li>\n<\/ul>\n<\/li>\n<\/ul>\n<ul>\n<li style=\"list-style-type: none;\">\n<ul>\n<li>Rouge : m\u00e9lange sp\u00e9cial d'UV. Rayons r\u00e9sistants au laser<\/li>\n<\/ul>\n<\/li>\n<\/ul>\n<ul>\n<li style=\"list-style-type: none;\">\n<ul>\n<li>Orange : Vue douce. Filtre la longueur d'onde \u00e9lectrique et le rayon infrarouge.<\/li>\n<\/ul>\n<\/li>\n<\/ul>\n<ul>\n<li style=\"list-style-type: none;\">\n<ul>\n<li>Rev\u00eatement miroir l\u00e9ger : protection contre les chocs violents et les rayons UV nocifs pour les applications int\u00e9rieures et ext\u00e9rieures sans changement de lentille.<\/li>\n<\/ul>\n<\/li>\n<\/ul>\n<h2><strong>Lunettes de s\u00e9curit\u00e9 transparentes :<\/strong><\/h2>\n<table>\n<tbody>\n<tr>\n<td width=\"284\">Art No.<\/td>\n<td width=\"284\">SG07<\/td>\n<\/tr>\n<tr>\n<td width=\"284\">Mat\u00e9riau<\/td>\n<td width=\"284\">Lentille et jambes en PC, coussinet nasal en caoutchouc souple<\/td>\n<\/tr>\n<tr>\n<td width=\"284\">Fonction<\/td>\n<td width=\"284\">Anti-UV, anti-rayures, anti-bu\u00e9e au choix<\/td>\n<\/tr>\n<tr>\n<td width=\"284\">Taille<\/td>\n<td width=\"284\">Taille adulte standard<\/td>\n<\/tr>\n<tr>\n<td width=\"284\">Couleur<\/td>\n<td width=\"284\">Noir, gris, jaune, transparent, bleu, etc.<\/td>\n<\/tr>\n<tr>\n<td width=\"284\">Emballage<\/td>\n<td width=\"284\">Sac en poly\u00e9thyl\u00e8ne, carte de t\u00eate, bo\u00eete blister, bo\u00eete de couleur, etc.<\/td>\n<\/tr>\n<tr>\n<td width=\"284\">Application<\/td>\n<td width=\"284\">Construction, industrie, exploitation mini\u00e8re, agriculture, \u00e9quitation, laboratoire, arm\u00e9e, p\u00e9trole, etc.<\/td>\n<\/tr>\n<\/tbody>\n<\/table>\n<p>TOPRISE prend en charge la personnalisation de diff\u00e9rents styles de lunettes de s\u00e9curit\u00e9 et de lunettes de soudure. <a href=\"https:\/\/toprisesafety.com\/fr\/categorie-produit\/personal-protective-equipment\/eye-protection\/safety-glasses\/\">voir d'autres mod\u00e8les de lunettes de s\u00e9curit\u00e9 et de lunettes de soudure<\/a>.<\/p>\n<p>Si vous ne trouvez pas les lunettes de s\u00e9curit\u00e9 et de soudure dont vous avez besoin, <a href=\"https:\/\/toprisesafety.com\/fr\/contact-us\/\">nous contacter<\/a>; nous prenons en charge la personnalisation sp\u00e9ciale.<\/p>","protected":false},"excerpt":{"rendered":"<p>No. d'art : SG07<\/p>\n<p>Mat\u00e9riau : Lentille et branches en PC, coussinet nasal en caoutchouc souple<\/p>\n<p>Couleur : transparent, gris fonc\u00e9, jaune, bleu, etc.<\/p>\n<p>Caract\u00e9ristiques : Anti-UV, anti-rayures, anti-bu\u00e9e au choix<\/p>\n<p>MOQ : 1200PCS, couleur sp\u00e9ciale 3000PCS<\/p>","protected":false},"featured_media":6045,"template":"","meta":{"_acf_changed":false},"product_brand":[],"product_cat":[357,360],"product_tag":[274],"class_list":{"0":"post-6044","1":"product","2":"type-product","3":"status-publish","4":"has-post-thumbnail","6":"product_cat-eye-protection","7":"product_cat-safety-glasses","8":"product_tag-new-fashion-safety-glasses","10":"first","11":"instock","12":"product-type-simple"},"acf":[],"_links":{"self":[{"href":"https:\/\/toprisesafety.com\/fr\/wp-json\/wp\/v2\/product\/6044"}],"collection":[{"href":"https:\/\/toprisesafety.com\/fr\/wp-json\/wp\/v2\/product"}],"about":[{"href":"https:\/\/toprisesafety.com\/fr\/wp-json\/wp\/v2\/types\/product"}],"wp:featuredmedia":[{"embeddable":true,"href":"https:\/\/toprisesafety.com\/fr\/wp-json\/wp\/v2\/media\/6045"}],"wp:attachment":[{"href":"https:\/\/toprisesafety.com\/fr\/wp-json\/wp\/v2\/media?parent=6044"}],"wp:term":[{"taxonomy":"product_brand","embeddable":true,"href":"https:\/\/toprisesafety.com\/fr\/wp-json\/wp\/v2\/product_brand?post=6044"},{"taxonomy":"product_cat","embeddable":true,"href":"https:\/\/toprisesafety.com\/fr\/wp-json\/wp\/v2\/product_cat?post=6044"},{"taxonomy":"product_tag","embeddable":true,"href":"https:\/\/toprisesafety.com\/fr\/wp-json\/wp\/v2\/product_tag?post=6044"}],"curies":[{"name":"wp","href":"https:\/\/api.w.org\/{rel}","templated":true}]}}