{"id":6042,"date":"2018-02-24T04:34:47","date_gmt":"2018-02-24T04:34:47","guid":{"rendered":"https:\/\/toprisesafety.com\/product\/welding-goggles-eye-protective-welding-glasses\/"},"modified":"2025-03-24T03:37:39","modified_gmt":"2025-03-24T03:37:39","slug":"welding-goggles-eye-protective-welding-glasses","status":"publish","type":"product","link":"https:\/\/toprisesafety.com\/fr\/produit\/welding-goggles-eye-protective-welding-glasses\/","title":{"rendered":"Lunettes de soudure lunettes de protection pour les yeux lunettes de soudure"},"content":{"rendered":"<p><strong><span style=\"font-size: 130%;\">Lunettes de soudure lunettes de protection pour les yeux lunettes de soudure <\/span><\/strong><\/p>\n<p>- Conception \u00e0 bascule avec positionnement de verrouillage ouvert\/ferm\u00e9, facile \u00e0 utiliser ;<\/p>\n<p>- Le syst\u00e8me d'a\u00e9ration fine permet un port confortable ;<\/p>\n<p><span data-spm-anchor-id=\"a2700.details.pronpeci14.i1.19ea47ba4lvn7Y\">- Les lentilles int\u00e9rieures sont transparentes, les lentilles ext\u00e9rieures adoptent un verre inorganique color\u00e9 ;<\/span><\/p>\n<p>- S'adapte \u00e0 la protection lors du soudage au gaz, du brasage, du d\u00e9coupage au gaz, etc.<\/p>\n<p data-spm-anchor-id=\"a2700.details.pronpeci14.i0.19ea47ba4lvn7Y\">- Protection Grade : 5th Grade.<\/p>\n<h2 data-spm-anchor-id=\"a2700.details.pronpeci14.i0.19ea47ba4lvn7Y\"><strong>Lunettes de soudage lunettes de protection pour le soudage sp\u00e9cifications :\u00a0<\/strong><\/h2>\n<table>\n<tbody>\n<tr>\n<td width=\"284\">Art No.<\/td>\n<td width=\"284\">GT01<\/td>\n<\/tr>\n<tr>\n<td width=\"284\">Mat\u00e9riau<\/td>\n<td width=\"284\">Monture en PVC, lentille int\u00e9rieure en PVC transparent, lentille ext\u00e9rieure en verre de s\u00e9curit\u00e9 noir<\/td>\n<\/tr>\n<tr>\n<td width=\"284\">Prot\u00e9ger le grade<\/td>\n<td width=\"284\">5\u00e8me ann\u00e9e<\/td>\n<\/tr>\n<tr>\n<td width=\"284\">Couleur<\/td>\n<td width=\"284\">Vert, bleu, etc.<\/td>\n<\/tr>\n<tr>\n<td width=\"284\">Emballage<\/td>\n<td width=\"284\">Sac en poly\u00e9thyl\u00e8ne, carte de t\u00eate, bo\u00eete blister, bo\u00eete de couleur, etc.<\/td>\n<\/tr>\n<tr>\n<td width=\"284\">Application<\/td>\n<td width=\"284\">Travaux de soudure<\/td>\n<\/tr>\n<\/tbody>\n<\/table>\n<p>&nbsp;<\/p>\n<p>TOPRISE prend en charge la personnalisation de diff\u00e9rents styles de lunettes de s\u00e9curit\u00e9 et de lunettes de soudure. <a href=\"https:\/\/toprisesafety.com\/fr\/categorie-produit\/personal-protective-equipment\/eye-protection\/safety-glasses\/\">voir d'autres mod\u00e8les de lunettes de s\u00e9curit\u00e9 et de lunettes de soudure.<\/a><\/p>\n<p>Si vous ne trouvez pas les lunettes de s\u00e9curit\u00e9 et de soudure dont vous avez besoin, <a href=\"https:\/\/toprisesafety.com\/fr\/contact-us\/\">nous contacter<\/a>; nous prenons en charge la personnalisation sp\u00e9ciale.<\/p>\n<p>&nbsp;<\/p>\n<p class=\"product-title entry-title\"><strong><span style=\"font-size: 200%;\">Plus de mod\u00e8les de lunettes de soudage au choix :<\/span><\/strong><\/p>\n<p>&nbsp;<\/p>\n<figure id=\"attachment_761\" class=\"wp-caption alignnone\" style=\"width: 720px;\" aria-describedby=\"caption-attachment-761\"><a href=\"https:\/\/toprisesafety.com\/fr\/produit\/eye-protection-welding-goggles\/\"><img fetchpriority=\"high\" decoding=\"async\" class=\"size-full wp-image-761\" src=\"https:\/\/toprisesafety.com\/wp-content\/uploads\/2024\/08\/WG02-1.jpg\" alt=\"Eye protection welding goggles\" width=\"720\" height=\"720\" \/><\/a><figcaption id=\"caption-attachment-761\" class=\"wp-caption-text\">Protection des yeux lunettes de soudure<\/figcaption><\/figure>","protected":false},"excerpt":{"rendered":"<p>N\u00b0 d'art : WG01<\/p>\n<p>Mat\u00e9riau : Monture en PVC, lentille int\u00e9rieure en PVC transparent, lentille ext\u00e9rieure en verre de s\u00e9curit\u00e9 noir<\/p>\n<p>Couleur : vert, bleu, etc.<\/p>\n<p>Ann\u00e9e d'\u00e9tudes : 5\u00e8me ann\u00e9e<\/p>\n<p>MOQ : 1200PCS, couleur sp\u00e9ciale 3000PCS<\/p>","protected":false},"featured_media":6039,"template":"","meta":{"_acf_changed":false},"product_brand":[],"product_cat":[357,360],"product_tag":[272],"class_list":{"0":"post-6042","1":"product","2":"type-product","3":"status-publish","4":"has-post-thumbnail","6":"product_cat-eye-protection","7":"product_cat-safety-glasses","8":"product_tag-welding-goggles","10":"first","11":"instock","12":"product-type-simple"},"acf":[],"_links":{"self":[{"href":"https:\/\/toprisesafety.com\/fr\/wp-json\/wp\/v2\/product\/6042"}],"collection":[{"href":"https:\/\/toprisesafety.com\/fr\/wp-json\/wp\/v2\/product"}],"about":[{"href":"https:\/\/toprisesafety.com\/fr\/wp-json\/wp\/v2\/types\/product"}],"wp:featuredmedia":[{"embeddable":true,"href":"https:\/\/toprisesafety.com\/fr\/wp-json\/wp\/v2\/media\/6039"}],"wp:attachment":[{"href":"https:\/\/toprisesafety.com\/fr\/wp-json\/wp\/v2\/media?parent=6042"}],"wp:term":[{"taxonomy":"product_brand","embeddable":true,"href":"https:\/\/toprisesafety.com\/fr\/wp-json\/wp\/v2\/product_brand?post=6042"},{"taxonomy":"product_cat","embeddable":true,"href":"https:\/\/toprisesafety.com\/fr\/wp-json\/wp\/v2\/product_cat?post=6042"},{"taxonomy":"product_tag","embeddable":true,"href":"https:\/\/toprisesafety.com\/fr\/wp-json\/wp\/v2\/product_tag?post=6042"}],"curies":[{"name":"wp","href":"https:\/\/api.w.org\/{rel}","templated":true}]}}